{"id":274923,"date":"2025-03-03T19:13:19","date_gmt":"2025-03-20T10:47:44","guid":{"rendered":"https:\/\/staging.nbg.eu\/product\/bore-tech-patch-guide\/"},"modified":"2025-03-20T10:50:11","modified_gmt":"2025-03-20T10:50:11","slug":"bore-tech-vodic-za-krpice","status":"publish","type":"product","link":"https:\/\/staging.nbg.eu\/hr\/proizvod\/bore-tech-vodic-za-krpice\/","title":{"rendered":"Bore Tech Vodi\u010d za Krpice"},"content":{"rendered":"<h2>Bore Tech vodi\u010d za zakrpe za AR-15\/AR-10<\/h2>\n<p>Bore Tech vodi\u010d za zakrpe je sustav za postavljanje zakrpa bez ruku koji pojednostavljuje proces \u010di\u0161\u0107enja.<\/p>\n<ul>\n<li>CNC strojno obra\u0111ene aluminijske komponente<\/li>\n<li>Anodizirani zavr\u0161ni sloj za izdr\u017eljivost<\/li>\n<li>Poravnava \u0161ipku za \u010di\u0161\u0107enje s cijevi pu\u0161ke<\/li>\n<li>Sprje\u010dava o\u0161te\u0107enje brave i rubova komore<\/li>\n<li>Zamjenjivi prednji adapteri otporni na otapala<\/li>\n<li>Dostupno za razli\u010dite kalibra AR-15 i AR-10<\/li>\n<\/ul>\n<p>Olak\u0161ava \u010di\u0161\u0107enje i \u0161titi pu\u0161ku i \u0161ipku za \u010di\u0161\u0107enje. Bore Tech vodi\u010d za zakrpe je alat za vlasnike oru\u017eja. Proizvedeno u SAD-u.<\/p>\n<p><strong>Odaberite Bore Tech.<\/strong><\/p>\n","protected":false},"excerpt":{"rendered":"<p>Jednostavno \u010di\u0161\u0107enje AR-15\/AR-10 bez nereda, s dr\u017ea\u010dem za krpice bez upotrebe ruku.<\/p>\n","protected":false},"featured_media":235519,"template":"","meta":{"_acf_changed":false},"product_brand":[11147],"product_cat":[13550,13534,13576],"product_tag":[],"class_list":{"0":"post-274923","1":"product","2":"type-product","3":"status-publish","4":"has-post-thumbnail","6":"product_brand-boretech","7":"product_cat-ciscenje-oruzja","8":"product_cat-krpice-i-cistaci","9":"product_cat-zakrpe","10":"pa_model-ar-10-hr","11":"pa_model-ar-15-hr","13":"first","14":"instock","15":"taxable","16":"shipping-taxable","17":"purchasable","18":"product-type-variable","19":"wvs-archive-product-wrapper"},"acf":[],"_links":{"self":[{"href":"https:\/\/staging.nbg.eu\/hr\/wp-json\/wp\/v2\/product\/274923","targetHints":{"allow":["GET"]}}],"collection":[{"href":"https:\/\/staging.nbg.eu\/hr\/wp-json\/wp\/v2\/product"}],"about":[{"href":"https:\/\/staging.nbg.eu\/hr\/wp-json\/wp\/v2\/types\/product"}],"wp:featuredmedia":[{"embeddable":true,"href":"https:\/\/staging.nbg.eu\/hr\/wp-json\/wp\/v2\/media\/235519"}],"wp:attachment":[{"href":"https:\/\/staging.nbg.eu\/hr\/wp-json\/wp\/v2\/media?parent=274923"}],"wp:term":[{"taxonomy":"product_brand","embeddable":true,"href":"https:\/\/staging.nbg.eu\/hr\/wp-json\/wp\/v2\/product_brand?post=274923"},{"taxonomy":"product_cat","embeddable":true,"href":"https:\/\/staging.nbg.eu\/hr\/wp-json\/wp\/v2\/product_cat?post=274923"},{"taxonomy":"product_tag","embeddable":true,"href":"https:\/\/staging.nbg.eu\/hr\/wp-json\/wp\/v2\/product_tag?post=274923"}],"curies":[{"name":"wp","href":"https:\/\/api.w.org\/{rel}","templated":true}]}}