{"id":274624,"date":"2025-03-06T20:28:07","date_gmt":"2025-03-20T09:59:13","guid":{"rendered":"https:\/\/staging.nbg.eu\/product\/3m-peltor-protac-iii-slim-headset\/"},"modified":"2025-03-20T10:02:14","modified_gmt":"2025-03-20T10:02:14","slug":"3m-peltor-protac-iii-slim-slusalice","status":"publish","type":"product","link":"https:\/\/staging.nbg.eu\/hr\/proizvod\/3m-peltor-protac-iii-slim-slusalice\/","title":{"rendered":"3M PELTOR ProTac III Slim Slu\u0161alice"},"content":{"rendered":"<div class=\"product-description\">\n<h2>3M\u2122 PELTOR\u2122 ProTac III Slim slu\u0161alice<\/h2>\n<p>ProTac III Slim slu\u0161alice nude za\u0161titu sluha. Ove slu\u0161alice nude:<\/p>\n<ul>\n<li>23dB ocjenu smanjenja buke (NRR) za za\u0161titu<\/li>\n<li>Mikrofone za za\u0161titu sluha ovisnu o razini<\/li>\n<li>Mogu\u0107nost slu\u0161anja okoline za svijest o situaciji<\/li>\n<li>Tehnologiju ograni\u010davanja zvuka koja ograni\u010dava glasno\u0107u zvu\u010dnika na 82 dBA<\/li>\n<li>3.5mm stereo ulaz samo za slu\u0161anje za vanjske ure\u0111aje (mobilne telefone, dvosmjerne radio ure\u0111aje, iPod-e)<\/li>\n<\/ul>\n<p>Zna\u010dajke uklju\u010duju:<\/p>\n<ul>\n<li>Crni dizajn<\/li>\n<li>Udobnu traku za glavu<\/li>\n<li>\u017di\u010danu vezu<\/li>\n<\/ul>\n<p>Namijenjeno za stru\u010dnjake kojima je potrebna mogu\u0107nost komunikacije uz za\u0161titu sluha.<\/p>\n<\/div>\n","protected":false},"excerpt":{"rendered":"<p>Pametna za\u0161tita sluha s ambijentalnim slu\u0161anjem i povezivo\u0161\u0107u s ure\u0111ajima.<\/p>\n","protected":false},"featured_media":245670,"template":"","meta":{"_acf_changed":false},"product_brand":[11008],"product_cat":[13536,13531],"product_tag":[],"class_list":{"0":"post-274624","1":"product","2":"type-product","3":"status-publish","4":"has-post-thumbnail","6":"product_brand-3m","7":"product_cat-oprema","8":"product_cat-zastita-za-usi","10":"first","11":"instock","12":"taxable","13":"shipping-taxable","14":"purchasable","15":"product-type-simple"},"acf":[],"_links":{"self":[{"href":"https:\/\/staging.nbg.eu\/hr\/wp-json\/wp\/v2\/product\/274624","targetHints":{"allow":["GET"]}}],"collection":[{"href":"https:\/\/staging.nbg.eu\/hr\/wp-json\/wp\/v2\/product"}],"about":[{"href":"https:\/\/staging.nbg.eu\/hr\/wp-json\/wp\/v2\/types\/product"}],"wp:featuredmedia":[{"embeddable":true,"href":"https:\/\/staging.nbg.eu\/hr\/wp-json\/wp\/v2\/media\/245670"}],"wp:attachment":[{"href":"https:\/\/staging.nbg.eu\/hr\/wp-json\/wp\/v2\/media?parent=274624"}],"wp:term":[{"taxonomy":"product_brand","embeddable":true,"href":"https:\/\/staging.nbg.eu\/hr\/wp-json\/wp\/v2\/product_brand?post=274624"},{"taxonomy":"product_cat","embeddable":true,"href":"https:\/\/staging.nbg.eu\/hr\/wp-json\/wp\/v2\/product_cat?post=274624"},{"taxonomy":"product_tag","embeddable":true,"href":"https:\/\/staging.nbg.eu\/hr\/wp-json\/wp\/v2\/product_tag?post=274624"}],"curies":[{"name":"wp","href":"https:\/\/api.w.org\/{rel}","templated":true}]}}