{"id":274501,"date":"2025-03-03T19:48:45","date_gmt":"2025-03-03T19:48:45","guid":{"rendered":"https:\/\/staging.nbg.eu\/product\/daa-dry-fire-target-set-classic-ipsc\/"},"modified":"2025-03-20T09:16:27","modified_gmt":"2025-03-20T09:16:27","slug":"daa-komplet-meta-za-suho-gaanje-classic-ipsc","status":"publish","type":"product","link":"https:\/\/staging.nbg.eu\/hr\/proizvod\/daa-komplet-meta-za-suho-gaanje-classic-ipsc\/","title":{"rendered":"DAA Komplet Meta za Suho Ga\u0111anje (Classic-IPSC)"},"content":{"rendered":"<h2>DAA Set meta za suho vje\u017ebanje (Classic-IPSC)<\/h2>\n<p>Vje\u017ebajte svoje vje\u0161tine ga\u0111anja s na\u0161im setom meta za suho vje\u017ebanje, koji uklju\u010duje 20 precizno umanjenih IPSC Classic meta. Pogodne za vje\u017ebanje u zatvorenom prostoru, ove drvene mete izrezane laserom simuliraju realisti\u010dne udaljenosti i slike ni\u0161ana.<\/p>\n<ul>\n<li>3mm debele drvene plo\u010de za izdr\u017eljivost i autenti\u010dnu boju<\/li>\n<li>Veli\u010dine: 32% (18.5cm), 20% (11.5cm) i 12% (6.8cm) punih veli\u010dina meta<\/li>\n<li>Uklju\u010duje 3 male popper mete i djelomi\u010dne mete<\/li>\n<li>Prakti\u010dne rupe za vje\u0161anje za lako postavljanje<\/li>\n<\/ul>\n<p>Pobolj\u0161ajte svoju tehniku ga\u0111anja bez tro\u0161kova streljiva ili vremena na streli\u0161tu. Vje\u017ebajte s vlastitom opremom i razvijte klju\u010dne podsvjesne vje\u0161tine. Postavite mete na udaljenost od 2,5-3 metra kako biste simulirali udaljenosti od 15, 20 i 30 metara. Usavr\u0161ite sliku ni\u0161ana i kontrolu okida\u010da u udobnosti svog doma.<\/p>\n<p>Unaprijedite svoje suho vje\u017ebanje danas s DAA setom meta za suho vje\u017ebanje!<\/p>\n","protected":false},"excerpt":{"rendered":"<p>Realisti\u010dne, umanjene IPSC mete za u\u010dinkovito suho vje\u017ebanje ga\u0111anja kod ku\u0107e.<\/p>\n","protected":false},"featured_media":235918,"template":"","meta":{"_acf_changed":false},"product_brand":[11260],"product_cat":[13567,13542],"product_tag":[],"class_list":{"0":"post-274501","1":"product","2":"type-product","3":"status-publish","4":"has-post-thumbnail","6":"product_brand-doublealpha","7":"product_cat-mete","8":"product_cat-papirnate-mete","10":"first","11":"outofstock","12":"taxable","13":"shipping-taxable","14":"purchasable","15":"product-type-simple"},"acf":[],"_links":{"self":[{"href":"https:\/\/staging.nbg.eu\/hr\/wp-json\/wp\/v2\/product\/274501","targetHints":{"allow":["GET"]}}],"collection":[{"href":"https:\/\/staging.nbg.eu\/hr\/wp-json\/wp\/v2\/product"}],"about":[{"href":"https:\/\/staging.nbg.eu\/hr\/wp-json\/wp\/v2\/types\/product"}],"wp:featuredmedia":[{"embeddable":true,"href":"https:\/\/staging.nbg.eu\/hr\/wp-json\/wp\/v2\/media\/235918"}],"wp:attachment":[{"href":"https:\/\/staging.nbg.eu\/hr\/wp-json\/wp\/v2\/media?parent=274501"}],"wp:term":[{"taxonomy":"product_brand","embeddable":true,"href":"https:\/\/staging.nbg.eu\/hr\/wp-json\/wp\/v2\/product_brand?post=274501"},{"taxonomy":"product_cat","embeddable":true,"href":"https:\/\/staging.nbg.eu\/hr\/wp-json\/wp\/v2\/product_cat?post=274501"},{"taxonomy":"product_tag","embeddable":true,"href":"https:\/\/staging.nbg.eu\/hr\/wp-json\/wp\/v2\/product_tag?post=274501"}],"curies":[{"name":"wp","href":"https:\/\/api.w.org\/{rel}","templated":true}]}}