{"id":236085,"date":"2025-03-03T20:03:09","date_gmt":"2025-03-03T20:03:09","guid":{"rendered":"https:\/\/staging.nbg.eu\/?post_type=product&#038;p=236085"},"modified":"2025-09-30T13:10:53","modified_gmt":"2025-09-30T10:10:53","slug":"drske-kmr-s-modularni-brusni-papir-srebrni","status":"publish","type":"product","link":"https:\/\/staging.nbg.eu\/hr\/proizvod\/drske-kmr-s-modularni-brusni-papir-srebrni\/","title":{"rendered":"DR\u0160KE KMR S Modularni Brusni Papir Srebrni"},"content":{"rendered":"<h2>GRIPS KMR S Modularni brusni papir &#8211; Crni<\/h2>\n<p>Nadogradite svoj KMR S-02 pi\u0161tolj s na\u0161im modularnim rukohvatima od brusnog papira. Izra\u0111eni od anodiziranog duraluminija, ovi duga\u010dki rukohvati pru\u017eaju bolje rukovanje i udobnost.<\/p>\n<h2>Zna\u010dajke:<\/h2>\n<ul>\n<li>Isklju\u010divo za KMR S-02 .22 LR modele<\/li>\n<li>Izdr\u017eljiva konstrukcija od anodiziranog duraluminija<\/li>\n<li>Dizajnirani za uporabu bez vodilice spremnika<\/li>\n<li>Uklju\u010duje torx vijke za jednostavnu instalaciju<\/li>\n<li>Crna zavr\u0161na obrada s KMR logom<\/li>\n<\/ul>\n<p>Napomena: Ovi rukohvati su posebno dizajnirani za 26 mm \u0161iroki aluminijski okvir KMR S-02 i nisu kompatibilni s W-02 ili L-02 veli\u010dinama okvira. Pobolj\u0161ajte svoj hvat i preciznost pucanja s ovim prilago\u0111enim rje\u0161enjem za va\u0161 KMR S-02 pi\u0161tolj.<\/p>\n<dl class=\"data-sheet\">\n<dt class=\"name\">Za oru\u017eje KMR<\/dt>\n<dd class=\"value\">KMR S-01 LANCE (OR)<br \/>\nKMR S-02 DO 2023<\/dd>\n<dt class=\"name\">Odabir po oru\u017eju CZ<\/dt>\n<dd class=\"value\">CZ SHADOW 1<br \/>\nCZ SHADOW 2<br \/>\nCZ SHADOW 2 (OR)<br \/>\nCZ SP-01<\/dd>\n<\/dl>\n","protected":false},"excerpt":{"rendered":"<p>KMR S-02 crna modularna ru\u010dka, kompatibilna s aluminijskim okvirom.<br \/>\n0611-03101-0101<\/p>\n","protected":false},"featured_media":73887,"template":"","meta":{"_acf_changed":false},"product_brand":[11491],"product_cat":[13521],"product_tag":[],"class_list":{"0":"post-236085","1":"product","2":"type-product","3":"status-publish","4":"has-post-thumbnail","6":"product_brand-kmr-precision","7":"product_cat-kmr-dijelovi","9":"first","10":"instock","11":"taxable","12":"shipping-taxable","13":"purchasable","14":"product-type-simple"},"acf":[],"_links":{"self":[{"href":"https:\/\/staging.nbg.eu\/hr\/wp-json\/wp\/v2\/product\/236085","targetHints":{"allow":["GET"]}}],"collection":[{"href":"https:\/\/staging.nbg.eu\/hr\/wp-json\/wp\/v2\/product"}],"about":[{"href":"https:\/\/staging.nbg.eu\/hr\/wp-json\/wp\/v2\/types\/product"}],"wp:featuredmedia":[{"embeddable":true,"href":"https:\/\/staging.nbg.eu\/hr\/wp-json\/wp\/v2\/media\/73887"}],"wp:attachment":[{"href":"https:\/\/staging.nbg.eu\/hr\/wp-json\/wp\/v2\/media?parent=236085"}],"wp:term":[{"taxonomy":"product_brand","embeddable":true,"href":"https:\/\/staging.nbg.eu\/hr\/wp-json\/wp\/v2\/product_brand?post=236085"},{"taxonomy":"product_cat","embeddable":true,"href":"https:\/\/staging.nbg.eu\/hr\/wp-json\/wp\/v2\/product_cat?post=236085"},{"taxonomy":"product_tag","embeddable":true,"href":"https:\/\/staging.nbg.eu\/hr\/wp-json\/wp\/v2\/product_tag?post=236085"}],"curies":[{"name":"wp","href":"https:\/\/api.w.org\/{rel}","templated":true}]}}