{"id":22526,"date":"2024-08-19T17:28:32","date_gmt":"2024-08-19T17:28:32","guid":{"rendered":"https:\/\/staging.nbg.eu\/product\/proizvod-2\/"},"modified":"2024-09-09T15:07:50","modified_gmt":"2024-09-09T15:07:50","slug":"opruga-za-zaustavljac-zatvaraca-kmr","status":"publish","type":"product","link":"https:\/\/staging.nbg.eu\/hr\/proizvod\/opruga-za-zaustavljac-zatvaraca-kmr\/","title":{"rendered":"Opruga Za Zaustavlja\u010d Zatvara\u010da KMR"},"content":{"rendered":"<p>KMR precizni zatik opruge zaustavlja\u010da zatvara\u010da: Izdr\u017eljiv, precizan dosjed.<\/p>\n","protected":false},"excerpt":{"rendered":"<p>Vitalni dio KMR pi\u0161tolja, precizne izrade.<\/p>\n","protected":false},"featured_media":60762,"template":"","meta":{"_acf_changed":false},"product_brand":[],"product_cat":[13521],"product_tag":[],"class_list":{"0":"post-22526","1":"product","2":"type-product","3":"status-publish","4":"has-post-thumbnail","6":"product_cat-kmr-dijelovi","8":"first","9":"instock","10":"taxable","11":"shipping-taxable","12":"product-type-simple"},"acf":[],"_links":{"self":[{"href":"https:\/\/staging.nbg.eu\/hr\/wp-json\/wp\/v2\/product\/22526","targetHints":{"allow":["GET"]}}],"collection":[{"href":"https:\/\/staging.nbg.eu\/hr\/wp-json\/wp\/v2\/product"}],"about":[{"href":"https:\/\/staging.nbg.eu\/hr\/wp-json\/wp\/v2\/types\/product"}],"wp:featuredmedia":[{"embeddable":true,"href":"https:\/\/staging.nbg.eu\/hr\/wp-json\/wp\/v2\/media\/60762"}],"wp:attachment":[{"href":"https:\/\/staging.nbg.eu\/hr\/wp-json\/wp\/v2\/media?parent=22526"}],"wp:term":[{"taxonomy":"product_brand","embeddable":true,"href":"https:\/\/staging.nbg.eu\/hr\/wp-json\/wp\/v2\/product_brand?post=22526"},{"taxonomy":"product_cat","embeddable":true,"href":"https:\/\/staging.nbg.eu\/hr\/wp-json\/wp\/v2\/product_cat?post=22526"},{"taxonomy":"product_tag","embeddable":true,"href":"https:\/\/staging.nbg.eu\/hr\/wp-json\/wp\/v2\/product_tag?post=22526"}],"curies":[{"name":"wp","href":"https:\/\/api.w.org\/{rel}","templated":true}]}}