{"id":213884,"date":"2024-10-31T21:14:39","date_gmt":"2025-02-19T16:22:22","guid":{"rendered":"https:\/\/staging.nbg.eu\/product\/sabre-red-spray-52cft10-mk3-crossfire-gel-1-5oz-45ml\/"},"modified":"2025-02-19T16:25:10","modified_gmt":"2025-02-19T16:25:10","slug":"sabre-red-sprej-52cft10-mk3-crossfire-gel-15oz45ml","status":"publish","type":"product","link":"https:\/\/staging.nbg.eu\/hr\/proizvod\/sabre-red-sprej-52cft10-mk3-crossfire-gel-15oz45ml\/","title":{"rendered":"Sabre Red Sprej 52CFT10 MK3 Crossfire GEL 1.5oz\/45ml"},"content":{"rendered":"<div class=\"product-description\">\n<h2>Sabre Red 52CFT10-G MK-3 Crossfire Stream<\/h2>\n<p>Ovaj 1.5 oz sprej s paprom koriste policijske snage diljem svijeta. Sadr\u017ei ve\u0107u koncentraciju kapsaicinoida. Zna\u010dajke uklju\u010duju:<\/p>\n<ul>\n<li>SABRE Crossfire\u00ae tehnologija za upotrebu iz bilo kojeg kuta<\/li>\n<li>8 jednosekundnih mlazova s dometom od 15-20 stopa<\/li>\n<li>1.33% MC formulacija<\/li>\n<li>Rok trajanja 5 godina<\/li>\n<li>ISO 9001:2008 certificiran<\/li>\n<li>Testiran za o\u010di, ko\u017eu i udisanje<\/li>\n<li>UV boja za identifikaciju osumnji\u010denika<\/li>\n<li>Nezapaljiv i kompatibilan s EID-om<\/li>\n<\/ul>\n<p>Za policijske snage i osobnu za\u0161titu. Proizveden u SAD-u od strane Security Equipment Corp.<\/p>\n<\/div>\n","protected":false},"excerpt":{"rendered":"<p>Sna\u017eni suzavac policijske kvalitete. Crossfire tehnologija, domet 4,5-6 metara.<\/p>\n","protected":false},"featured_media":75064,"template":"","meta":{"_acf_changed":false},"product_brand":[11743],"product_cat":[13559],"product_tag":[],"class_list":{"0":"post-213884","1":"product","2":"type-product","3":"status-publish","4":"has-post-thumbnail","6":"product_brand-sabre","7":"product_cat-edc","9":"first","10":"instock","11":"taxable","12":"shipping-taxable","13":"purchasable","14":"product-type-simple"},"acf":[],"_links":{"self":[{"href":"https:\/\/staging.nbg.eu\/hr\/wp-json\/wp\/v2\/product\/213884","targetHints":{"allow":["GET"]}}],"collection":[{"href":"https:\/\/staging.nbg.eu\/hr\/wp-json\/wp\/v2\/product"}],"about":[{"href":"https:\/\/staging.nbg.eu\/hr\/wp-json\/wp\/v2\/types\/product"}],"wp:featuredmedia":[{"embeddable":true,"href":"https:\/\/staging.nbg.eu\/hr\/wp-json\/wp\/v2\/media\/75064"}],"wp:attachment":[{"href":"https:\/\/staging.nbg.eu\/hr\/wp-json\/wp\/v2\/media?parent=213884"}],"wp:term":[{"taxonomy":"product_brand","embeddable":true,"href":"https:\/\/staging.nbg.eu\/hr\/wp-json\/wp\/v2\/product_brand?post=213884"},{"taxonomy":"product_cat","embeddable":true,"href":"https:\/\/staging.nbg.eu\/hr\/wp-json\/wp\/v2\/product_cat?post=213884"},{"taxonomy":"product_tag","embeddable":true,"href":"https:\/\/staging.nbg.eu\/hr\/wp-json\/wp\/v2\/product_tag?post=213884"}],"curies":[{"name":"wp","href":"https:\/\/api.w.org\/{rel}","templated":true}]}}