{"id":212869,"date":"2024-07-22T11:51:56","date_gmt":"2024-07-22T11:51:56","guid":{"rendered":"https:\/\/staging.nbg.eu\/product\/blue-force-gear-universal-wire-loop\/"},"modified":"2025-02-19T15:16:11","modified_gmt":"2025-02-19T15:16:11","slug":"blue-force-gear-univerzalna-zicana-petlja","status":"publish","type":"product","link":"https:\/\/staging.nbg.eu\/hr\/proizvod\/blue-force-gear-univerzalna-zicana-petlja\/","title":{"rendered":"Blue Force Gear Univerzalna \u017di\u010dana Petlja"},"content":{"rendered":"<h2>Blue Force Gear Univerzalna \u017ei\u010dana petlja<\/h2>\n<p>Univerzalna \u017ei\u010dana petlja (UWL\u2122) je to\u010dka za pri\u010dvr\u0161\u0107ivanje remena dizajnirana za vi\u0161estruke primjene. Dostupna je u duljinama petlje od 3,25&#8243;, 4,5&#8243; i 6,25&#8243;, a sadr\u017ei:<\/p>\n<ul>\n<li>Fleksibilnu \u017eicu od nehr\u0111aju\u0107eg \u010delika oblo\u017eenu najlonom za lako pri\u010dvr\u0161\u0107ivanje<\/li>\n<li>CNC obra\u0111eno 6061-T6 aluminijsko tijelo s nereflektiraju\u0107om zavr\u0161nom obradom<\/li>\n<li>Tvrdo anodizirana za izdr\u017eljivost<\/li>\n<li>Kabel zrakoplovne kvalitete s krajevima s kuglastim bati\u0107em<\/li>\n<li>Ti\u0161a i ja\u010da od tradicionalnih kuka za pri\u010dvr\u0161\u0107ivanje<\/li>\n<li>Ne tro\u0161i u\u0161ice<\/li>\n<\/ul>\n<p>Pogodna za uporabu s Vickers Combat Applications Slings\u2122, UWL\u2122 nudi brojne mogu\u0107nosti pri\u010dvr\u0161\u0107ivanja. Iako ekstremna toplina cijevi mo\u017ee deformirati vanjski premaz, jezgra od nehr\u0111aju\u0107eg \u010delika ostaje netaknuta, osiguravaju\u0107i pouzdanost u zahtjevnim situacijama.<\/p>\n","protected":false},"excerpt":{"rendered":"<p>Svestrani priklju\u010dak za remen s fleksibilnom \u017eicom za razli\u010dite mogu\u0107nosti monta\u017ee.<\/p>\n","protected":false},"featured_media":50057,"template":"","meta":{"_acf_changed":false},"product_brand":[11122],"product_cat":[13536,13532],"product_tag":[],"class_list":{"0":"post-212869","1":"product","2":"type-product","3":"status-publish","4":"has-post-thumbnail","6":"product_brand-blue-force-gear","7":"product_cat-oprema","8":"product_cat-remeni","10":"first","11":"instock","12":"taxable","13":"shipping-taxable","14":"purchasable","15":"product-type-variable","16":"wvs-archive-product-wrapper"},"acf":[],"_links":{"self":[{"href":"https:\/\/staging.nbg.eu\/hr\/wp-json\/wp\/v2\/product\/212869","targetHints":{"allow":["GET"]}}],"collection":[{"href":"https:\/\/staging.nbg.eu\/hr\/wp-json\/wp\/v2\/product"}],"about":[{"href":"https:\/\/staging.nbg.eu\/hr\/wp-json\/wp\/v2\/types\/product"}],"wp:featuredmedia":[{"embeddable":true,"href":"https:\/\/staging.nbg.eu\/hr\/wp-json\/wp\/v2\/media\/50057"}],"wp:attachment":[{"href":"https:\/\/staging.nbg.eu\/hr\/wp-json\/wp\/v2\/media?parent=212869"}],"wp:term":[{"taxonomy":"product_brand","embeddable":true,"href":"https:\/\/staging.nbg.eu\/hr\/wp-json\/wp\/v2\/product_brand?post=212869"},{"taxonomy":"product_cat","embeddable":true,"href":"https:\/\/staging.nbg.eu\/hr\/wp-json\/wp\/v2\/product_cat?post=212869"},{"taxonomy":"product_tag","embeddable":true,"href":"https:\/\/staging.nbg.eu\/hr\/wp-json\/wp\/v2\/product_tag?post=212869"}],"curies":[{"name":"wp","href":"https:\/\/api.w.org\/{rel}","templated":true}]}}