{"id":211944,"date":"2024-07-30T18:47:47","date_gmt":"2025-02-19T14:28:54","guid":{"rendered":"https:\/\/staging.nbg.eu\/product\/surefire-xsc-weaponlight\/"},"modified":"2025-02-19T14:30:24","modified_gmt":"2025-02-19T14:30:24","slug":"surefire-xsc-oruzna-svjetiljka","status":"publish","type":"product","link":"https:\/\/staging.nbg.eu\/hr\/proizvod\/surefire-xsc-oruzna-svjetiljka\/","title":{"rendered":"SureFire XSC Oru\u017ena Svjetiljka"},"content":{"rendered":"<div class=\"product-description\">\n<h2>SureFire XSC ORU\u017dNO SVJETLO<\/h2>\n<p>SureFire XSC je oru\u017eno svjetlo za skriveno no\u0161enje. Dizajnirano je za mikro-kompaktne i sub-kompaktne pi\u0161tolje, te slu\u017ei za osvjetljavanje u uvjetima slabog svjetla.<\/p>\n<h2>Glavne zna\u010dajke:<\/h2>\n<ul>\n<li>350 lumena bijelog svjetla<\/li>\n<li>Hibridni uzorak zrake za identifikaciju meta<\/li>\n<li>Kompaktan i izdr\u017eljiv dizajn<\/li>\n<li>Punjiva litij-polimer baterija s mogu\u0107no\u0161\u0107u brze zamjene<\/li>\n<li>Intuitivno, obostrano upravljanje<\/li>\n<li>Tijelo od anodiziranog aluminija zrakoplovne kvalitete<\/li>\n<li>IPX4 otpornost na vremenske uvjete<\/li>\n<\/ul>\n<h2>Specifikacije:<\/h2>\n<ul>\n<li>Izlaz: 350 Lumena<\/li>\n<li>Vrijeme rada: 30 minuta<\/li>\n<li>Te\u017eina: 48,2 g<\/li>\n<li>Duljina: 4,9 cm<\/li>\n<li>Vr\u0161ni intenzitet zrake: 2.000 Candela<\/li>\n<li>Domet zrake: 90 metara<\/li>\n<\/ul>\n<p>Odaberite odgovaraju\u0107i model za va\u0161e oru\u017eje:<\/p>\n<ul>\n<li>XSC-A za Glock 43X i 48 s vodilicom<\/li>\n<li>XSC-P365 za SIG SAUER P365 i P365 XL<\/li>\n<li>XSC-HELLCAT za Springfield Armory Hellcat<\/li>\n<li>XSC-B za razne druge sub-kompaktne modele<\/li>\n<\/ul>\n<p>SureFire XSC ORU\u017dNO SVJETLO je opcija za osvjetljavanje u kriti\u010dnim situacijama.<\/p>\n<\/div>\n","protected":false},"excerpt":{"rendered":"<p>Kompaktno, sna\u017eno svjetlo od 350 lumena za skriveno no\u0161enje pi\u0161tolja.<\/p>\n","protected":false},"featured_media":211945,"template":"","meta":{"_acf_changed":false},"product_brand":[11859],"product_cat":[13526,13553,13560],"product_tag":[],"class_list":{"0":"post-211944","1":"product","2":"type-product","3":"status-publish","4":"has-post-thumbnail","6":"product_brand-surefire","7":"product_cat-pistolj","8":"product_cat-pistoljska-svjetla","9":"product_cat-svjetla","10":"pa_light-p-365-hr","11":"pa_light-xsc-a-hr","12":"pa_light-xsc-b-hr","14":"first","15":"instock","16":"taxable","17":"shipping-taxable","18":"purchasable","19":"product-type-variable","20":"wvs-archive-product-wrapper"},"acf":[],"_links":{"self":[{"href":"https:\/\/staging.nbg.eu\/hr\/wp-json\/wp\/v2\/product\/211944","targetHints":{"allow":["GET"]}}],"collection":[{"href":"https:\/\/staging.nbg.eu\/hr\/wp-json\/wp\/v2\/product"}],"about":[{"href":"https:\/\/staging.nbg.eu\/hr\/wp-json\/wp\/v2\/types\/product"}],"wp:featuredmedia":[{"embeddable":true,"href":"https:\/\/staging.nbg.eu\/hr\/wp-json\/wp\/v2\/media\/211945"}],"wp:attachment":[{"href":"https:\/\/staging.nbg.eu\/hr\/wp-json\/wp\/v2\/media?parent=211944"}],"wp:term":[{"taxonomy":"product_brand","embeddable":true,"href":"https:\/\/staging.nbg.eu\/hr\/wp-json\/wp\/v2\/product_brand?post=211944"},{"taxonomy":"product_cat","embeddable":true,"href":"https:\/\/staging.nbg.eu\/hr\/wp-json\/wp\/v2\/product_cat?post=211944"},{"taxonomy":"product_tag","embeddable":true,"href":"https:\/\/staging.nbg.eu\/hr\/wp-json\/wp\/v2\/product_tag?post=211944"}],"curies":[{"name":"wp","href":"https:\/\/api.w.org\/{rel}","templated":true}]}}