{"id":211466,"date":"2024-01-24T19:30:39","date_gmt":"2025-02-19T13:01:39","guid":{"rendered":"https:\/\/staging.nbg.eu\/product\/iosso-bolt-carrier-brush\/"},"modified":"2025-02-19T13:13:53","modified_gmt":"2025-02-19T13:13:53","slug":"iosso-cetka-za-nosac-zatvaraca","status":"publish","type":"product","link":"https:\/\/staging.nbg.eu\/hr\/proizvod\/iosso-cetka-za-nosac-zatvaraca\/","title":{"rendered":"Iosso \u010cetka za Nosa\u010d Zatvara\u010da"},"content":{"rendered":"<p style=\"text-align: center\"><strong><span style=\"font-size: 170%\">losso \u010detke za nosa\u010d zatvara\u010da<\/span><\/strong><\/p>\n<p>Ovaj komplet sadr\u017ei pakete \u010detki za nosa\u010d zatvara\u010da i le\u017ei\u0161te metka. Dimenzije su precizno odre\u0111ene za to\u010dno \u010di\u0161\u0107enje. Izra\u0111ene su od plavog vlakna koje je debelo, \u010dvrsto i dobro zadr\u017eava oblik. To omogu\u0107uje \u010di\u0161\u0107enje naprijed-nazad, za razliku od tradicionalnih mjedenih i bron\u010danih \u010detki. Mogu se koristiti nekoliko puta prije tro\u0161enja.<\/p>\n<table width=\"305\">\n<tbody>\n<tr>\n<td width=\"305\"><strong>AR-15 nosa\u010d zatvara\u010da s klinom, 2 komada<\/strong><\/td>\n<\/tr>\n<tr>\n<td><strong>AR.308 nosa\u010d zatvara\u010da pu\u0161ke s klinom, 2 komada<\/strong><\/td>\n<\/tr>\n<\/tbody>\n<\/table>\n","protected":false},"excerpt":{"rendered":"<p><strong>Dimenzioniran prema uskim tolerancijama za precizno \u010di\u0161\u0107enje<\/strong><\/p>\n","protected":false},"featured_media":107700,"template":"","meta":{"_acf_changed":false},"product_brand":[11467],"product_cat":[13577,13550],"product_tag":[],"class_list":{"0":"post-211466","1":"product","2":"type-product","3":"status-publish","4":"has-post-thumbnail","6":"product_brand-iosso","7":"product_cat-cetke","8":"product_cat-ciscenje-oruzja","9":"pa_model-ar-308-hr","10":"pa_model-ar-15-hr","12":"first","13":"instock","14":"taxable","15":"shipping-taxable","16":"purchasable","17":"product-type-variable","18":"wvs-archive-product-wrapper"},"acf":[],"_links":{"self":[{"href":"https:\/\/staging.nbg.eu\/hr\/wp-json\/wp\/v2\/product\/211466","targetHints":{"allow":["GET"]}}],"collection":[{"href":"https:\/\/staging.nbg.eu\/hr\/wp-json\/wp\/v2\/product"}],"about":[{"href":"https:\/\/staging.nbg.eu\/hr\/wp-json\/wp\/v2\/types\/product"}],"wp:featuredmedia":[{"embeddable":true,"href":"https:\/\/staging.nbg.eu\/hr\/wp-json\/wp\/v2\/media\/107700"}],"wp:attachment":[{"href":"https:\/\/staging.nbg.eu\/hr\/wp-json\/wp\/v2\/media?parent=211466"}],"wp:term":[{"taxonomy":"product_brand","embeddable":true,"href":"https:\/\/staging.nbg.eu\/hr\/wp-json\/wp\/v2\/product_brand?post=211466"},{"taxonomy":"product_cat","embeddable":true,"href":"https:\/\/staging.nbg.eu\/hr\/wp-json\/wp\/v2\/product_cat?post=211466"},{"taxonomy":"product_tag","embeddable":true,"href":"https:\/\/staging.nbg.eu\/hr\/wp-json\/wp\/v2\/product_tag?post=211466"}],"curies":[{"name":"wp","href":"https:\/\/api.w.org\/{rel}","templated":true}]}}