{"id":208836,"date":"2024-09-02T10:47:02","date_gmt":"2025-02-16T17:04:10","guid":{"rendered":"https:\/\/staging.nbg.eu\/product\/badger-ordnance-c1-modular-safety\/"},"modified":"2025-02-16T17:06:51","modified_gmt":"2025-02-16T17:06:51","slug":"badger-ordnance-c1-modularni-osigurac","status":"publish","type":"product","link":"https:\/\/staging.nbg.eu\/hr\/proizvod\/badger-ordnance-c1-modularni-osigurac\/","title":{"rendered":"Badger Ordnance C1 Modularni Osigura\u010d"},"content":{"rendered":"<div class=\"product-description\">\n<h2>Badger Ordnance C1 Modularna Sigurnost<\/h2>\n<p>C1 poluautomatska sigurnost za pu\u0161ke M16\/AR-15\/AR-10\/SR-25 uzorka. Ovaj modularni komplet nudi:<\/p>\n<ul>\n<li>Jednostranu ili obostranu kontrolu<\/li>\n<li>Ljevoruku ili desnoruku uporabu<\/li>\n<li>Opcije okretanja od 60\u00b0 ili 90\u00b0<\/li>\n<li>Crveni indikator za laku vizualnu provjeru<\/li>\n<\/ul>\n<p>Komplet uklju\u010duje:<\/p>\n<ul>\n<li>Duga\u010dku polugu za ja\u010du stranu<\/li>\n<li>Kratku polugu za slabiju stranu<\/li>\n<li>Poklopac indikatora stanja za slabiju stranu<\/li>\n<li>Zatike i sigurnosni grani\u010dnik (otvrdnuti na 60Rc)<\/li>\n<\/ul>\n<p>Izra\u0111eno od 4140 \u010delika, povr\u0161inski otvrdnuto i premazano manganovim fosfatom za izdr\u017eljivost. Jednostavna instalacija.<\/p>\n<p><strong>Boja:<\/strong> Crna<br \/>\n |<br \/>\n<strong>Potrebna dozvola za vatreno oru\u017eje:<\/strong> Ne | <strong>Specifi\u010dno za platformu:<\/strong> Ne<\/p>\n<\/div>\n","protected":false},"excerpt":{"rendered":"<p>Svestrana AR sigurnost: obostrana, 60\u00b0\/90\u00b0 pomak, crveni indikatori<\/p>\n","protected":false},"featured_media":35378,"template":"","meta":{"_acf_changed":false},"product_brand":[11076],"product_cat":[13530,13569,13518],"product_tag":[],"class_list":{"0":"post-208836","1":"product","2":"type-product","3":"status-publish","4":"has-post-thumbnail","6":"product_brand-badger-ordnance","7":"product_cat-ar-tuning","8":"product_cat-puska","9":"product_cat-rifle-tuning","11":"first","12":"instock","13":"taxable","14":"shipping-taxable","15":"purchasable","16":"product-type-simple"},"acf":[],"_links":{"self":[{"href":"https:\/\/staging.nbg.eu\/hr\/wp-json\/wp\/v2\/product\/208836","targetHints":{"allow":["GET"]}}],"collection":[{"href":"https:\/\/staging.nbg.eu\/hr\/wp-json\/wp\/v2\/product"}],"about":[{"href":"https:\/\/staging.nbg.eu\/hr\/wp-json\/wp\/v2\/types\/product"}],"wp:featuredmedia":[{"embeddable":true,"href":"https:\/\/staging.nbg.eu\/hr\/wp-json\/wp\/v2\/media\/35378"}],"wp:attachment":[{"href":"https:\/\/staging.nbg.eu\/hr\/wp-json\/wp\/v2\/media?parent=208836"}],"wp:term":[{"taxonomy":"product_brand","embeddable":true,"href":"https:\/\/staging.nbg.eu\/hr\/wp-json\/wp\/v2\/product_brand?post=208836"},{"taxonomy":"product_cat","embeddable":true,"href":"https:\/\/staging.nbg.eu\/hr\/wp-json\/wp\/v2\/product_cat?post=208836"},{"taxonomy":"product_tag","embeddable":true,"href":"https:\/\/staging.nbg.eu\/hr\/wp-json\/wp\/v2\/product_tag?post=208836"}],"curies":[{"name":"wp","href":"https:\/\/api.w.org\/{rel}","templated":true}]}}