{"id":208627,"date":"2024-07-29T13:02:15","date_gmt":"2024-07-29T13:02:15","guid":{"rendered":"https:\/\/staging.nbg.eu\/product\/bore-tech-friction-guard-xp-120ml\/"},"modified":"2025-02-16T16:54:07","modified_gmt":"2025-02-16T16:54:07","slug":"bore-tech-friction-guard-xp-120ml","status":"publish","type":"product","link":"https:\/\/staging.nbg.eu\/hr\/proizvod\/bore-tech-friction-guard-xp-120ml\/","title":{"rendered":"Bore Tech Friction Guard XP 120ml"},"content":{"rendered":"<h2>Bore Tech Friction Guard XP ulje za oru\u017eje &#8211; 120ml<\/h2>\n<p>Bore Tech Friction Guard XP ulje za oru\u017eje je sinteti\u010dka mje\u0161avina koja zadovoljava MIL-PRF-63460E zahtjeve i nudi:<\/p>\n<ul>\n<li>Podmazivanje od -73\u00b0C do 316\u00b0C<\/li>\n<li>95% smanjenje trenja i tro\u0161enja<\/li>\n<li>Za\u0161titu od korozije<\/li>\n<li>Prodiranje i vezivanje za metalne povr\u0161ine<\/li>\n<li>Svojstva protiv tro\u0161enja<\/li>\n<li>Otpornost na ekstremne temperature<\/li>\n<li>Preko 100 sati za\u0161tite u testu slane magle<\/li>\n<li>Istiskivanje vlage<\/li>\n<li>Odbijanje pra\u0161ine i krhotina<\/li>\n<\/ul>\n<p>Namijenjeno za strelce, lovce i entuzijaste. Friction Guard XP \u0161titi cijev va\u0161eg oru\u017eja tijekom uporabe i skladi\u0161tenja.<\/p>\n","protected":false},"excerpt":{"rendered":"<p>Visokokvalitetno sinteti\u010dko ulje za oru\u017eje koje pru\u017ea vrhunsko podmazivanje i za\u0161titu.<\/p>\n","protected":false},"featured_media":150476,"template":"","meta":{"_acf_changed":false},"product_brand":[11147],"product_cat":[13550,13538],"product_tag":[],"class_list":{"0":"post-208627","1":"product","2":"type-product","3":"status-publish","4":"has-post-thumbnail","6":"product_brand-boretech","7":"product_cat-ciscenje-oruzja","8":"product_cat-lubrikanti","10":"first","11":"instock","12":"taxable","13":"shipping-taxable","14":"purchasable","15":"product-type-simple"},"acf":[],"_links":{"self":[{"href":"https:\/\/staging.nbg.eu\/hr\/wp-json\/wp\/v2\/product\/208627","targetHints":{"allow":["GET"]}}],"collection":[{"href":"https:\/\/staging.nbg.eu\/hr\/wp-json\/wp\/v2\/product"}],"about":[{"href":"https:\/\/staging.nbg.eu\/hr\/wp-json\/wp\/v2\/types\/product"}],"wp:featuredmedia":[{"embeddable":true,"href":"https:\/\/staging.nbg.eu\/hr\/wp-json\/wp\/v2\/media\/150476"}],"wp:attachment":[{"href":"https:\/\/staging.nbg.eu\/hr\/wp-json\/wp\/v2\/media?parent=208627"}],"wp:term":[{"taxonomy":"product_brand","embeddable":true,"href":"https:\/\/staging.nbg.eu\/hr\/wp-json\/wp\/v2\/product_brand?post=208627"},{"taxonomy":"product_cat","embeddable":true,"href":"https:\/\/staging.nbg.eu\/hr\/wp-json\/wp\/v2\/product_cat?post=208627"},{"taxonomy":"product_tag","embeddable":true,"href":"https:\/\/staging.nbg.eu\/hr\/wp-json\/wp\/v2\/product_tag?post=208627"}],"curies":[{"name":"wp","href":"https:\/\/api.w.org\/{rel}","templated":true}]}}