{"id":206103,"date":"2024-07-25T18:43:16","date_gmt":"2025-02-13T16:11:58","guid":{"rendered":"https:\/\/staging.nbg.eu\/product\/luger-maxx-tech-9x19-ammunition\/"},"modified":"2025-02-13T16:14:16","modified_gmt":"2025-02-13T16:14:16","slug":"luger-maxx-tech-9x19-streljivo","status":"publish","type":"product","link":"https:\/\/staging.nbg.eu\/hr\/proizvod\/luger-maxx-tech-9x19-streljivo\/","title":{"rendered":"Luger Maxx Tech 9&#215;19 Streljivo"},"content":{"rendered":"<p>Luger Maxx Tech streljivo: Meci za pi\u0161tolj s punom metalnom ko\u0161uljicom i mjedenom \u010dahurom.<\/p>\n","protected":false},"excerpt":{"rendered":"<p>Visoko u\u010dinkovito 9mm Luger FMJ streljivo. Pouzdana mesingana \u010dahura.<\/p>\n","protected":false},"featured_media":206104,"template":"","meta":{"_acf_changed":false},"product_brand":[11561],"product_cat":[13544,13514],"product_tag":[],"class_list":{"0":"post-206103","1":"product","2":"type-product","3":"status-publish","4":"has-post-thumbnail","6":"product_brand-maxxtech","7":"product_cat-municija","8":"product_cat-pistoljska-municija","10":"first","11":"instock","12":"taxable","13":"shipping-taxable","14":"purchasable","15":"product-type-variable","16":"wvs-archive-product-wrapper"},"acf":[],"_links":{"self":[{"href":"https:\/\/staging.nbg.eu\/hr\/wp-json\/wp\/v2\/product\/206103","targetHints":{"allow":["GET"]}}],"collection":[{"href":"https:\/\/staging.nbg.eu\/hr\/wp-json\/wp\/v2\/product"}],"about":[{"href":"https:\/\/staging.nbg.eu\/hr\/wp-json\/wp\/v2\/types\/product"}],"wp:featuredmedia":[{"embeddable":true,"href":"https:\/\/staging.nbg.eu\/hr\/wp-json\/wp\/v2\/media\/206104"}],"wp:attachment":[{"href":"https:\/\/staging.nbg.eu\/hr\/wp-json\/wp\/v2\/media?parent=206103"}],"wp:term":[{"taxonomy":"product_brand","embeddable":true,"href":"https:\/\/staging.nbg.eu\/hr\/wp-json\/wp\/v2\/product_brand?post=206103"},{"taxonomy":"product_cat","embeddable":true,"href":"https:\/\/staging.nbg.eu\/hr\/wp-json\/wp\/v2\/product_cat?post=206103"},{"taxonomy":"product_tag","embeddable":true,"href":"https:\/\/staging.nbg.eu\/hr\/wp-json\/wp\/v2\/product_tag?post=206103"}],"curies":[{"name":"wp","href":"https:\/\/api.w.org\/{rel}","templated":true}]}}