{"id":205888,"date":"2024-10-31T21:26:11","date_gmt":"2025-02-13T16:03:37","guid":{"rendered":"https:\/\/staging.nbg.eu\/product\/front-sight-fiber-optic-rods\/"},"modified":"2025-02-13T16:03:37","modified_gmt":"2025-02-13T16:03:37","slug":"prednji-nisan-vlaknasto-opticke-sipke","status":"publish","type":"product","link":"https:\/\/staging.nbg.eu\/hr\/proizvod\/prednji-nisan-vlaknasto-opticke-sipke\/","title":{"rendered":"Prednji Ni\u0161an Vlaknasto-Opti\u010dke \u0160ipke"},"content":{"rendered":"","protected":false},"excerpt":{"rendered":"","protected":false},"featured_media":75111,"template":"","meta":{"_acf_changed":false},"product_brand":[],"product_cat":[13570,13526],"product_tag":[],"class_list":{"0":"post-205888","1":"product","2":"type-product","3":"status-publish","4":"has-post-thumbnail","6":"product_cat-dijelovi-za-pistolj","7":"product_cat-pistolj","9":"first","10":"instock","11":"taxable","12":"shipping-taxable","13":"purchasable","14":"product-type-variable","15":"wvs-archive-product-wrapper"},"acf":[],"_links":{"self":[{"href":"https:\/\/staging.nbg.eu\/hr\/wp-json\/wp\/v2\/product\/205888","targetHints":{"allow":["GET"]}}],"collection":[{"href":"https:\/\/staging.nbg.eu\/hr\/wp-json\/wp\/v2\/product"}],"about":[{"href":"https:\/\/staging.nbg.eu\/hr\/wp-json\/wp\/v2\/types\/product"}],"wp:featuredmedia":[{"embeddable":true,"href":"https:\/\/staging.nbg.eu\/hr\/wp-json\/wp\/v2\/media\/75111"}],"wp:attachment":[{"href":"https:\/\/staging.nbg.eu\/hr\/wp-json\/wp\/v2\/media?parent=205888"}],"wp:term":[{"taxonomy":"product_brand","embeddable":true,"href":"https:\/\/staging.nbg.eu\/hr\/wp-json\/wp\/v2\/product_brand?post=205888"},{"taxonomy":"product_cat","embeddable":true,"href":"https:\/\/staging.nbg.eu\/hr\/wp-json\/wp\/v2\/product_cat?post=205888"},{"taxonomy":"product_tag","embeddable":true,"href":"https:\/\/staging.nbg.eu\/hr\/wp-json\/wp\/v2\/product_tag?post=205888"}],"curies":[{"name":"wp","href":"https:\/\/api.w.org\/{rel}","templated":true}]}}