{"id":205353,"date":"2024-08-16T18:01:15","date_gmt":"2025-02-13T15:23:54","guid":{"rendered":"https:\/\/staging.nbg.eu\/product\/rhh-ipsc-holster-mount-509\/"},"modified":"2025-02-13T15:25:13","modified_gmt":"2025-02-13T15:25:13","slug":"rhh-ipsc-nosac-futrole-509","status":"publish","type":"product","link":"https:\/\/staging.nbg.eu\/hr\/proizvod\/rhh-ipsc-nosac-futrole-509\/","title":{"rendered":"RHH IPSC Nosa\u010d Futrole .509"},"content":{"rendered":"<div class=\"product-description\">\n<h2>RHH IPSC nosa\u010d za futrolu .509<\/h2>\n<p>RHH IPSC nosa\u010d za futrolu .509 nudi prilagodbu za va\u0161u futrolu:<\/p>\n<ul>\n<li><strong>Podesiv nagib:<\/strong> Podesite kut u bilo kojem smjeru prema va\u0161im potrebama, s mogu\u0107no\u0161\u0107u izmjene u bilo kojem trenutku.<\/li>\n<li><strong>Konfiguracija u vi\u0161e osi:<\/strong> Kombinirajte s pode\u0161avanjem visine za promjene u do tri osi uz odr\u017eavanje \u017eeljene visine.<\/li>\n<li><strong>Kontrola bo\u010dnog nagiba:<\/strong> Podesite nagib futrole zatezanjem vijaka. Uklju\u010duje dva seta vijaka i podlo\u0161ki za razli\u010dite udaljenosti od tijela.<\/li>\n<li><strong>Fleksibilno pode\u0161avanje visine:<\/strong> Vi\u0161e rupa za vijke omogu\u0107uje optimizaciju visine futrole u odnosu na va\u0161 pojas za lak\u0161e izvla\u010denje oru\u017eja.<\/li>\n<\/ul>\n<p><strong>Te\u017eina:<\/strong> 0,19 kg<\/p>\n<p>RHH IPSC nosa\u010d za futrolu .509 omogu\u0107uje personaliziranu i u\u010dinkovitu konfiguraciju za pucanje.<\/p>\n<\/div>\n","protected":false},"excerpt":{"rendered":"<p>Podesivi nosa\u010d za IPSC futrolu: prilagodljiv nagib, visina i kut.<\/p>\n","protected":false},"featured_media":23125,"template":"","meta":{"_acf_changed":false},"product_brand":[11629],"product_cat":[13556,13561],"product_tag":[],"class_list":{"0":"post-205353","1":"product","2":"type-product","3":"status-publish","4":"has-post-thumbnail","6":"product_brand-rh-holsters","7":"product_cat-dodaci-za-futrole","8":"product_cat-sportska-futrola","10":"first","11":"instock","12":"taxable","13":"shipping-taxable","14":"purchasable","15":"product-type-simple"},"acf":[],"_links":{"self":[{"href":"https:\/\/staging.nbg.eu\/hr\/wp-json\/wp\/v2\/product\/205353","targetHints":{"allow":["GET"]}}],"collection":[{"href":"https:\/\/staging.nbg.eu\/hr\/wp-json\/wp\/v2\/product"}],"about":[{"href":"https:\/\/staging.nbg.eu\/hr\/wp-json\/wp\/v2\/types\/product"}],"wp:featuredmedia":[{"embeddable":true,"href":"https:\/\/staging.nbg.eu\/hr\/wp-json\/wp\/v2\/media\/23125"}],"wp:attachment":[{"href":"https:\/\/staging.nbg.eu\/hr\/wp-json\/wp\/v2\/media?parent=205353"}],"wp:term":[{"taxonomy":"product_brand","embeddable":true,"href":"https:\/\/staging.nbg.eu\/hr\/wp-json\/wp\/v2\/product_brand?post=205353"},{"taxonomy":"product_cat","embeddable":true,"href":"https:\/\/staging.nbg.eu\/hr\/wp-json\/wp\/v2\/product_cat?post=205353"},{"taxonomy":"product_tag","embeddable":true,"href":"https:\/\/staging.nbg.eu\/hr\/wp-json\/wp\/v2\/product_tag?post=205353"}],"curies":[{"name":"wp","href":"https:\/\/api.w.org\/{rel}","templated":true}]}}