{"id":199785,"date":"2024-07-29T19:03:50","date_gmt":"2025-02-11T11:21:08","guid":{"rendered":"https:\/\/staging.nbg.eu\/product\/the-shear-hammock\/"},"modified":"2025-02-11T11:23:26","modified_gmt":"2025-02-11T11:23:26","slug":"the-shear-viseca-mreza","status":"publish","type":"product","link":"https:\/\/staging.nbg.eu\/hr\/proizvod\/the-shear-viseca-mreza\/","title":{"rendered":"The Shear Vise\u0107a Mre\u017ea"},"content":{"rendered":"<div class=\"product-description\">\n<h2>Shear Hammock<\/h2>\n<p>Shear Hammock je proizvod za no\u0161enje medicinske opreme. Omogu\u0107uje no\u0161enje poveske, \u0161kara ili drugih sli\u010dnih predmeta na postoje\u0107em pojasu ili MOLLE torbi.<\/p>\n<h2>Glavne zna\u010dajke:<\/h2>\n<ul>\n<li>Pri\u010dvr\u0161\u0107uje se na MOLLE ili pojas<\/li>\n<li>Dizajniran za brzo kori\u0161tenje<\/li>\n<li>Odgovara CAT poveski i sli\u010dnim predmetima<\/li>\n<li>\u0160titi opremu od UV zraka, vremenskih uvjeta, prljav\u0161tine i krhotina<\/li>\n<li>Ne zahtijeva dodatni prostor za monta\u017eu<\/li>\n<\/ul>\n<h2>Specifikacije:<\/h2>\n<ul>\n<li>Te\u017eina: 19g<\/li>\n<li>Broj dijela: TSP-TQ-01<\/li>\n<li>Dimenzije (prazno): 12,7 cm x 7,6 cm x 0,95 cm<\/li>\n<li>Dimenzije (puno): 12,7 cm x 7,6 cm x 6,35 cm<\/li>\n<li>Materijali: Ultracomp, CORDURA\u00ae tkanina otporna na izbjeljivanje<\/li>\n<li>Dostupne boje: Crna, Kojot sme\u0111a i Multicam<\/li>\n<\/ul>\n<p>Shear Hammock se mo\u017ee koristiti uz Micro Trauma Kit NOW!\u00ae, omogu\u0107uju\u0107i lak pristup poveski bez zauzimanja dodatnog prostora. Mo\u017ee se montirati na bilo koji MOLLE ili pojas s Micro TKN-om, ili bilo koju drugu MOLLE torbu sa 3 kolone MOLLE sustava.<\/p>\n<p>Shear Hammock osigurava dostupnost i za\u0161titu va\u0161e medicinske opreme.<\/p>\n<\/div>\n","protected":false},"excerpt":{"rendered":"<p>Brzo dostupna vise\u0107a mre\u017ea za podveze i \u0161kare na MOLLE opremi.<\/p>\n","protected":false},"featured_media":153977,"template":"","meta":{"_acf_changed":false},"product_brand":[11122],"product_cat":[13571,13536,13527],"product_tag":[],"class_list":{"0":"post-199785","1":"product","2":"type-product","3":"status-publish","4":"has-post-thumbnail","6":"product_brand-blue-force-gear","7":"product_cat-medicinska-oprema","8":"product_cat-oprema","9":"product_cat-torbice","11":"first","12":"instock","13":"taxable","14":"shipping-taxable","15":"purchasable","16":"product-type-variable","17":"wvs-archive-product-wrapper"},"acf":[],"_links":{"self":[{"href":"https:\/\/staging.nbg.eu\/hr\/wp-json\/wp\/v2\/product\/199785","targetHints":{"allow":["GET"]}}],"collection":[{"href":"https:\/\/staging.nbg.eu\/hr\/wp-json\/wp\/v2\/product"}],"about":[{"href":"https:\/\/staging.nbg.eu\/hr\/wp-json\/wp\/v2\/types\/product"}],"wp:featuredmedia":[{"embeddable":true,"href":"https:\/\/staging.nbg.eu\/hr\/wp-json\/wp\/v2\/media\/153977"}],"wp:attachment":[{"href":"https:\/\/staging.nbg.eu\/hr\/wp-json\/wp\/v2\/media?parent=199785"}],"wp:term":[{"taxonomy":"product_brand","embeddable":true,"href":"https:\/\/staging.nbg.eu\/hr\/wp-json\/wp\/v2\/product_brand?post=199785"},{"taxonomy":"product_cat","embeddable":true,"href":"https:\/\/staging.nbg.eu\/hr\/wp-json\/wp\/v2\/product_cat?post=199785"},{"taxonomy":"product_tag","embeddable":true,"href":"https:\/\/staging.nbg.eu\/hr\/wp-json\/wp\/v2\/product_tag?post=199785"}],"curies":[{"name":"wp","href":"https:\/\/api.w.org\/{rel}","templated":true}]}}