{"id":199676,"date":"2024-07-29T13:09:29","date_gmt":"2025-02-11T11:06:07","guid":{"rendered":"https:\/\/staging.nbg.eu\/product\/single-pistol-belt-pouch\/"},"modified":"2025-02-11T11:08:26","modified_gmt":"2025-02-11T11:08:26","slug":"futrola-za-jedan-pistolj-na-pojasu","status":"publish","type":"product","link":"https:\/\/staging.nbg.eu\/hr\/proizvod\/futrola-za-jedan-pistolj-na-pojasu\/","title":{"rendered":"Futrola za Jedan Pi\u0161tolj na Pojasu"},"content":{"rendered":"<div class=\"product-description\">\n<h2>Pojedina\u010dna pojasna torbica za pi\u0161tolj<\/h2>\n<p>Ova torbica dr\u017ei jedan spremnik za pi\u0161tolj, pru\u017eaju\u0107i brz pristup za du\u017enost ili prikriveno no\u0161enje.<\/p>\n<ul>\n<li>Odgovara pojasevima \u0161irine do 5 cm<\/li>\n<li>Udobna za cjelodnevno no\u0161enje bez o\u0161trih rubova<\/li>\n<li>Elasti\u010dna prednja strana s ULTRAcomp\u2122 laminatom<\/li>\n<li>Sustav zatvaranja s \u010di\u010dkom<\/li>\n<li>Prima jednostruke ili dvostruke spremnike (do veli\u010dine HK45\/USP)<\/li>\n<li>Pogodna i za svjetiljke, vi\u0161enamjenske alate ili sli\u010dne predmete<\/li>\n<li>Odvojivi priklju\u010dak za vodoravno postavljanje na pojas<\/li>\n<\/ul>\n<p>Dimenzije: 5,7 cm x 11,4 cm | Te\u017eina: 20 grama<\/p>\n<p>Ova torbica je lagana, izdr\u017eljiva i prilagodljiva.<\/p>\n<\/div>\n","protected":false},"excerpt":{"rendered":"<p>Sigurna, tanka pojasna torbica za pi\u0161toljski spremnik ili alat. Brz pristup.<\/p>\n","protected":false},"featured_media":164218,"template":"","meta":{"_acf_changed":false},"product_brand":[11122],"product_cat":[13512,13536,13527],"product_tag":[],"class_list":{"0":"post-199676","1":"product","2":"type-product","3":"status-publish","4":"has-post-thumbnail","6":"product_brand-blue-force-gear","7":"product_cat-drzaci-spremnika","8":"product_cat-oprema","9":"product_cat-torbice","11":"first","12":"instock","13":"taxable","14":"shipping-taxable","15":"purchasable","16":"product-type-simple"},"acf":[],"_links":{"self":[{"href":"https:\/\/staging.nbg.eu\/hr\/wp-json\/wp\/v2\/product\/199676","targetHints":{"allow":["GET"]}}],"collection":[{"href":"https:\/\/staging.nbg.eu\/hr\/wp-json\/wp\/v2\/product"}],"about":[{"href":"https:\/\/staging.nbg.eu\/hr\/wp-json\/wp\/v2\/types\/product"}],"wp:featuredmedia":[{"embeddable":true,"href":"https:\/\/staging.nbg.eu\/hr\/wp-json\/wp\/v2\/media\/164218"}],"wp:attachment":[{"href":"https:\/\/staging.nbg.eu\/hr\/wp-json\/wp\/v2\/media?parent=199676"}],"wp:term":[{"taxonomy":"product_brand","embeddable":true,"href":"https:\/\/staging.nbg.eu\/hr\/wp-json\/wp\/v2\/product_brand?post=199676"},{"taxonomy":"product_cat","embeddable":true,"href":"https:\/\/staging.nbg.eu\/hr\/wp-json\/wp\/v2\/product_cat?post=199676"},{"taxonomy":"product_tag","embeddable":true,"href":"https:\/\/staging.nbg.eu\/hr\/wp-json\/wp\/v2\/product_tag?post=199676"}],"curies":[{"name":"wp","href":"https:\/\/api.w.org\/{rel}","templated":true}]}}