{"id":198968,"date":"2024-06-17T21:23:15","date_gmt":"2025-02-11T09:30:12","guid":{"rendered":"https:\/\/staging.nbg.eu\/product\/blue-force-gear-trauma-kit-now-medium\/"},"modified":"2025-02-11T09:32:33","modified_gmt":"2025-02-11T09:32:33","slug":"blue-force-gear-trauma-kit-now-medium","status":"publish","type":"product","link":"https:\/\/staging.nbg.eu\/hr\/proizvod\/blue-force-gear-trauma-kit-now-medium\/","title":{"rendered":"Blue Force Gear Trauma Kit NOW! &#8211; Medium"},"content":{"rendered":"<h2>Blue Force Gear Trauma Kit NOW! &#8211; Srednji prazni<\/h2>\n<p>Trauma Kit NOW! &#8211; SREDNJI je medicinski komplet za hitne slu\u010dajeve dizajniran za upotrebu jednom rukom. Izvorno je stvoren za sadr\u017eaj Army IFAK-a, a prilagodljiv je razli\u010ditim medicinskim postavama.<\/p>\n<ul>\n<li>Dizajn u dva dijela: vanjska MOLLE torbica sa sustavom za pri\u010dvr\u0161\u0107ivanje Helium Whisper i odvojiva unutarnja plo\u010da za zalihe<\/li>\n<li>Su\u017eena vanjska torbica za sigurno zadr\u017eavanje i lako uklanjanje<\/li>\n<li>Unutarnji nosa\u010d za brzo raspore\u0111ivanje s Ball Loaded Index Point (BLIP) za upotrebu u zahtjevnim uvjetima<\/li>\n<li>MOLLE polja za vanjsko pri\u010dvr\u0161\u0107ivanje poveske<\/li>\n<li>Dizajn pogodan za vojnu, policijsku i civilnu upotrebu<\/li>\n<\/ul>\n<p>Jedan od najbr\u017ee raspore\u0111uju\u0107ih kompleta za traumu na tr\u017ei\u0161tu, dizajniran za kriti\u010dne situacije gdje je svaka sekunda va\u017ena.<\/p>\n","protected":false},"excerpt":{"rendered":"<p>Medicinska torbica za brzo raspore\u0111ivanje s uklonjivom unutarnjom pregradom za prilagodbu.<\/p>\n","protected":false},"featured_media":153792,"template":"","meta":{"_acf_changed":false},"product_brand":[11122],"product_cat":[13571,13536],"product_tag":[],"class_list":{"0":"post-198968","1":"product","2":"type-product","3":"status-publish","4":"has-post-thumbnail","6":"product_brand-blue-force-gear","7":"product_cat-medicinska-oprema","8":"product_cat-oprema","10":"first","11":"instock","12":"taxable","13":"shipping-taxable","14":"purchasable","15":"product-type-variable","16":"wvs-archive-product-wrapper"},"acf":[],"_links":{"self":[{"href":"https:\/\/staging.nbg.eu\/hr\/wp-json\/wp\/v2\/product\/198968","targetHints":{"allow":["GET"]}}],"collection":[{"href":"https:\/\/staging.nbg.eu\/hr\/wp-json\/wp\/v2\/product"}],"about":[{"href":"https:\/\/staging.nbg.eu\/hr\/wp-json\/wp\/v2\/types\/product"}],"wp:featuredmedia":[{"embeddable":true,"href":"https:\/\/staging.nbg.eu\/hr\/wp-json\/wp\/v2\/media\/153792"}],"wp:attachment":[{"href":"https:\/\/staging.nbg.eu\/hr\/wp-json\/wp\/v2\/media?parent=198968"}],"wp:term":[{"taxonomy":"product_brand","embeddable":true,"href":"https:\/\/staging.nbg.eu\/hr\/wp-json\/wp\/v2\/product_brand?post=198968"},{"taxonomy":"product_cat","embeddable":true,"href":"https:\/\/staging.nbg.eu\/hr\/wp-json\/wp\/v2\/product_cat?post=198968"},{"taxonomy":"product_tag","embeddable":true,"href":"https:\/\/staging.nbg.eu\/hr\/wp-json\/wp\/v2\/product_tag?post=198968"}],"curies":[{"name":"wp","href":"https:\/\/api.w.org\/{rel}","templated":true}]}}