{"id":181333,"date":"2024-04-19T07:15:03","date_gmt":"2025-01-30T06:22:26","guid":{"rendered":"https:\/\/staging.nbg.eu\/product\/blue-force-gear-burnsed-socket\/"},"modified":"2025-01-30T06:24:32","modified_gmt":"2025-01-30T06:24:32","slug":"blue-force-gear-burnsed-uticnica","status":"publish","type":"product","link":"https:\/\/staging.nbg.eu\/hr\/proizvod\/blue-force-gear-burnsed-uticnica\/","title":{"rendered":"Blue Force Gear Burnsed Uti\u010dnica"},"content":{"rendered":"<p>Here&#8217;s the translation of the product description to Croatian, without including colorful and marketing words:<\/p>\n<p>Burnsed Socket<\/p>\n<p>Burnsed Socket od Blue Force Gear &#8211; Burnsed Socket je samostalni dio koji pretvara Vickers Combat Applications remen u 2 u 1 pretvorivi remen kada se koristi zajedno s Push Button Sling Swivel ili RED Swivel. Burnsed Socket dizajniran je 2005. godine kao klju\u010dni dio hardvera za patentirani SOC-C\u2122 remen, koji omogu\u0107uje 1 u 2 u 3 to\u010dke pretvorivog remena.<\/p>\n<p>U\u010dinite svoj remen raznovrsnijim &#8211; Jednostavno gurnite Burnsed Socket na stra\u017enji dio remena prema stra\u017enjem prijemniku ili tipi\u010dnoj lokaciji remena s jednom to\u010dkom, zatim odvojite prednji push button swivel s prednje strane oru\u017eja i pri\u010dvrstite ga na Burnsed Socket.<\/p>\n<p>***Remen nije uklju\u010den. Uklju\u010duje samo 1 komad Burnsed Socket hardvera***<\/p>\n<p>Dvije hardverske opcije:<\/p>\n<p>&#8211; Strojno obra\u0111eni aluminij &#8211; za izuzetno trajnu vezu, ovaj Burnsed Socket je tvrdo anodiziran u mat crnoj boji.<br \/>\n&#8211; Oblikovani polimer &#8211; za laganu, jednostavnu to\u010dku spajanja remena dostupnu u crnoj boji.<\/p>\n<p>Proizvedeno u SAD-u &#8211; Kao i svi Blue Force Gear proizvodi, izra\u0111en je s izvrsnosti u SAD-u i ima na\u0161e ograni\u010deno do\u017eivotno jamstvo.<\/p>\n<p>SPECIFIKACIJE<\/p>\n<p>Zna\u010dajke: Radi zajedno s bilo kojim Push Button Sling Swivel ili EDTM Swivel za 2 u 1 pretvorivi remen (prodaje se zasebno). Omogu\u0107uje cjelodnevno no\u0161enje oru\u017eja u 2 to\u010dke za maksimalnu kontrolu i udobnost i brzo se pretvara u remen s jednom to\u010dkom za dinami\u010dna okru\u017eenja.<\/p>\n<p>Te\u017eina: 13g<\/p>\n<p>Veli\u010dina: 0,75&#8243; x 1,5&#8243; x 0,5&#8243; &#8211; Odgovara bilo kojoj traci remena od 1&#8243; ili 1,25&#8243; (Victory Series\u2122 remen, Vickers Combat Applications Sling\u2122)<\/p>\n<p>Materijal(i):<br \/>\n&#8211; Strojno obra\u0111eni aluminij<br \/>\n&#8211; Oblikovani polimer<\/p>\n<p>Dodatne informacije:<br \/>\nKao op\u0107enito pravilo, podmazujte sve Push Button Swivels i Burnsed Socket svaki put kada podmazujete oru\u017eje doma\u0107ina.<\/p>\n","protected":false},"excerpt":{"rendered":"<p><span style=\"font-size: 110%\"><strong>U\u010dinite svoj Sling raznovrsnijim<\/strong><\/span><\/p>\n","protected":false},"featured_media":163244,"template":"","meta":{"_acf_changed":false},"product_brand":[11122],"product_cat":[13536,13532],"product_tag":[],"class_list":{"0":"post-181333","1":"product","2":"type-product","3":"status-publish","4":"has-post-thumbnail","6":"product_brand-blue-force-gear","7":"product_cat-oprema","8":"product_cat-remeni","10":"first","11":"instock","12":"taxable","13":"shipping-taxable","14":"purchasable","15":"product-type-simple"},"acf":[],"_links":{"self":[{"href":"https:\/\/staging.nbg.eu\/hr\/wp-json\/wp\/v2\/product\/181333","targetHints":{"allow":["GET"]}}],"collection":[{"href":"https:\/\/staging.nbg.eu\/hr\/wp-json\/wp\/v2\/product"}],"about":[{"href":"https:\/\/staging.nbg.eu\/hr\/wp-json\/wp\/v2\/types\/product"}],"wp:featuredmedia":[{"embeddable":true,"href":"https:\/\/staging.nbg.eu\/hr\/wp-json\/wp\/v2\/media\/163244"}],"wp:attachment":[{"href":"https:\/\/staging.nbg.eu\/hr\/wp-json\/wp\/v2\/media?parent=181333"}],"wp:term":[{"taxonomy":"product_brand","embeddable":true,"href":"https:\/\/staging.nbg.eu\/hr\/wp-json\/wp\/v2\/product_brand?post=181333"},{"taxonomy":"product_cat","embeddable":true,"href":"https:\/\/staging.nbg.eu\/hr\/wp-json\/wp\/v2\/product_cat?post=181333"},{"taxonomy":"product_tag","embeddable":true,"href":"https:\/\/staging.nbg.eu\/hr\/wp-json\/wp\/v2\/product_tag?post=181333"}],"curies":[{"name":"wp","href":"https:\/\/api.w.org\/{rel}","templated":true}]}}