{"id":176713,"date":"2024-11-26T18:35:58","date_gmt":"2025-01-28T10:21:14","guid":{"rendered":"https:\/\/staging.nbg.eu\/product\/geissele-border-patrol-rifle-16-5-56mm-black\/"},"modified":"2025-01-28T10:23:17","modified_gmt":"2025-01-28T10:23:17","slug":"geissele-border-patrol-puska-16-556mm-crna","status":"publish","type":"product","link":"https:\/\/staging.nbg.eu\/hr\/proizvod\/geissele-border-patrol-puska-16-556mm-crna\/","title":{"rendered":"Geissele Border Patrol Pu\u0161ka, 16&#8243;, 5.56MM &#8211; Crna"},"content":{"rendered":"<h2>Geissele pu\u0161ka za grani\u010dnu policiju, 16&#8243;, 5,56 mm &#8211; Crna<\/h2>\n<p>Geissele pu\u0161ka za grani\u010dnu policiju je potpuno opremljena slu\u017ebena pu\u0161ka dizajnirana za pouzdanost i u\u010dinkovitost. Ova AR-15 pu\u0161ka nudi godine pouzdane slu\u017ebe.<\/p>\n<h2>Klju\u010dne zna\u010dajke:<\/h2>\n<ul>\n<li>16,25&#8243; hladno kovana cijev s kromiranom unutra\u0161njo\u0161\u0107u<\/li>\n<li>Omjer uvijanja 1:7 i komora 5,56x45mm NATO<\/li>\n<li>Geissele plinski sustav s plinskim blokom od nehr\u0111aju\u0107eg \u010delika 17-4<\/li>\n<li>14,6&#8243; MK 20 Super Modular \u0161ina s M-Lok utorima<\/li>\n<li>Super Duty kovani gornji i donji prijemnici od aluminija 7075 T6<\/li>\n<li>Geissele Government ru\u010dica za punjenje za obostranu upotrebu<\/li>\n<li>H2 prigu\u0161iva\u010d i opru\u017ena \u017eica za pobolj\u0161anu pouzdanost<\/li>\n<li>ALG Defense Advanced Combat okida\u010d (ACT) s pobolj\u0161anim premazima<\/li>\n<\/ul>\n<h2>Specifikacije:<\/h2>\n<ul>\n<li>Duljina: 82,55 cm (sklopljena) do 91,44 cm (izvu\u010dena)<\/li>\n<li>Te\u017eina: Pribli\u017eno 2,99 kg<\/li>\n<li>Kalibar: 5,56 mm<\/li>\n<li>Boja: Crna<\/li>\n<li>Nosa\u010d zatvara\u010da: Geissele BCG s manganovim fosfatnim premazom<\/li>\n<li>Veli\u010dina plinskog otvora: 1,905 mm<\/li>\n<li>Skriva\u010d plamena: A2<\/li>\n<li>Kundak: BCM Mod 0, Crni<\/li>\n<li>Rukohvat: B5 s Geissele logotipom<\/li>\n<\/ul>\n<p>Pu\u0161ka za grani\u010dnu policiju dizajnirana je da bude lagana i pokretljiva, uz odr\u017eavanje \u010dvrsto\u0107e i pouzdanosti. Svaka komponenta pa\u017eljivo je odabrana za dugotrajnu upotrebu u te\u0161kim uvjetima. Skeletonizirana MK 20 Super Modular \u0161ina smanjuje te\u017einu pru\u017eaju\u0107i \u010dvrstu platformu za monta\u017eu, a sustav spajanja klju\u010dem osigurava stabilnost prednjeg rukohvata tijekom intenzivne uporabe.<\/p>\n<p>S premium komponentama, uklju\u010duju\u0107i Geissele Government ru\u010dicu za punjenje, Super 42 sustav prigu\u0161ivanja i ALG Advanced Combat okida\u010d, ova pu\u0161ka nudi visoku u\u010dinkovitost i pouzdanost.<\/p>\n","protected":false},"excerpt":{"rendered":"<p>Pouzdan 16&#8243; 5,56 mm AR-15 s premium zna\u010dajkama za dugotrajnu slu\u017ebenu upotrebu.<\/p>\n","protected":false},"featured_media":81488,"template":"","meta":{"_acf_changed":false},"product_brand":[11375],"product_cat":[13566,13569],"product_tag":[],"class_list":{"0":"post-176713","1":"product","2":"type-product","3":"status-publish","4":"has-post-thumbnail","6":"product_brand-geissele","7":"product_cat-karabini","8":"product_cat-puska","10":"first","11":"instock","12":"taxable","13":"shipping-taxable","14":"product-type-simple"},"acf":[],"_links":{"self":[{"href":"https:\/\/staging.nbg.eu\/hr\/wp-json\/wp\/v2\/product\/176713","targetHints":{"allow":["GET"]}}],"collection":[{"href":"https:\/\/staging.nbg.eu\/hr\/wp-json\/wp\/v2\/product"}],"about":[{"href":"https:\/\/staging.nbg.eu\/hr\/wp-json\/wp\/v2\/types\/product"}],"wp:featuredmedia":[{"embeddable":true,"href":"https:\/\/staging.nbg.eu\/hr\/wp-json\/wp\/v2\/media\/81488"}],"wp:attachment":[{"href":"https:\/\/staging.nbg.eu\/hr\/wp-json\/wp\/v2\/media?parent=176713"}],"wp:term":[{"taxonomy":"product_brand","embeddable":true,"href":"https:\/\/staging.nbg.eu\/hr\/wp-json\/wp\/v2\/product_brand?post=176713"},{"taxonomy":"product_cat","embeddable":true,"href":"https:\/\/staging.nbg.eu\/hr\/wp-json\/wp\/v2\/product_cat?post=176713"},{"taxonomy":"product_tag","embeddable":true,"href":"https:\/\/staging.nbg.eu\/hr\/wp-json\/wp\/v2\/product_tag?post=176713"}],"curies":[{"name":"wp","href":"https:\/\/api.w.org\/{rel}","templated":true}]}}