{"id":173021,"date":"2024-08-16T19:55:05","date_gmt":"2025-01-23T11:16:31","guid":{"rendered":"https:\/\/staging.nbg.eu\/product\/barwarus-bw-t4-handguards-with-m-lok\/"},"modified":"2025-01-23T11:17:49","modified_gmt":"2025-01-23T11:17:49","slug":"barwarus-bw-t4-prednje-kundake-s-m-lok","status":"publish","type":"product","link":"https:\/\/staging.nbg.eu\/hr\/proizvod\/barwarus-bw-t4-prednje-kundake-s-m-lok\/","title":{"rendered":"Barwarus BW-T4 Prednje Kundake s M-Lok"},"content":{"rendered":"<div class=\"product-description\">\n<h2>Barwarus BW-T4 Rukohvati s M-Lok sustavom<\/h2>\n<p>Nadogradite va\u0161u AK pu\u0161ku s BW-T4 kompletom rukohvata. Dizajniran za AK s dugom cijevi (16&#8243;), ovaj sustav omogu\u0107uje integraciju M-LOK dodataka.<\/p>\n<ul>\n<li>Kompatibilan s raznim AK modelima (AKUSA 100 Serija, AK-74, Saiga, Vepr i drugi)<\/li>\n<li>Izra\u0111en od 6082-T6 legure<\/li>\n<li>Crna Cerakote zavr\u0161na obrada<\/li>\n<li>Integrirani M-LOK utori na svim stranama<\/li>\n<li>Pobolj\u0161ava hla\u0111enje cijevi i rasipanje topline<\/li>\n<li>Lagani dizajn<\/li>\n<li>Funkcionalan u ekstremnim temperaturama (-50\u00b0C do +50\u00b0C)<\/li>\n<\/ul>\n<p>Barwarus BW-T4 Rukohvati omogu\u0107uju prilagodbu, upravljanje toplinom i izdr\u017eljivost.<\/p>\n<\/div>\n","protected":false},"excerpt":{"rendered":"<p>Barwarus BW-T4 \u0161titnici za ruke: kompatibilni s M-Lok sustavom, nadogradnja za AK za pobolj\u0161ano hla\u0111enje i monta\u017eu dodatne opreme.<\/p>\n","protected":false},"featured_media":23609,"template":"","meta":{"_acf_changed":false},"product_brand":[11100],"product_cat":[13503,13518,13517],"product_tag":[],"class_list":{"0":"post-173021","1":"product","2":"type-product","3":"status-publish","4":"has-post-thumbnail","6":"product_brand-barwarus","7":"product_cat-ak-tuning","8":"product_cat-rifle-tuning","9":"product_cat-tracnice","11":"first","12":"instock","13":"taxable","14":"shipping-taxable","15":"product-type-variable","16":"wvs-archive-product-wrapper"},"acf":[],"_links":{"self":[{"href":"https:\/\/staging.nbg.eu\/hr\/wp-json\/wp\/v2\/product\/173021","targetHints":{"allow":["GET"]}}],"collection":[{"href":"https:\/\/staging.nbg.eu\/hr\/wp-json\/wp\/v2\/product"}],"about":[{"href":"https:\/\/staging.nbg.eu\/hr\/wp-json\/wp\/v2\/types\/product"}],"wp:featuredmedia":[{"embeddable":true,"href":"https:\/\/staging.nbg.eu\/hr\/wp-json\/wp\/v2\/media\/23609"}],"wp:attachment":[{"href":"https:\/\/staging.nbg.eu\/hr\/wp-json\/wp\/v2\/media?parent=173021"}],"wp:term":[{"taxonomy":"product_brand","embeddable":true,"href":"https:\/\/staging.nbg.eu\/hr\/wp-json\/wp\/v2\/product_brand?post=173021"},{"taxonomy":"product_cat","embeddable":true,"href":"https:\/\/staging.nbg.eu\/hr\/wp-json\/wp\/v2\/product_cat?post=173021"},{"taxonomy":"product_tag","embeddable":true,"href":"https:\/\/staging.nbg.eu\/hr\/wp-json\/wp\/v2\/product_tag?post=173021"}],"curies":[{"name":"wp","href":"https:\/\/api.w.org\/{rel}","templated":true}]}}