{"id":171440,"date":"2024-08-16T19:44:20","date_gmt":"2025-01-21T16:24:11","guid":{"rendered":"https:\/\/staging.nbg.eu\/product\/barwarus-bw-t33-picatinny-rail-cover\/"},"modified":"2025-01-21T16:26:33","modified_gmt":"2025-01-21T16:26:33","slug":"barwarus-bw-t33-picatinny-zastita-tracnice","status":"publish","type":"product","link":"https:\/\/staging.nbg.eu\/hr\/proizvod\/barwarus-bw-t33-picatinny-zastita-tracnice\/","title":{"rendered":"Barwarus BW-T33 Picatinny Za\u0161tita Tra\u010dnice"},"content":{"rendered":"<div class=\"product-description\">\n<h2>Barwarus BW-T33 Picatinny poklopac \u0161ine<\/h2>\n<p>Nadogradite svoju pu\u0161ku AK stila s Barwarus BW-T33 poklopcem za za\u0161titu od pra\u0161ine s integriranom Picatinny \u0161inom. Kompatibilan s sportskim pu\u0161kama i karabinima baziranim na Kalashnikovu, ovaj poklopac omogu\u0107uje lako montiranje raznih ciljni\u010dkih ure\u0111aja.<\/p>\n<ul>\n<li>Izra\u0111en od legure aluminija 7075 T6<\/li>\n<li>170mm \u00b15mm duljina Picatinny \u0161ine<\/li>\n<li>Zadr\u017eava nultu to\u010dku pri ponovljenom otvaranju\/zatvaranju<\/li>\n<li>Sigurno se montira s pet vijaka<\/li>\n<li>Te\u017eina: 55 oz \u00b10.03 oz<\/li>\n<li>Dimenzije: 21.7&#8243; \u00b10.5&#8243;<\/li>\n<li>Radna temperatura: -50\u00b0C do +50\u00b0C<\/li>\n<\/ul>\n<p>Napomena: Maksimalni moment 25 lbs. Mo\u017eda \u0107e biti potrebno bru\u0161enje.<\/p>\n<\/div>\n","protected":false},"excerpt":{"rendered":"<p>Izdr\u017eljiv AK Picatinny poklopac \u0161ine. Montira optiku, odr\u017eava ni\u0161an.<\/p>\n","protected":false},"featured_media":23448,"template":"","meta":{"_acf_changed":false},"product_brand":[11100],"product_cat":[13503,13518,13517],"product_tag":[],"class_list":{"0":"post-171440","1":"product","2":"type-product","3":"status-publish","4":"has-post-thumbnail","6":"product_brand-barwarus","7":"product_cat-ak-tuning","8":"product_cat-rifle-tuning","9":"product_cat-tracnice","11":"first","12":"instock","13":"taxable","14":"shipping-taxable","15":"product-type-variable","16":"wvs-archive-product-wrapper"},"acf":[],"_links":{"self":[{"href":"https:\/\/staging.nbg.eu\/hr\/wp-json\/wp\/v2\/product\/171440","targetHints":{"allow":["GET"]}}],"collection":[{"href":"https:\/\/staging.nbg.eu\/hr\/wp-json\/wp\/v2\/product"}],"about":[{"href":"https:\/\/staging.nbg.eu\/hr\/wp-json\/wp\/v2\/types\/product"}],"wp:featuredmedia":[{"embeddable":true,"href":"https:\/\/staging.nbg.eu\/hr\/wp-json\/wp\/v2\/media\/23448"}],"wp:attachment":[{"href":"https:\/\/staging.nbg.eu\/hr\/wp-json\/wp\/v2\/media?parent=171440"}],"wp:term":[{"taxonomy":"product_brand","embeddable":true,"href":"https:\/\/staging.nbg.eu\/hr\/wp-json\/wp\/v2\/product_brand?post=171440"},{"taxonomy":"product_cat","embeddable":true,"href":"https:\/\/staging.nbg.eu\/hr\/wp-json\/wp\/v2\/product_cat?post=171440"},{"taxonomy":"product_tag","embeddable":true,"href":"https:\/\/staging.nbg.eu\/hr\/wp-json\/wp\/v2\/product_tag?post=171440"}],"curies":[{"name":"wp","href":"https:\/\/api.w.org\/{rel}","templated":true}]}}