{"id":170370,"date":"2024-11-06T20:55:17","date_gmt":"2025-01-21T09:34:06","guid":{"rendered":"https:\/\/staging.nbg.eu\/product\/throw-lever-sai-optics\/"},"modified":"2025-01-21T09:36:32","modified_gmt":"2025-01-21T09:36:32","slug":"rucica-za-povecanje-sai-optics","status":"publish","type":"product","link":"https:\/\/staging.nbg.eu\/hr\/proizvod\/rucica-za-povecanje-sai-optics\/","title":{"rendered":"Ru\u010dica za Pove\u0107anje SAI Optics"},"content":{"rendered":"<div class=\"product-description\">\n<h2>SAI Optika s polugom za brzo prebacivanje<\/h2>\n<ul>\n<li>Brz prijelaz izme\u0111u 1x i 6x pove\u0107anja<\/li>\n<li>Ergonomski dizajn za jednostavno kori\u0161tenje<\/li>\n<\/ul>\n<p>SAI 6\u2122 poluga omogu\u0107uje vam brzo pode\u0161avanje pove\u0107anja bez gubljenja cilja iz vida.<\/p>\n<\/div>\n","protected":false},"excerpt":{"rendered":"<p>Brza promjena uve\u0107anja od 1x do 6x.<\/p>\n","protected":false},"featured_media":78869,"template":"","meta":{"_acf_changed":false},"product_brand":[11697],"product_cat":[13545,13513],"product_tag":[],"class_list":{"0":"post-170370","1":"product","2":"type-product","3":"status-publish","4":"has-post-thumbnail","6":"product_brand-sai-optics","7":"product_cat-nisanjenje","8":"product_cat-optika-s-povecanjem","10":"first","11":"instock","12":"taxable","13":"shipping-taxable","14":"purchasable","15":"product-type-variable","16":"wvs-archive-product-wrapper"},"acf":[],"_links":{"self":[{"href":"https:\/\/staging.nbg.eu\/hr\/wp-json\/wp\/v2\/product\/170370","targetHints":{"allow":["GET"]}}],"collection":[{"href":"https:\/\/staging.nbg.eu\/hr\/wp-json\/wp\/v2\/product"}],"about":[{"href":"https:\/\/staging.nbg.eu\/hr\/wp-json\/wp\/v2\/types\/product"}],"wp:featuredmedia":[{"embeddable":true,"href":"https:\/\/staging.nbg.eu\/hr\/wp-json\/wp\/v2\/media\/78869"}],"wp:attachment":[{"href":"https:\/\/staging.nbg.eu\/hr\/wp-json\/wp\/v2\/media?parent=170370"}],"wp:term":[{"taxonomy":"product_brand","embeddable":true,"href":"https:\/\/staging.nbg.eu\/hr\/wp-json\/wp\/v2\/product_brand?post=170370"},{"taxonomy":"product_cat","embeddable":true,"href":"https:\/\/staging.nbg.eu\/hr\/wp-json\/wp\/v2\/product_cat?post=170370"},{"taxonomy":"product_tag","embeddable":true,"href":"https:\/\/staging.nbg.eu\/hr\/wp-json\/wp\/v2\/product_tag?post=170370"}],"curies":[{"name":"wp","href":"https:\/\/api.w.org\/{rel}","templated":true}]}}