{"id":148508,"date":"2024-11-26T18:52:22","date_gmt":"2024-11-26T18:52:22","guid":{"rendered":"https:\/\/staging.nbg.eu\/product\/geissele-15-round-6mm-arc-magazine-black\/"},"modified":"2025-01-14T13:23:13","modified_gmt":"2025-01-14T13:23:13","slug":"geissele-15-metni-6mm-arc-spremnik-crni","status":"publish","type":"product","link":"https:\/\/staging.nbg.eu\/hr\/proizvod\/geissele-15-metni-6mm-arc-spremnik-crni\/","title":{"rendered":"Geissele 15-metni 6mm ARC Spremnik &#8211; Crni"},"content":{"rendered":"<div class=\"product-description\">\n<h2>Geissele 15 metaka 6mm ARC spremnik \u2013 Crni<\/h2>\n<p>Geissele 6mm ARC spremnik, izdr\u017eljiv i pouzdan.<\/p>\n<ul>\n<li>Pobolj\u0161ana jednodjelna konstrukcija<\/li>\n<li>Laserski zavareno tijelo od nehr\u0111aju\u0107eg \u010delika 410<\/li>\n<li>Sljedbenik protiv naginjanja za glatko punjenje<\/li>\n<li>Premaz od crnog nitrida otporan na koroziju<\/li>\n<li>Kapacitet od 15 metaka<\/li>\n<li>Ukupna duljina 5,0&#8243;<\/li>\n<li>Opruga od nehr\u0111aju\u0107eg \u010delika za dugotrajnost<\/li>\n<\/ul>\n<p>Izra\u0111en u SAD-u, ovaj spremnik osigurava pouzdani rad za 6mm ARC, 6.5 Grendel i 22 ARC metke.<\/p>\n<\/div>\n","protected":false},"excerpt":{"rendered":"<p>I apologize, but there is no product description provided in your message for me to translate. If you&#8217;d like me to translate a product description to Croatian, please provide the text you want translated, and I&#8217;ll be happy to help.<\/p>\n","protected":false},"featured_media":81720,"template":"","meta":{"_acf_changed":false},"product_brand":[11375],"product_cat":[13569,13552],"product_tag":[],"class_list":{"0":"post-148508","1":"product","2":"type-product","3":"status-publish","4":"has-post-thumbnail","6":"product_brand-geissele","7":"product_cat-puska","8":"product_cat-puskovni-spremnici","10":"first","11":"instock","12":"taxable","13":"shipping-taxable","14":"product-type-simple"},"acf":[],"_links":{"self":[{"href":"https:\/\/staging.nbg.eu\/hr\/wp-json\/wp\/v2\/product\/148508","targetHints":{"allow":["GET"]}}],"collection":[{"href":"https:\/\/staging.nbg.eu\/hr\/wp-json\/wp\/v2\/product"}],"about":[{"href":"https:\/\/staging.nbg.eu\/hr\/wp-json\/wp\/v2\/types\/product"}],"wp:featuredmedia":[{"embeddable":true,"href":"https:\/\/staging.nbg.eu\/hr\/wp-json\/wp\/v2\/media\/81720"}],"wp:attachment":[{"href":"https:\/\/staging.nbg.eu\/hr\/wp-json\/wp\/v2\/media?parent=148508"}],"wp:term":[{"taxonomy":"product_brand","embeddable":true,"href":"https:\/\/staging.nbg.eu\/hr\/wp-json\/wp\/v2\/product_brand?post=148508"},{"taxonomy":"product_cat","embeddable":true,"href":"https:\/\/staging.nbg.eu\/hr\/wp-json\/wp\/v2\/product_cat?post=148508"},{"taxonomy":"product_tag","embeddable":true,"href":"https:\/\/staging.nbg.eu\/hr\/wp-json\/wp\/v2\/product_tag?post=148508"}],"curies":[{"name":"wp","href":"https:\/\/api.w.org\/{rel}","templated":true}]}}