{"id":141461,"date":"2025-01-04T07:53:30","date_gmt":"2025-01-10T22:36:28","guid":{"rendered":"https:\/\/staging.nbg.eu\/product\/area-419-s-m-a-l-single-mlok-arcalock-rail\/"},"modified":"2025-01-10T22:38:25","modified_gmt":"2025-01-10T22:38:25","slug":"area-419-smal-jednostruka-mlok-arcalock-tracnica","status":"publish","type":"product","link":"https:\/\/staging.nbg.eu\/hr\/proizvod\/area-419-smal-jednostruka-mlok-arcalock-tracnica\/","title":{"rendered":"Area 419 &#8211; S.M.A.L. &#8211; Jednostruka MLOK ARCALOCK Tra\u010dnica"},"content":{"rendered":"<div class=\"product-description\">\n<h2>Area 419 &#8211; S.M.A.L. &#8211; Jednostruka MLOK ARCALOCK \u0161ina<\/h2>\n<p>S.M.A.L. (Jednostruka MLOK ARCALOCK) \u0161ina je pogodna za montiranje daljinomjera, dalekozora, spottera i SBR-ova.<\/p>\n<ul>\n<li>MLOK to\u010dke za montiranje s uklju\u010denim hardverom<\/li>\n<li>Sredi\u0161nja 1\/4-20 to\u010dka za montiranje (hardver uklju\u010den)<\/li>\n<li>Izra\u0111eno u Americi od 6061-T6 aluminija<\/li>\n<li>Crna tvrdo anodizirana zavr\u0161na obrada<\/li>\n<\/ul>\n<h3>Specifikacije:<\/h3>\n<ul>\n<li>Te\u017eina: 0,18 kg<\/li>\n<li>Dimenzije: 15,24 \u00d7 10,16 \u00d7 2,54 cm<\/li>\n<\/ul>\n<p>S.M.A.L. \u0161ina pru\u017ea rje\u0161enje za montiranje va\u0161e precizne opreme.<\/p>\n<\/div>\n","protected":false},"excerpt":{"rendered":"<p>Kompaktna MLOK ARCALOCK \u0161ina za svestrano montiranje. Izra\u0111ena u SAD-u od 6061-T6 aluminija.<\/p>\n","protected":false},"featured_media":115734,"template":"","meta":{"_acf_changed":false},"product_brand":[11030],"product_cat":[13569,13517,390],"product_tag":[],"class_list":{"0":"post-141461","1":"product","2":"type-product","3":"status-publish","4":"has-post-thumbnail","6":"product_brand-area-419","7":"product_cat-puska","8":"product_cat-tracnice","9":"product_cat-aiming","11":"first","12":"instock","13":"taxable","14":"shipping-taxable","15":"purchasable","16":"product-type-simple"},"acf":[],"_links":{"self":[{"href":"https:\/\/staging.nbg.eu\/hr\/wp-json\/wp\/v2\/product\/141461","targetHints":{"allow":["GET"]}}],"collection":[{"href":"https:\/\/staging.nbg.eu\/hr\/wp-json\/wp\/v2\/product"}],"about":[{"href":"https:\/\/staging.nbg.eu\/hr\/wp-json\/wp\/v2\/types\/product"}],"wp:featuredmedia":[{"embeddable":true,"href":"https:\/\/staging.nbg.eu\/hr\/wp-json\/wp\/v2\/media\/115734"}],"wp:attachment":[{"href":"https:\/\/staging.nbg.eu\/hr\/wp-json\/wp\/v2\/media?parent=141461"}],"wp:term":[{"taxonomy":"product_brand","embeddable":true,"href":"https:\/\/staging.nbg.eu\/hr\/wp-json\/wp\/v2\/product_brand?post=141461"},{"taxonomy":"product_cat","embeddable":true,"href":"https:\/\/staging.nbg.eu\/hr\/wp-json\/wp\/v2\/product_cat?post=141461"},{"taxonomy":"product_tag","embeddable":true,"href":"https:\/\/staging.nbg.eu\/hr\/wp-json\/wp\/v2\/product_tag?post=141461"}],"curies":[{"name":"wp","href":"https:\/\/api.w.org\/{rel}","templated":true}]}}