{"id":141359,"date":"2025-01-04T07:20:19","date_gmt":"2025-01-10T22:31:59","guid":{"rendered":"https:\/\/staging.nbg.eu\/product\/area-419-arcalock-clamp\/"},"modified":"2025-01-10T22:33:57","modified_gmt":"2025-01-10T22:33:57","slug":"area-419-arcalock-stezaljka","status":"publish","type":"product","link":"https:\/\/staging.nbg.eu\/hr\/proizvod\/area-419-arcalock-stezaljka\/","title":{"rendered":"Area 419 &#8211; ARCALOCK Stezaljka"},"content":{"rendered":"<div class=\"product-description\">\n<h2>Area 419 &#8211; ARCALOCK stezaljka<\/h2>\n<p>ARCALOCK stezaljka od Area 419 radi na svim standardnim ARCA\/1,5&#8243; vodilicama, nude\u0107i mehani\u010dki zaklju\u010dano rje\u0161enje za pobolj\u0161anu stabilnost.<\/p>\n<ul>\n<li>Dvostupanjski dizajn vijka za brzo pomicanje i dodatni okretni moment<\/li>\n<li>Kompatibilno s Atlas dvono\u0161cima i prilagodljivo za Harris dvono\u0161ce<\/li>\n<li>Funkcionalnost zaustavljanja na preprekama<\/li>\n<li>Kompatibilno unatrag sa standardnim ARCA vodilicama<\/li>\n<li>Izra\u0111eno od 6061-T6 aluminija s Type III tvrdom anodizacijom<\/li>\n<li>Te\u017eina 72,5 grama<\/li>\n<\/ul>\n<p>Area 419 ARCALOCK stezaljka je dodatak za va\u0161 precizni sustav pu\u0161ke.<\/p>\n<\/div>\n","protected":false},"excerpt":{"rendered":"<p>Sigurna ARCA stezaljka s mehanizmom za zaklju\u010davanje za precizne pu\u0161ke.<\/p>\n","protected":false},"featured_media":115241,"template":"","meta":{"_acf_changed":false},"product_brand":[11030],"product_cat":[13569,13517],"product_tag":[],"class_list":{"0":"post-141359","1":"product","2":"type-product","3":"status-publish","4":"has-post-thumbnail","6":"product_brand-area-419","7":"product_cat-puska","8":"product_cat-tracnice","10":"first","11":"instock","12":"taxable","13":"shipping-taxable","14":"purchasable","15":"product-type-simple"},"acf":[],"_links":{"self":[{"href":"https:\/\/staging.nbg.eu\/hr\/wp-json\/wp\/v2\/product\/141359","targetHints":{"allow":["GET"]}}],"collection":[{"href":"https:\/\/staging.nbg.eu\/hr\/wp-json\/wp\/v2\/product"}],"about":[{"href":"https:\/\/staging.nbg.eu\/hr\/wp-json\/wp\/v2\/types\/product"}],"wp:featuredmedia":[{"embeddable":true,"href":"https:\/\/staging.nbg.eu\/hr\/wp-json\/wp\/v2\/media\/115241"}],"wp:attachment":[{"href":"https:\/\/staging.nbg.eu\/hr\/wp-json\/wp\/v2\/media?parent=141359"}],"wp:term":[{"taxonomy":"product_brand","embeddable":true,"href":"https:\/\/staging.nbg.eu\/hr\/wp-json\/wp\/v2\/product_brand?post=141359"},{"taxonomy":"product_cat","embeddable":true,"href":"https:\/\/staging.nbg.eu\/hr\/wp-json\/wp\/v2\/product_cat?post=141359"},{"taxonomy":"product_tag","embeddable":true,"href":"https:\/\/staging.nbg.eu\/hr\/wp-json\/wp\/v2\/product_tag?post=141359"}],"curies":[{"name":"wp","href":"https:\/\/api.w.org\/{rel}","templated":true}]}}