{"id":141241,"date":"2025-01-04T07:26:25","date_gmt":"2025-01-10T21:45:18","guid":{"rendered":"https:\/\/staging.nbg.eu\/product\/area-419-arcalock-clamp-black\/"},"modified":"2025-01-10T21:47:17","modified_gmt":"2025-01-10T21:47:17","slug":"area-419-arcalock-stezaljka-crna","status":"publish","type":"product","link":"https:\/\/staging.nbg.eu\/hr\/proizvod\/area-419-arcalock-stezaljka-crna\/","title":{"rendered":"Area 419 &#8211; ARCALOCK Stezaljka crna"},"content":{"rendered":"<div class=\"product-description\">\n<h2>Area 419 &#8211; ARCALOCK stezaljka (Crna)<\/h2>\n<p>Area 419 ARCALOCK stezaljka u crnoj boji. Ova stezaljka radi na svim standardnim ARCA\/1,5&#8243; vodilicama, nude\u0107i mehani\u010dki zaklju\u010dano rje\u0161enje za pove\u0107anu stabilnost.<\/p>\n<ul>\n<li>Dvostupanjski vijak za brzo pomicanje i dodatni okretni moment<\/li>\n<li>Kompatibilna s Atlas dvono\u0161cima i prilagodljiva za Harris dvono\u0161ce<\/li>\n<li>Kompatibilna sa standardnim ARCA vodilicama<\/li>\n<li>Izra\u0111ena od 6061-T6 aluminija s crnom anodiziranom zavr\u0161nom obradom tipa III<\/li>\n<li>Vijak od nehr\u0111aju\u0107eg \u010delika 303<\/li>\n<li>Te\u017eina: 72,5 grama<\/li>\n<\/ul>\n<p>Area 419 ARCALOCK stezaljka je dizajnirana i proizvedena u SAD-u.<\/p>\n<\/div>\n","protected":false},"excerpt":{"rendered":"<p>Sigurna ARCA stezaljka za \u0161inu s crnim gumbom za precizne pu\u0161ke.<\/p>\n","protected":false},"featured_media":115365,"template":"","meta":{"_acf_changed":false},"product_brand":[11030],"product_cat":[13569,13517,390],"product_tag":[],"class_list":{"0":"post-141241","1":"product","2":"type-product","3":"status-publish","4":"has-post-thumbnail","6":"product_brand-area-419","7":"product_cat-puska","8":"product_cat-tracnice","9":"product_cat-aiming","11":"first","12":"instock","13":"taxable","14":"shipping-taxable","15":"purchasable","16":"product-type-simple"},"acf":[],"_links":{"self":[{"href":"https:\/\/staging.nbg.eu\/hr\/wp-json\/wp\/v2\/product\/141241","targetHints":{"allow":["GET"]}}],"collection":[{"href":"https:\/\/staging.nbg.eu\/hr\/wp-json\/wp\/v2\/product"}],"about":[{"href":"https:\/\/staging.nbg.eu\/hr\/wp-json\/wp\/v2\/types\/product"}],"wp:featuredmedia":[{"embeddable":true,"href":"https:\/\/staging.nbg.eu\/hr\/wp-json\/wp\/v2\/media\/115365"}],"wp:attachment":[{"href":"https:\/\/staging.nbg.eu\/hr\/wp-json\/wp\/v2\/media?parent=141241"}],"wp:term":[{"taxonomy":"product_brand","embeddable":true,"href":"https:\/\/staging.nbg.eu\/hr\/wp-json\/wp\/v2\/product_brand?post=141241"},{"taxonomy":"product_cat","embeddable":true,"href":"https:\/\/staging.nbg.eu\/hr\/wp-json\/wp\/v2\/product_cat?post=141241"},{"taxonomy":"product_tag","embeddable":true,"href":"https:\/\/staging.nbg.eu\/hr\/wp-json\/wp\/v2\/product_tag?post=141241"}],"curies":[{"name":"wp","href":"https:\/\/api.w.org\/{rel}","templated":true}]}}