{"id":140946,"date":"2025-01-04T08:28:27","date_gmt":"2025-01-04T08:28:27","guid":{"rendered":"https:\/\/staging.nbg.eu\/product\/area-419-arcalock-dual-clamp-with-picatinny\/"},"modified":"2025-01-10T19:09:18","modified_gmt":"2025-01-10T19:09:18","slug":"area-419-arcalock-dvostruka-stezaljka-s-picatinny","status":"publish","type":"product","link":"https:\/\/staging.nbg.eu\/hr\/proizvod\/area-419-arcalock-dvostruka-stezaljka-s-picatinny\/","title":{"rendered":"Area 419 &#8211; ARCALOCK Dvostruka Stezaljka s Picatinny"},"content":{"rendered":"<div class=\"product-description\">\n<h2>Area 419 &#8211; ARCALOCK Dvostruka stezaljka s Picatinny vodilicom<\/h2>\n<p>Stezaljka s dvostrukom funkcijom za ARCALOCK i Picatinny vodilice. Izra\u0111ena u Americi.<\/p>\n<ul>\n<li>Podesiva napetost za obje povr\u0161ine<\/li>\n<li>&#8220;Uklju\u010deno\/Isklju\u010deno&#8221; ARCALOCK prekida\u010d za kompatibilnost s razli\u010ditim proizvo\u0111a\u010dima<\/li>\n<li>Komponente od kaljenog \u010delika za Picatinny vodilicu<\/li>\n<li>ARMS 17S dodatak za kori\u0161tenje s bipodima<\/li>\n<\/ul>\n<p>Izra\u0111ena od aluminija 6061-T6 i nehr\u0111aju\u0107eg \u010delika, te\u017eine 0,57 kg, dimenzija 15,2 cm \u00d7 8,9 cm \u00d7 5,1 cm. Za srednjometno i dugometno pucanje.<\/p>\n<p><strong>Napomena:<\/strong> Nije kompatibilno sa svim Area 419 ARCALOCK ure\u0111ajima, uklju\u010duju\u0107i Garmin XERO Arms i RailChanger X.<\/p>\n<\/div>\n","protected":false},"excerpt":{"rendered":"<p>Vi\u0161enamjenska ARCALOCK\/Picatinny stezaljka za precizno pucanje.<\/p>\n","protected":false},"featured_media":115944,"template":"","meta":{"_acf_changed":false},"product_brand":[11030],"product_cat":[13569,13517],"product_tag":[],"class_list":{"0":"post-140946","1":"product","2":"type-product","3":"status-publish","4":"has-post-thumbnail","6":"product_brand-area-419","7":"product_cat-puska","8":"product_cat-tracnice","10":"first","11":"outofstock","12":"taxable","13":"shipping-taxable","14":"purchasable","15":"product-type-simple"},"acf":[],"_links":{"self":[{"href":"https:\/\/staging.nbg.eu\/hr\/wp-json\/wp\/v2\/product\/140946","targetHints":{"allow":["GET"]}}],"collection":[{"href":"https:\/\/staging.nbg.eu\/hr\/wp-json\/wp\/v2\/product"}],"about":[{"href":"https:\/\/staging.nbg.eu\/hr\/wp-json\/wp\/v2\/types\/product"}],"wp:featuredmedia":[{"embeddable":true,"href":"https:\/\/staging.nbg.eu\/hr\/wp-json\/wp\/v2\/media\/115944"}],"wp:attachment":[{"href":"https:\/\/staging.nbg.eu\/hr\/wp-json\/wp\/v2\/media?parent=140946"}],"wp:term":[{"taxonomy":"product_brand","embeddable":true,"href":"https:\/\/staging.nbg.eu\/hr\/wp-json\/wp\/v2\/product_brand?post=140946"},{"taxonomy":"product_cat","embeddable":true,"href":"https:\/\/staging.nbg.eu\/hr\/wp-json\/wp\/v2\/product_cat?post=140946"},{"taxonomy":"product_tag","embeddable":true,"href":"https:\/\/staging.nbg.eu\/hr\/wp-json\/wp\/v2\/product_tag?post=140946"}],"curies":[{"name":"wp","href":"https:\/\/api.w.org\/{rel}","templated":true}]}}