{"id":140839,"date":"2025-01-04T07:33:44","date_gmt":"2025-01-10T19:00:38","guid":{"rendered":"https:\/\/staging.nbg.eu\/product\/area-419-arcalock-qd-clamp\/"},"modified":"2025-01-10T19:02:42","modified_gmt":"2025-01-10T19:02:42","slug":"area-419-arcalock-qd-stezaljka","status":"publish","type":"product","link":"https:\/\/staging.nbg.eu\/hr\/proizvod\/area-419-arcalock-qd-stezaljka\/","title":{"rendered":"Area 419 &#8211; ARCALOCK QD Stezaljka"},"content":{"rendered":"<div class=\"product-description\">\n<h2>Area 419 &#8211; ARCALOCK QD Stezaljka<\/h2>\n<p>ARCALOCK QD stezaljka tvrtke Area 419 radi na svim standardnim ARCA\/1,5&#8243; vodilicama, nude\u0107i mehani\u010dki zaklju\u010dano rje\u0161enje za pove\u0107anu stabilnost.<\/p>\n<ul>\n<li>Dvostupanjski dizajn vijka za brzo pomicanje i dodatni okretni moment<\/li>\n<li>Kompatibilna s Atlas dvono\u0161cima i prilagodljiva za Harris dvono\u0161ce<\/li>\n<li>Kompatibilna s standardnim ARCA vodilicama<\/li>\n<li>Izra\u0111ena od 6061-T6 aluminija s crnom anodizacijom tipa III<\/li>\n<li>Vijak od nehr\u0111aju\u0107eg \u010delika 303 za izdr\u017eljivost<\/li>\n<li>Te\u017eina samo 72,5 grama<\/li>\n<\/ul>\n<p>ARCALOCK QD stezaljka je dizajnirana i proizvedena u SAD-u od strane Area 419.<\/p>\n<\/div>\n","protected":false},"excerpt":{"rendered":"<p>Brzo odvojiva ARCA stezaljka s mehanizmom za zaklju\u010davanje za sigurno montiranje.<\/p>\n","protected":false},"featured_media":115487,"template":"","meta":{"_acf_changed":false},"product_brand":[11030],"product_cat":[13569,13517,390],"product_tag":[],"class_list":{"0":"post-140839","1":"product","2":"type-product","3":"status-publish","4":"has-post-thumbnail","6":"product_brand-area-419","7":"product_cat-puska","8":"product_cat-tracnice","9":"product_cat-aiming","11":"first","12":"instock","13":"taxable","14":"shipping-taxable","15":"purchasable","16":"product-type-simple"},"acf":[],"_links":{"self":[{"href":"https:\/\/staging.nbg.eu\/hr\/wp-json\/wp\/v2\/product\/140839","targetHints":{"allow":["GET"]}}],"collection":[{"href":"https:\/\/staging.nbg.eu\/hr\/wp-json\/wp\/v2\/product"}],"about":[{"href":"https:\/\/staging.nbg.eu\/hr\/wp-json\/wp\/v2\/types\/product"}],"wp:featuredmedia":[{"embeddable":true,"href":"https:\/\/staging.nbg.eu\/hr\/wp-json\/wp\/v2\/media\/115487"}],"wp:attachment":[{"href":"https:\/\/staging.nbg.eu\/hr\/wp-json\/wp\/v2\/media?parent=140839"}],"wp:term":[{"taxonomy":"product_brand","embeddable":true,"href":"https:\/\/staging.nbg.eu\/hr\/wp-json\/wp\/v2\/product_brand?post=140839"},{"taxonomy":"product_cat","embeddable":true,"href":"https:\/\/staging.nbg.eu\/hr\/wp-json\/wp\/v2\/product_cat?post=140839"},{"taxonomy":"product_tag","embeddable":true,"href":"https:\/\/staging.nbg.eu\/hr\/wp-json\/wp\/v2\/product_tag?post=140839"}],"curies":[{"name":"wp","href":"https:\/\/api.w.org\/{rel}","templated":true}]}}