{"id":140523,"date":"2025-01-04T07:09:46","date_gmt":"2025-01-10T17:47:46","guid":{"rendered":"https:\/\/staging.nbg.eu\/product\/area-419-arcalock-arm-for-garmin-xero\/"},"modified":"2025-01-10T17:50:03","modified_gmt":"2025-01-10T17:50:03","slug":"area-419-arcalock-nosac-za-garmin-xero","status":"publish","type":"product","link":"https:\/\/staging.nbg.eu\/hr\/proizvod\/area-419-arcalock-nosac-za-garmin-xero\/","title":{"rendered":"Area 419 &#8211; ARCALOCK Nosa\u010d za Garmin Xero"},"content":{"rendered":"<div class=\"product-description\">\n<h2>Area 419 &#8211; ARCALOCK ruka za Garmin Xero C1<\/h2>\n<p>ARCALOCK ruka za Garmin Xero C1 omogu\u0107uje vi\u0161estruke opcije monta\u017ee:<\/p>\n<ul>\n<li>U liniji s cijevi (monta\u017ea na vrh ili sa strane)<\/li>\n<li>Pomaknuto koriste\u0107i ARCA \u0161inu ili produljenu picatinny \u0161inu<\/li>\n<li>Odvojivo za upotrebu na bilo kojem ARCA kompatibilnom trono\u0161cu<\/li>\n<\/ul>\n<p>Izra\u0111ena od aluminija, ova ruka ima 17S uzorak monta\u017ee kompatibilan s na\u0161im Arcalock stezaljkama ili QD picatinny polugom. Dodatak za va\u0161 Garmin Xero C1 kronograf.<\/p>\n<h3>Specifikacije:<\/h3>\n<ul>\n<li>Te\u017eina: 454 g<\/li>\n<li>Dimenzije: 15,24 cm \u00d7 10,16 cm \u00d7 2,54 cm<\/li>\n<\/ul>\n<\/div>\n","protected":false},"excerpt":{"rendered":"<p>Vi\u0161enamjenski nosa\u010d za Garmin Xero C1: Kompatibilan s cijevi, \u0161inom ili stativom.<\/p>\n","protected":false},"featured_media":114875,"template":"","meta":{"_acf_changed":false},"product_brand":[11030],"product_cat":[13569,13517],"product_tag":[],"class_list":{"0":"post-140523","1":"product","2":"type-product","3":"status-publish","4":"has-post-thumbnail","6":"product_brand-area-419","7":"product_cat-puska","8":"product_cat-tracnice","10":"first","11":"instock","12":"taxable","13":"shipping-taxable","14":"purchasable","15":"product-type-variable","16":"wvs-archive-product-wrapper"},"acf":[],"_links":{"self":[{"href":"https:\/\/staging.nbg.eu\/hr\/wp-json\/wp\/v2\/product\/140523","targetHints":{"allow":["GET"]}}],"collection":[{"href":"https:\/\/staging.nbg.eu\/hr\/wp-json\/wp\/v2\/product"}],"about":[{"href":"https:\/\/staging.nbg.eu\/hr\/wp-json\/wp\/v2\/types\/product"}],"wp:featuredmedia":[{"embeddable":true,"href":"https:\/\/staging.nbg.eu\/hr\/wp-json\/wp\/v2\/media\/114875"}],"wp:attachment":[{"href":"https:\/\/staging.nbg.eu\/hr\/wp-json\/wp\/v2\/media?parent=140523"}],"wp:term":[{"taxonomy":"product_brand","embeddable":true,"href":"https:\/\/staging.nbg.eu\/hr\/wp-json\/wp\/v2\/product_brand?post=140523"},{"taxonomy":"product_cat","embeddable":true,"href":"https:\/\/staging.nbg.eu\/hr\/wp-json\/wp\/v2\/product_cat?post=140523"},{"taxonomy":"product_tag","embeddable":true,"href":"https:\/\/staging.nbg.eu\/hr\/wp-json\/wp\/v2\/product_tag?post=140523"}],"curies":[{"name":"wp","href":"https:\/\/api.w.org\/{rel}","templated":true}]}}