{"id":140260,"date":"2025-01-04T04:41:18","date_gmt":"2025-01-10T15:15:21","guid":{"rendered":"https:\/\/staging.nbg.eu\/product\/area-419-arcalock-12-m-lok-dovetail-rail\/"},"modified":"2025-01-10T15:17:36","modified_gmt":"2025-01-10T15:17:36","slug":"area-419-arcalock-12-m-lok-dovetail-tracnica","status":"publish","type":"product","link":"https:\/\/staging.nbg.eu\/hr\/proizvod\/area-419-arcalock-12-m-lok-dovetail-tracnica\/","title":{"rendered":"Area 419 &#8211; ARCALOCK 12&#8243; M-LOK Dovetail Tra\u010dnica"},"content":{"rendered":"<div class=\"product-description\">\n<h2>Area 419 &#8211; ARCALOCK 12&#8243; M-LOK Dovetail \u0161ina<\/h2>\n<p>ARCALOCK 12&#8243; M-LOK Dovetail \u0161ina od Area 419 ima sljede\u0107e karakteristike:<\/p>\n<ul>\n<li>Nazubljene strane \u0161ine za mehani\u010dko zaklju\u010davanje s Area 419 stezaljkama<\/li>\n<li>Kompatibilnost s standardnim Arca dodacima<\/li>\n<li>Duljina od 12 in\u010da<\/li>\n<li>Te\u017eina od 4,1 unce<\/li>\n<li>Kompatibilnost s RRS 1,5&#8243; Dovetail standardom<\/li>\n<li>Zaobljeni rubovi i uglovi za udobnost korisnika<\/li>\n<li>Tip 3 tvrda anodizirana zavr\u0161na obrada za izdr\u017eljivost<\/li>\n<li>Izra\u0111eno u SAD-u od 6061-T6 aluminija<\/li>\n<li>M-LOK utori s donje strane za dodatne priklju\u010dke<\/li>\n<\/ul>\n<p>ARCALOCK \u0161ina je dizajnirana za sprje\u010davanje klizanja pod pritiskom. Uklju\u010duje sav potreban M-LOK hardver za monta\u017eu.<\/p>\n<p><strong>Napomena:<\/strong> Potrebno je 6 uzastopnih MLOK utora za pri\u010dvr\u0161\u0107ivanje. Stra\u017enji kosi grani\u010dnik za barikade prodaje se zasebno.<\/p>\n<\/div>\n","protected":false},"excerpt":{"rendered":"<p>Zaklju\u010davaju\u0107a ARCA \u0161ina od 30,5 cm s M-LOK utorima. Nazubljene strane, lagana, izdr\u017eljiva.<\/p>\n","protected":false},"featured_media":112404,"template":"","meta":{"_acf_changed":false},"product_brand":[11030],"product_cat":[13569,13517,390],"product_tag":[],"class_list":{"0":"post-140260","1":"product","2":"type-product","3":"status-publish","4":"has-post-thumbnail","6":"product_brand-area-419","7":"product_cat-puska","8":"product_cat-tracnice","9":"product_cat-aiming","11":"first","12":"instock","13":"taxable","14":"shipping-taxable","15":"purchasable","16":"product-type-variable","17":"wvs-archive-product-wrapper"},"acf":[],"_links":{"self":[{"href":"https:\/\/staging.nbg.eu\/hr\/wp-json\/wp\/v2\/product\/140260","targetHints":{"allow":["GET"]}}],"collection":[{"href":"https:\/\/staging.nbg.eu\/hr\/wp-json\/wp\/v2\/product"}],"about":[{"href":"https:\/\/staging.nbg.eu\/hr\/wp-json\/wp\/v2\/types\/product"}],"wp:featuredmedia":[{"embeddable":true,"href":"https:\/\/staging.nbg.eu\/hr\/wp-json\/wp\/v2\/media\/112404"}],"wp:attachment":[{"href":"https:\/\/staging.nbg.eu\/hr\/wp-json\/wp\/v2\/media?parent=140260"}],"wp:term":[{"taxonomy":"product_brand","embeddable":true,"href":"https:\/\/staging.nbg.eu\/hr\/wp-json\/wp\/v2\/product_brand?post=140260"},{"taxonomy":"product_cat","embeddable":true,"href":"https:\/\/staging.nbg.eu\/hr\/wp-json\/wp\/v2\/product_cat?post=140260"},{"taxonomy":"product_tag","embeddable":true,"href":"https:\/\/staging.nbg.eu\/hr\/wp-json\/wp\/v2\/product_tag?post=140260"}],"curies":[{"name":"wp","href":"https:\/\/api.w.org\/{rel}","templated":true}]}}