{"id":140133,"date":"2025-01-04T04:53:09","date_gmt":"2025-01-10T13:59:56","guid":{"rendered":"https:\/\/staging.nbg.eu\/product\/area-419-arcalock-12-universal-dovetail-rail\/"},"modified":"2025-01-10T14:01:56","modified_gmt":"2025-01-10T14:01:56","slug":"area-419-arcalock-12-univerzalna-laasta-sina","status":"publish","type":"product","link":"https:\/\/staging.nbg.eu\/hr\/proizvod\/area-419-arcalock-12-univerzalna-laasta-sina\/","title":{"rendered":"Area 419 &#8211; ARCALOCK 12&#8243; univerzalna la\u0111asta \u0161ina"},"content":{"rendered":"<div class=\"product-description\">\n<h2>Area 419 &#8211; ARCALOCK 12&#8243; Univerzalna Lastin Rep \u0160ina<\/h2>\n<p>Nadogradite svoju preciznu pu\u0161ku s ARCALOCK 12&#8243; Univerzalnom Lastin Rep \u0160inom od Area 419. Ova \u0161ina ima sljede\u0107e zna\u010dajke:<\/p>\n<ul>\n<li>Nazubljene strane za mehani\u010dko zaklju\u010davanje s Area 419 stezaljkama<\/li>\n<li>Kompatibilnost unazad sa standardnim Arca dodacima<\/li>\n<li>12&#8243; duljina za maksimalnu svestranost<\/li>\n<li>Lagani dizajn od samo 4.1 unce<\/li>\n<li>Kompatibilnost s RRS 1.5&#8243; Lastin Rep Standardom<\/li>\n<li>Zaobljeni rubovi za udobnost i sigurnost<\/li>\n<li>Vi\u0161e to\u010daka pri\u010dvr\u0161\u0107ivanja za stabilnost<\/li>\n<li>Tip 3 Tvrdo anodizirana 6061-T6 aluminijska konstrukcija<\/li>\n<li>Proizvedeno u SAD-u<\/li>\n<\/ul>\n<p>Pobolj\u0161ajte performanse va\u0161e pu\u0161ke s ARCALOCK sustavom \u0161ina. MLOK hardver nije uklju\u010den.<\/p>\n<\/div>\n","protected":false},"excerpt":{"rendered":"<p>Zaklju\u010davaju\u0107a 12&#8243; ARCA \u0161ina za precizne pu\u0161ke. MLOK dijelovi nisu uklju\u010deni.<\/p>\n","protected":false},"featured_media":114642,"template":"","meta":{"_acf_changed":false},"product_brand":[11030],"product_cat":[13569,13517,390],"product_tag":[],"class_list":{"0":"post-140133","1":"product","2":"type-product","3":"status-publish","4":"has-post-thumbnail","6":"product_brand-area-419","7":"product_cat-puska","8":"product_cat-tracnice","9":"product_cat-aiming","11":"first","12":"instock","13":"taxable","14":"shipping-taxable","15":"purchasable","16":"product-type-simple"},"acf":[],"_links":{"self":[{"href":"https:\/\/staging.nbg.eu\/hr\/wp-json\/wp\/v2\/product\/140133","targetHints":{"allow":["GET"]}}],"collection":[{"href":"https:\/\/staging.nbg.eu\/hr\/wp-json\/wp\/v2\/product"}],"about":[{"href":"https:\/\/staging.nbg.eu\/hr\/wp-json\/wp\/v2\/types\/product"}],"wp:featuredmedia":[{"embeddable":true,"href":"https:\/\/staging.nbg.eu\/hr\/wp-json\/wp\/v2\/media\/114642"}],"wp:attachment":[{"href":"https:\/\/staging.nbg.eu\/hr\/wp-json\/wp\/v2\/media?parent=140133"}],"wp:term":[{"taxonomy":"product_brand","embeddable":true,"href":"https:\/\/staging.nbg.eu\/hr\/wp-json\/wp\/v2\/product_brand?post=140133"},{"taxonomy":"product_cat","embeddable":true,"href":"https:\/\/staging.nbg.eu\/hr\/wp-json\/wp\/v2\/product_cat?post=140133"},{"taxonomy":"product_tag","embeddable":true,"href":"https:\/\/staging.nbg.eu\/hr\/wp-json\/wp\/v2\/product_tag?post=140133"}],"curies":[{"name":"wp","href":"https:\/\/api.w.org\/{rel}","templated":true}]}}