{"id":140023,"date":"2025-01-04T08:32:04","date_gmt":"2025-01-10T13:41:26","guid":{"rendered":"https:\/\/staging.nbg.eu\/product\/area-419-arcalock-17-universal-dovetail-rail\/"},"modified":"2025-01-10T13:43:25","modified_gmt":"2025-01-10T13:43:25","slug":"area-419-arcalock-17-univerzalna-laasta-sina","status":"publish","type":"product","link":"https:\/\/staging.nbg.eu\/hr\/proizvod\/area-419-arcalock-17-univerzalna-laasta-sina\/","title":{"rendered":"Area 419 &#8211; ARCALOCK 17&#8243; univerzalna la\u0111asta \u0161ina"},"content":{"rendered":"<div class=\"product-description\">\n<h2>Area 419 &#8211; ARCALOCK 17&#8243; Univerzalna Dovetail \u0160ina<\/h2>\n<p>ARCALOCK Dovetail sustav \u0161ina. Ova 17&#8243; \u0161ina sadr\u017ei:<\/p>\n<ul>\n<li>Nazubljene strane za mehani\u010dko zaklju\u010davanje s Area 419 stezaljkama<\/li>\n<li>Kompatibilnost s standardnim Arca dodacima<\/li>\n<li>Sukladnost s RRS 1.5&#8243; Dovetail standardom<\/li>\n<li>Zaobljeni rubovi<\/li>\n<li>Vi\u0161e to\u010daka za pri\u010dvr\u0161\u0107ivanje<\/li>\n<li>Tip 3 tvrdo anodizirani 6061-T6 aluminij<\/li>\n<li>Proizvedeno u SAD-u od doma\u0107ih materijala<\/li>\n<\/ul>\n<p>Uklju\u010duje produ\u017eeni vijak za akciju tipa Remington 700 i opremu za monta\u017eu.<\/p>\n<p><em>Napomena: Stra\u017enji fiksni grani\u010dnik za barikadu i MLOK oprema nisu uklju\u010deni.<\/em><\/p>\n<\/div>\n","protected":false},"excerpt":{"rendered":"<p>&#8220;Zaklju\u010davaju\u0107a ARCA \u0161ina za precizne pu\u0161ke. 43 cm aluminija proizvedenog u SAD-u.&#8221;<\/p>\n","protected":false},"featured_media":116040,"template":"","meta":{"_acf_changed":false},"product_brand":[11030],"product_cat":[13569,13517,390],"product_tag":[],"class_list":{"0":"post-140023","1":"product","2":"type-product","3":"status-publish","4":"has-post-thumbnail","6":"product_brand-area-419","7":"product_cat-puska","8":"product_cat-tracnice","9":"product_cat-aiming","11":"first","12":"instock","13":"taxable","14":"shipping-taxable","15":"purchasable","16":"product-type-simple"},"acf":[],"_links":{"self":[{"href":"https:\/\/staging.nbg.eu\/hr\/wp-json\/wp\/v2\/product\/140023","targetHints":{"allow":["GET"]}}],"collection":[{"href":"https:\/\/staging.nbg.eu\/hr\/wp-json\/wp\/v2\/product"}],"about":[{"href":"https:\/\/staging.nbg.eu\/hr\/wp-json\/wp\/v2\/types\/product"}],"wp:featuredmedia":[{"embeddable":true,"href":"https:\/\/staging.nbg.eu\/hr\/wp-json\/wp\/v2\/media\/116040"}],"wp:attachment":[{"href":"https:\/\/staging.nbg.eu\/hr\/wp-json\/wp\/v2\/media?parent=140023"}],"wp:term":[{"taxonomy":"product_brand","embeddable":true,"href":"https:\/\/staging.nbg.eu\/hr\/wp-json\/wp\/v2\/product_brand?post=140023"},{"taxonomy":"product_cat","embeddable":true,"href":"https:\/\/staging.nbg.eu\/hr\/wp-json\/wp\/v2\/product_cat?post=140023"},{"taxonomy":"product_tag","embeddable":true,"href":"https:\/\/staging.nbg.eu\/hr\/wp-json\/wp\/v2\/product_tag?post=140023"}],"curies":[{"name":"wp","href":"https:\/\/api.w.org\/{rel}","templated":true}]}}