{"id":139160,"date":"2025-01-04T11:14:34","date_gmt":"2025-01-04T11:14:34","guid":{"rendered":"https:\/\/staging.nbg.eu\/product\/fixed-scope-level-for-area-419-rings-and-mounts\/"},"modified":"2025-01-10T10:27:21","modified_gmt":"2025-01-10T10:27:21","slug":"fiksna-libela-za-optiku-za-area-419-prstenove-i-nosace","status":"publish","type":"product","link":"https:\/\/staging.nbg.eu\/hr\/proizvod\/fiksna-libela-za-optiku-za-area-419-prstenove-i-nosace\/","title":{"rendered":"Fiksna libela za optiku za Area 419 prstenove i nosa\u010de"},"content":{"rendered":"<div class=\"product-description\">\n<h2>Fiksna razina za optiku za Area 419 prstenove i nosa\u010de<\/h2>\n<p>Na\u0161a fiksna razina za optiku dizajnirana je za dobru vidljivost i ponovljivost. Zna\u010dajke uklju\u010duju:<\/p>\n<ul>\n<li>Dobro vidljiva ampula za lako o\u010ditavanje<\/li>\n<li>Vi\u0161enamjenski dizajn kompatibilan s vi\u0161e to\u010daka montiranja<\/li>\n<li>Izra\u0111eno od 6061 aluminija<\/li>\n<li>Proizvedeno u Americi<\/li>\n<\/ul>\n<p>Namijenjeno za strijelce koji zahtijevaju preciznost. Mo\u017ee se montirati na bilo koji od na\u0161ih prstenova i nosa\u010da prema va\u0161em izboru.<\/p>\n<h3>Specifikacije:<\/h3>\n<ul>\n<li>Te\u017eina: 0,23 kg<\/li>\n<li>Dimenzije: 15,24 \u00d7 10,16 \u00d7 2,54 cm<\/li>\n<\/ul>\n<p>Fiksna razina za optiku &#8211; jednostavnost i preciznost.<\/p>\n<\/div>\n","protected":false},"excerpt":{"rendered":"<p>&#8220;Vidljiva, ponovljiva razina libele. Aluminij proizveden u SAD-u. Svestrano montiranje.&#8221;<\/p>\n","protected":false},"featured_media":118913,"template":"","meta":{"_acf_changed":false},"product_brand":[11030],"product_cat":[13545,13502],"product_tag":[],"class_list":{"0":"post-139160","1":"product","2":"type-product","3":"status-publish","4":"has-post-thumbnail","6":"product_brand-area-419","7":"product_cat-nisanjenje","8":"product_cat-pribor-za-nisanjenje","10":"first","11":"instock","12":"taxable","13":"shipping-taxable","14":"purchasable","15":"product-type-simple"},"acf":[],"_links":{"self":[{"href":"https:\/\/staging.nbg.eu\/hr\/wp-json\/wp\/v2\/product\/139160","targetHints":{"allow":["GET"]}}],"collection":[{"href":"https:\/\/staging.nbg.eu\/hr\/wp-json\/wp\/v2\/product"}],"about":[{"href":"https:\/\/staging.nbg.eu\/hr\/wp-json\/wp\/v2\/types\/product"}],"wp:featuredmedia":[{"embeddable":true,"href":"https:\/\/staging.nbg.eu\/hr\/wp-json\/wp\/v2\/media\/118913"}],"wp:attachment":[{"href":"https:\/\/staging.nbg.eu\/hr\/wp-json\/wp\/v2\/media?parent=139160"}],"wp:term":[{"taxonomy":"product_brand","embeddable":true,"href":"https:\/\/staging.nbg.eu\/hr\/wp-json\/wp\/v2\/product_brand?post=139160"},{"taxonomy":"product_cat","embeddable":true,"href":"https:\/\/staging.nbg.eu\/hr\/wp-json\/wp\/v2\/product_cat?post=139160"},{"taxonomy":"product_tag","embeddable":true,"href":"https:\/\/staging.nbg.eu\/hr\/wp-json\/wp\/v2\/product_tag?post=139160"}],"curies":[{"name":"wp","href":"https:\/\/api.w.org\/{rel}","templated":true}]}}