{"id":139051,"date":"2025-01-04T11:21:50","date_gmt":"2025-01-04T11:21:50","guid":{"rendered":"https:\/\/staging.nbg.eu\/product\/area-419-master-funnel-kit\/"},"modified":"2025-01-10T10:21:58","modified_gmt":"2025-01-10T10:21:58","slug":"area-419-master-komplet-lijevaka","status":"publish","type":"product","link":"https:\/\/staging.nbg.eu\/hr\/proizvod\/area-419-master-komplet-lijevaka\/","title":{"rendered":"Area 419 &#8211; Master komplet lijevaka"},"content":{"rendered":"<h2>Area 419 &#8211; Komplet glavnog lijevka<\/h2>\n<p>Komplet Area 419 glavnog lijevka uklju\u010duje:<\/p>\n<ul>\n<li>1 tijelo lijevka<\/li>\n<li>6 glava specifi\u010dnih za kalibar s oznakama u boji (22 cal, 6mm\/243, 6.5mm\/264, 7mm\/284, 30 cal, 338 cal)<\/li>\n<li>1 blok za pohranu<\/li>\n<\/ul>\n<p>Izra\u0111en od 6061-T6 aluminija, ovaj lijevak smanjuje stati\u010dki elektricitet i omogu\u0107uje protok baruta. Zamjenjive glave odgovaraju svakom kalibru. Dizajn uklju\u010duje:<\/p>\n<ul>\n<li>U\u017elijebljenu unutra\u0161njost za bolji protok baruta<\/li>\n<li>Obra\u0111ene ru\u010dke za lak\u0161e dr\u017eanje<\/li>\n<li>Glatke povr\u0161ine za sprje\u010davanje lijepljenja baruta<\/li>\n<\/ul>\n<p>Proizvedeno u SAD-u, ovaj komplet je namijenjen za precizno punjenje streljiva.<\/p>\n","protected":false},"excerpt":{"rendered":"<p>Area 419 Glavni komplet lijevka: Precizno punjenje s 6 kalibara.<\/p>\n","protected":false},"featured_media":119057,"template":"","meta":{"_acf_changed":false},"product_brand":[11030],"product_cat":[13519,13565],"product_tag":[],"class_list":{"0":"post-139051","1":"product","2":"type-product","3":"status-publish","4":"has-post-thumbnail","6":"product_brand-area-419","7":"product_cat-pribor-za-punjenje","8":"product_cat-punjenje-metaka","10":"first","11":"instock","12":"taxable","13":"shipping-taxable","14":"purchasable","15":"product-type-simple"},"acf":[],"_links":{"self":[{"href":"https:\/\/staging.nbg.eu\/hr\/wp-json\/wp\/v2\/product\/139051","targetHints":{"allow":["GET"]}}],"collection":[{"href":"https:\/\/staging.nbg.eu\/hr\/wp-json\/wp\/v2\/product"}],"about":[{"href":"https:\/\/staging.nbg.eu\/hr\/wp-json\/wp\/v2\/types\/product"}],"wp:featuredmedia":[{"embeddable":true,"href":"https:\/\/staging.nbg.eu\/hr\/wp-json\/wp\/v2\/media\/119057"}],"wp:attachment":[{"href":"https:\/\/staging.nbg.eu\/hr\/wp-json\/wp\/v2\/media?parent=139051"}],"wp:term":[{"taxonomy":"product_brand","embeddable":true,"href":"https:\/\/staging.nbg.eu\/hr\/wp-json\/wp\/v2\/product_brand?post=139051"},{"taxonomy":"product_cat","embeddable":true,"href":"https:\/\/staging.nbg.eu\/hr\/wp-json\/wp\/v2\/product_cat?post=139051"},{"taxonomy":"product_tag","embeddable":true,"href":"https:\/\/staging.nbg.eu\/hr\/wp-json\/wp\/v2\/product_tag?post=139051"}],"curies":[{"name":"wp","href":"https:\/\/api.w.org\/{rel}","templated":true}]}}