{"id":138296,"date":"2025-01-04T04:14:08","date_gmt":"2025-01-09T20:33:36","guid":{"rendered":"https:\/\/staging.nbg.eu\/product\/area-419-remington-700-long-action-improved-scope-rail-isr-la\/"},"modified":"2025-01-09T20:36:02","modified_gmt":"2025-01-09T20:36:02","slug":"area-419-remington-700-long-action-poboljsana-sina-za-optiku-isr-la","status":"publish","type":"product","link":"https:\/\/staging.nbg.eu\/hr\/proizvod\/area-419-remington-700-long-action-poboljsana-sina-za-optiku-isr-la\/","title":{"rendered":"Area 419 &#8211; Remington 700 Long Action pobolj\u0161ana \u0161ina za optiku (ISR-LA)"},"content":{"rendered":"<div class=\"product-description\">\n<h2>Area 419 &#8211; Remington 700 Long Action Pobolj\u0161ana \u0160ina za Optiku (ISR-LA)<\/h2>\n<p>Area 419 ISR-LA \u0161ina za optiku. Izra\u0111ena od 7075 aluminija, ova \u0161ina sadr\u017ei:<\/p>\n<ul>\n<li>Integrirani oslonac za smanjenje trzaja<\/li>\n<li>Dostupno u potpuno prore\u017eenom i ARC Top dizajnu<\/li>\n<li>Kompatibilno s vijcima #6 i #8<\/li>\n<li>20 MOA kut za pove\u0107ani domet<\/li>\n<li>U skladu s MIL-STD-1913<\/li>\n<li>Tip III tvrdo anodizirani crni zavr\u0161ni sloj<\/li>\n<\/ul>\n<p>Uklju\u010duje opremu za monta\u017eu i Torx T10 klju\u010d. Odaberite izme\u0111u potpuno prore\u017eenog za univerzalnu kompatibilnost ili ARC Top za jedinstveni izgled. Dimenzije: 21 cm \u00d7 2,54 cm \u00d7 2,54 cm, Te\u017eina: 91 g.<\/p>\n<\/div>\n","protected":false},"excerpt":{"rendered":"<p>Precizno izra\u0111ena 20 MOA \u0161ina za optiku za Remington 700 LA pu\u0161ke.<\/p>\n","protected":false},"featured_media":111597,"template":"","meta":{"_acf_changed":false},"product_brand":[11030],"product_cat":[13569,13517],"product_tag":[],"class_list":{"0":"post-138296","1":"product","2":"type-product","3":"status-publish","4":"has-post-thumbnail","6":"product_brand-area-419","7":"product_cat-puska","8":"product_cat-tracnice","10":"first","11":"instock","12":"taxable","13":"shipping-taxable","14":"purchasable","15":"product-type-variable","16":"wvs-archive-product-wrapper"},"acf":[],"_links":{"self":[{"href":"https:\/\/staging.nbg.eu\/hr\/wp-json\/wp\/v2\/product\/138296","targetHints":{"allow":["GET"]}}],"collection":[{"href":"https:\/\/staging.nbg.eu\/hr\/wp-json\/wp\/v2\/product"}],"about":[{"href":"https:\/\/staging.nbg.eu\/hr\/wp-json\/wp\/v2\/types\/product"}],"wp:featuredmedia":[{"embeddable":true,"href":"https:\/\/staging.nbg.eu\/hr\/wp-json\/wp\/v2\/media\/111597"}],"wp:attachment":[{"href":"https:\/\/staging.nbg.eu\/hr\/wp-json\/wp\/v2\/media?parent=138296"}],"wp:term":[{"taxonomy":"product_brand","embeddable":true,"href":"https:\/\/staging.nbg.eu\/hr\/wp-json\/wp\/v2\/product_brand?post=138296"},{"taxonomy":"product_cat","embeddable":true,"href":"https:\/\/staging.nbg.eu\/hr\/wp-json\/wp\/v2\/product_cat?post=138296"},{"taxonomy":"product_tag","embeddable":true,"href":"https:\/\/staging.nbg.eu\/hr\/wp-json\/wp\/v2\/product_tag?post=138296"}],"curies":[{"name":"wp","href":"https:\/\/api.w.org\/{rel}","templated":true}]}}