{"id":137397,"date":"2025-01-04T07:45:36","date_gmt":"2025-01-09T11:24:10","guid":{"rendered":"https:\/\/staging.nbg.eu\/product\/area-419-picatinny-1913-adapter-for-arcalock-clamps\/"},"modified":"2025-01-09T11:26:08","modified_gmt":"2025-01-09T11:26:08","slug":"area-419-picatinny1913-adapter-za-arcalock-stezaljke","status":"publish","type":"product","link":"https:\/\/staging.nbg.eu\/hr\/proizvod\/area-419-picatinny1913-adapter-za-arcalock-stezaljke\/","title":{"rendered":"Area 419 &#8211; Picatinny\/1913 adapter za ARCALOCK stezaljke"},"content":{"rendered":"<h2>Area 419 &#8211; Picatinny\/1913 adapter za ARCALOCK stezaljke<\/h2>\n<p>Ovaj 4-utorni Picatinny adapter dizajniran je za integraciju s na\u0161om ARCALOCK stezaljkom. Adapter omogu\u0107uje kori\u0161tenje bilo kojeg Picatinny kompatibilnog dvono\u0161ca s va\u0161im postoje\u0107im postavom.<\/p>\n<h2>Glavne zna\u010dajke:<\/h2>\n<ul>\n<li>Kompatibilan s Atlas BT10 2-vij\u010danim modelima, Evo i drugim pic-kompatibilnim dvono\u0161cima<\/li>\n<li>Proizveden interno za bolju kontrolu kvalitete<\/li>\n<li>Integrirani utor za pri\u010dvr\u0161\u0107ivanje remena<\/li>\n<li>Lagani i kompaktni dizajn<\/li>\n<\/ul>\n<h2>Specifikacije:<\/h2>\n<ul>\n<li>Te\u017eina: 0,09 kg<\/li>\n<li>Dimenzije: 5,08 cm \u00d7 1,27 cm \u00d7 1,27 cm<\/li>\n<li>Proizvo\u0111a\u010d: B&amp;T Industries<\/li>\n<\/ul>\n<p>Nadogradite va\u0161u ARCALOCK stezaljku za ve\u0107u svestranost u va\u0161em strelja\u010dkom postavu.<\/p>\n","protected":false},"excerpt":{"rendered":"<p>4-utorni pic \u0161inski sustav za ARCALOCK stezaljku, odgovara Atlas i Evo dvono\u0161cima.<\/p>\n","protected":false},"featured_media":115680,"template":"","meta":{"_acf_changed":false},"product_brand":[11030],"product_cat":[13569,13517,390],"product_tag":[],"class_list":{"0":"post-137397","1":"product","2":"type-product","3":"status-publish","4":"has-post-thumbnail","6":"product_brand-area-419","7":"product_cat-puska","8":"product_cat-tracnice","9":"product_cat-aiming","11":"first","12":"instock","13":"taxable","14":"shipping-taxable","15":"purchasable","16":"product-type-simple"},"acf":[],"_links":{"self":[{"href":"https:\/\/staging.nbg.eu\/hr\/wp-json\/wp\/v2\/product\/137397","targetHints":{"allow":["GET"]}}],"collection":[{"href":"https:\/\/staging.nbg.eu\/hr\/wp-json\/wp\/v2\/product"}],"about":[{"href":"https:\/\/staging.nbg.eu\/hr\/wp-json\/wp\/v2\/types\/product"}],"wp:featuredmedia":[{"embeddable":true,"href":"https:\/\/staging.nbg.eu\/hr\/wp-json\/wp\/v2\/media\/115680"}],"wp:attachment":[{"href":"https:\/\/staging.nbg.eu\/hr\/wp-json\/wp\/v2\/media?parent=137397"}],"wp:term":[{"taxonomy":"product_brand","embeddable":true,"href":"https:\/\/staging.nbg.eu\/hr\/wp-json\/wp\/v2\/product_brand?post=137397"},{"taxonomy":"product_cat","embeddable":true,"href":"https:\/\/staging.nbg.eu\/hr\/wp-json\/wp\/v2\/product_cat?post=137397"},{"taxonomy":"product_tag","embeddable":true,"href":"https:\/\/staging.nbg.eu\/hr\/wp-json\/wp\/v2\/product_tag?post=137397"}],"curies":[{"name":"wp","href":"https:\/\/api.w.org\/{rel}","templated":true}]}}