{"id":136669,"date":"2024-11-26T18:21:35","date_gmt":"2025-01-09T09:43:44","guid":{"rendered":"https:\/\/staging.nbg.eu\/product\/geissele-border-patrol-pistol-11-5-5-56mm-black\/"},"modified":"2025-02-04T09:18:14","modified_gmt":"2025-02-04T09:18:14","slug":"geissele-border-patrol-pistolj-115-556mm-crni","status":"publish","type":"product","link":"https:\/\/staging.nbg.eu\/hr\/proizvod\/geissele-border-patrol-pistolj-115-556mm-crni\/","title":{"rendered":"Geissele Border Patrol pi\u0161tolj, 11.5&#8243;, 5.56MM &#8211; crni"},"content":{"rendered":"<h2>Geissele pu\u0161ka za grani\u010dnu policiju, 11,5&#8243;, 5,56MM &#8211; Crna<\/h2>\n<p>Geissele pu\u0161ka za grani\u010dnu policiju je AR-15 pu\u0161ka dizajnirana za pouzdanu upotrebu u zahtjevnim uvjetima. Ovo lagano i okretno vatreno oru\u017eje nudi iznimnu izvedbu bez kompromisa u pogledu izdr\u017eljivosti.<\/p>\n<h2>Glavne zna\u010dajke:<\/h2>\n<ul>\n<li>11,5&#8243; hladno kovana cijev s kromiranim unutarnjim dijelom i korakom uvijanja 1:7<\/li>\n<li>Plinski sustav duljine karabina s plinskim blokom od nehr\u0111aju\u0107eg \u010delika 17-4<\/li>\n<li>9,6&#8243; MK20 Super Modular Rail s M-Lok utorima<\/li>\n<li>Super Duty kovani gornji i donji prijemnici od aluminija 7075 T6<\/li>\n<li>Geissele Government ru\u010dica za napinjanje za obostranu upotrebu<\/li>\n<li>H2 ubla\u017eiva\u010d trzaja s upletenom \u017ei\u010danom oprugom za pove\u0107anu pouzdanost<\/li>\n<li>ALG Defense Advanced Combat okida\u010d s nikal-boron premazom<\/li>\n<li>SB Tactical SBA3 kundak za pi\u0161tolj<\/li>\n<\/ul>\n<h2>Tehni\u010dke specifikacije:<\/h2>\n<ul>\n<li>Kalibar: 5,56MM NATO<\/li>\n<li>Te\u017eina: Pribli\u017eno 2,7 kg<\/li>\n<li>Duljina: 69,9 cm (sklopljena) do 76,2 cm (izvu\u010dena)<\/li>\n<li>Nosa\u010d zatvara\u010da: Geissele BCG s manganovim fosfatnim premazom<\/li>\n<li>Ure\u0111aj na ustima cijevi: A2 skriva\u010d bljeska<\/li>\n<\/ul>\n<p>Pi\u0161tolj za grani\u010dnu policiju kombinira vojne specifikacije s pobolj\u0161anjima performansi, \u010dine\u0107i ga odli\u010dnim izborom za one koji tra\u017ee pouzdan i izdr\u017eljiv AR-15 pi\u0161tolj za dugotrajnu upotrebu u te\u0161kim uvjetima.<\/p>\n","protected":false},"excerpt":{"rendered":"<p>Kompaktni 11,5&#8243; AR s vrhunskim komponentama za pouzdanost i izvedbu.<\/p>\n","protected":false},"featured_media":191293,"template":"","meta":{"_acf_changed":false},"product_brand":[11375],"product_cat":[13566,13569],"product_tag":[],"class_list":{"0":"post-136669","1":"product","2":"type-product","3":"status-publish","4":"has-post-thumbnail","6":"product_brand-geissele","7":"product_cat-karabini","8":"product_cat-puska","10":"first","11":"instock","12":"taxable","13":"shipping-taxable","14":"product-type-simple"},"acf":[],"_links":{"self":[{"href":"https:\/\/staging.nbg.eu\/hr\/wp-json\/wp\/v2\/product\/136669","targetHints":{"allow":["GET"]}}],"collection":[{"href":"https:\/\/staging.nbg.eu\/hr\/wp-json\/wp\/v2\/product"}],"about":[{"href":"https:\/\/staging.nbg.eu\/hr\/wp-json\/wp\/v2\/types\/product"}],"wp:featuredmedia":[{"embeddable":true,"href":"https:\/\/staging.nbg.eu\/hr\/wp-json\/wp\/v2\/media\/191293"}],"wp:attachment":[{"href":"https:\/\/staging.nbg.eu\/hr\/wp-json\/wp\/v2\/media?parent=136669"}],"wp:term":[{"taxonomy":"product_brand","embeddable":true,"href":"https:\/\/staging.nbg.eu\/hr\/wp-json\/wp\/v2\/product_brand?post=136669"},{"taxonomy":"product_cat","embeddable":true,"href":"https:\/\/staging.nbg.eu\/hr\/wp-json\/wp\/v2\/product_cat?post=136669"},{"taxonomy":"product_tag","embeddable":true,"href":"https:\/\/staging.nbg.eu\/hr\/wp-json\/wp\/v2\/product_tag?post=136669"}],"curies":[{"name":"wp","href":"https:\/\/api.w.org\/{rel}","templated":true}]}}