{"id":134493,"date":"2024-11-26T10:10:26","date_gmt":"2025-01-08T17:59:36","guid":{"rendered":"https:\/\/staging.nbg.eu\/product\/geissele-ak-braided-spring\/"},"modified":"2025-01-08T18:01:41","modified_gmt":"2025-01-08T18:01:41","slug":"geissele-ak-pletena-opruga","status":"publish","type":"product","link":"https:\/\/staging.nbg.eu\/hr\/proizvod\/geissele-ak-pletena-opruga\/","title":{"rendered":"Geissele AK Pletena Opruga"},"content":{"rendered":"<div class=\"product-description\">\n<h2>Geissele AK spiralna opruga<\/h2>\n<p>ALG AK spiralna glavna opruga je zamjena za standardnu povratnu oprugu za AK47\/74 platformu pu\u0161ke. Ova opruga izra\u0111ena u SAD-u ima sljede\u0107e karakteristike:<\/p>\n<ul>\n<li>Tri \u017eice od materijala za glazbene \u017eice<\/li>\n<li>Pletena konstrukcija za izdr\u017eljivost<\/li>\n<li>Pobolj\u0161ano cikliranje i pouzdanost<\/li>\n<li>Kompatibilna s AK47 i AK74 varijantama<\/li>\n<\/ul>\n<p>Ova opruga nudi pobolj\u0161an rad i dosljedne performanse. Pleteni dizajn pru\u017ea dulji vijek trajanja u usporedbi s tradicionalnim oprugama od jedne \u017eice. Ova opruga je nadogradnja za va\u0161u AK pu\u0161ku.<\/p>\n<\/div>\n","protected":false},"excerpt":{"rendered":"<p>Pobolj\u0161ajte performanse AK47\/74 s pletenom glavnom oprugom proizvedenom u SAD-u.<\/p>\n","protected":false},"featured_media":81092,"template":"","meta":{"_acf_changed":false},"product_brand":[11375],"product_cat":[13503],"product_tag":[],"class_list":{"0":"post-134493","1":"product","2":"type-product","3":"status-publish","4":"has-post-thumbnail","6":"product_brand-geissele","7":"product_cat-ak-tuning","9":"first","10":"instock","11":"taxable","12":"shipping-taxable","13":"product-type-simple"},"acf":[],"_links":{"self":[{"href":"https:\/\/staging.nbg.eu\/hr\/wp-json\/wp\/v2\/product\/134493","targetHints":{"allow":["GET"]}}],"collection":[{"href":"https:\/\/staging.nbg.eu\/hr\/wp-json\/wp\/v2\/product"}],"about":[{"href":"https:\/\/staging.nbg.eu\/hr\/wp-json\/wp\/v2\/types\/product"}],"wp:featuredmedia":[{"embeddable":true,"href":"https:\/\/staging.nbg.eu\/hr\/wp-json\/wp\/v2\/media\/81092"}],"wp:attachment":[{"href":"https:\/\/staging.nbg.eu\/hr\/wp-json\/wp\/v2\/media?parent=134493"}],"wp:term":[{"taxonomy":"product_brand","embeddable":true,"href":"https:\/\/staging.nbg.eu\/hr\/wp-json\/wp\/v2\/product_brand?post=134493"},{"taxonomy":"product_cat","embeddable":true,"href":"https:\/\/staging.nbg.eu\/hr\/wp-json\/wp\/v2\/product_cat?post=134493"},{"taxonomy":"product_tag","embeddable":true,"href":"https:\/\/staging.nbg.eu\/hr\/wp-json\/wp\/v2\/product_tag?post=134493"}],"curies":[{"name":"wp","href":"https:\/\/api.w.org\/{rel}","templated":true}]}}