{"id":134205,"date":"2024-11-17T08:22:03","date_gmt":"2025-01-08T17:28:15","guid":{"rendered":"https:\/\/staging.nbg.eu\/product\/geissele-ak-recoil-spring\/"},"modified":"2025-01-08T17:30:17","modified_gmt":"2025-01-08T17:30:17","slug":"geissele-ak-opruga-za-trzaj","status":"publish","type":"product","link":"https:\/\/staging.nbg.eu\/hr\/proizvod\/geissele-ak-opruga-za-trzaj\/","title":{"rendered":"Geissele AK Opruga za Trzaj"},"content":{"rendered":"<div class=\"product-description\">\n<h2>Geissele AK povratna opruga<\/h2>\n<p>ALG AK povratna opruga za AK pu\u0161ke. Ovaj dizajn nudi izdr\u017eljivost i pouzdanost za va\u0161e oru\u017eje.<\/p>\n<ul>\n<li>Proizvedeno od krom-silicijskog \u010delika<\/li>\n<li>Otpornost na udarni \u0161ok i opu\u0161tanje<\/li>\n<li>Dizajn s 2-3 neaktivna navoja u sredini<\/li>\n<li>Sprje\u010dava o\u0161te\u0107enja od harmonika i odr\u017eava slobodnu duljinu<\/li>\n<\/ul>\n<p>Ova opruga ima dizajn koji mijenja svoju prirodnu frekvenciju, osiguravaju\u0107i dosljedne performanse i du\u017ei vijek trajanja. Ova povratna opruga nudi pobolj\u0161anu stabilnost pucanja i smanjeno tro\u0161enje va\u0161eg oru\u017eja.<\/p>\n<\/div>\n","protected":false},"excerpt":{"rendered":"<p>Geissele AK opruga za povrat: Izdr\u017eljiva, otporna na udarce, smanjuje harmonijske vibracije.<\/p>\n","protected":false},"featured_media":81045,"template":"","meta":{"_acf_changed":false},"product_brand":[11375],"product_cat":[13503],"product_tag":[],"class_list":{"0":"post-134205","1":"product","2":"type-product","3":"status-publish","4":"has-post-thumbnail","6":"product_brand-geissele","7":"product_cat-ak-tuning","9":"first","10":"instock","11":"taxable","12":"shipping-taxable","13":"product-type-simple"},"acf":[],"_links":{"self":[{"href":"https:\/\/staging.nbg.eu\/hr\/wp-json\/wp\/v2\/product\/134205","targetHints":{"allow":["GET"]}}],"collection":[{"href":"https:\/\/staging.nbg.eu\/hr\/wp-json\/wp\/v2\/product"}],"about":[{"href":"https:\/\/staging.nbg.eu\/hr\/wp-json\/wp\/v2\/types\/product"}],"wp:featuredmedia":[{"embeddable":true,"href":"https:\/\/staging.nbg.eu\/hr\/wp-json\/wp\/v2\/media\/81045"}],"wp:attachment":[{"href":"https:\/\/staging.nbg.eu\/hr\/wp-json\/wp\/v2\/media?parent=134205"}],"wp:term":[{"taxonomy":"product_brand","embeddable":true,"href":"https:\/\/staging.nbg.eu\/hr\/wp-json\/wp\/v2\/product_brand?post=134205"},{"taxonomy":"product_cat","embeddable":true,"href":"https:\/\/staging.nbg.eu\/hr\/wp-json\/wp\/v2\/product_cat?post=134205"},{"taxonomy":"product_tag","embeddable":true,"href":"https:\/\/staging.nbg.eu\/hr\/wp-json\/wp\/v2\/product_tag?post=134205"}],"curies":[{"name":"wp","href":"https:\/\/api.w.org\/{rel}","templated":true}]}}