{"id":133874,"date":"2025-01-01T20:54:41","date_gmt":"2025-01-08T17:03:41","guid":{"rendered":"https:\/\/staging.nbg.eu\/product\/area-419-offset-mounts-for-match-attachment-points\/"},"modified":"2025-01-08T17:06:06","modified_gmt":"2025-01-08T17:06:06","slug":"area-419-offset-nosaci-za-match-tocke-pricvrscivanja","status":"publish","type":"product","link":"https:\/\/staging.nbg.eu\/hr\/proizvod\/area-419-offset-nosaci-za-match-tocke-pricvrscivanja\/","title":{"rendered":"Area 419 Offset Nosa\u010di za MATCH To\u010dke Pri\u010dvr\u0161\u0107ivanja"},"content":{"rendered":"<h2>Area 419 Offsetni nosa\u010di za MATCH to\u010dke za pri\u010dvr\u0161\u0107ivanje<\/h2>\n<p>Area 419 nudi offsetne nosa\u010de za MATCH to\u010dke za pri\u010dvr\u0161\u0107ivanje za crvene to\u010dkaste ciljnike na karabinima. Ovi nosa\u010di dolaze u jednodijelnom dizajnu i nude sljede\u0107e zna\u010dajke:<\/p>\n<ul>\n<li>Izbor izme\u0111u 35\u00b0 i 45\u00b0 offsetnih kutova<\/li>\n<li>Vi\u0161e lokacija za pri\u010dvr\u0161\u0107ivanje<\/li>\n<li>Te\u017eina: 25 lbs<\/li>\n<li>Dimenzije: 6 \u00d7 4 \u00d7 1 in\u010da<\/li>\n<\/ul>\n<p>Ovi nosa\u010di omogu\u0107uju pode\u0161avanje polo\u017eaja crvenog to\u010dkastog ciljnika. Dizajnirani su za razli\u010dite situacije ga\u0111anja.<\/p>\n","protected":false},"excerpt":{"rendered":"<p>Prilagodljivi 35\u00b0\/45\u00b0 offsetni nosa\u010di za MATCH to\u010dke. Svestrano postavljanje.<\/p>\n","protected":false},"featured_media":109199,"template":"","meta":{"_acf_changed":false},"product_brand":[11030],"product_cat":[13545,13502,13569],"product_tag":[],"class_list":{"0":"post-133874","1":"product","2":"type-product","3":"status-publish","4":"has-post-thumbnail","6":"product_brand-area-419","7":"product_cat-nisanjenje","8":"product_cat-pribor-za-nisanjenje","9":"product_cat-puska","11":"first","12":"instock","13":"taxable","14":"shipping-taxable","15":"purchasable","16":"product-type-variable","17":"wvs-archive-product-wrapper"},"acf":[],"_links":{"self":[{"href":"https:\/\/staging.nbg.eu\/hr\/wp-json\/wp\/v2\/product\/133874","targetHints":{"allow":["GET"]}}],"collection":[{"href":"https:\/\/staging.nbg.eu\/hr\/wp-json\/wp\/v2\/product"}],"about":[{"href":"https:\/\/staging.nbg.eu\/hr\/wp-json\/wp\/v2\/types\/product"}],"wp:featuredmedia":[{"embeddable":true,"href":"https:\/\/staging.nbg.eu\/hr\/wp-json\/wp\/v2\/media\/109199"}],"wp:attachment":[{"href":"https:\/\/staging.nbg.eu\/hr\/wp-json\/wp\/v2\/media?parent=133874"}],"wp:term":[{"taxonomy":"product_brand","embeddable":true,"href":"https:\/\/staging.nbg.eu\/hr\/wp-json\/wp\/v2\/product_brand?post=133874"},{"taxonomy":"product_cat","embeddable":true,"href":"https:\/\/staging.nbg.eu\/hr\/wp-json\/wp\/v2\/product_cat?post=133874"},{"taxonomy":"product_tag","embeddable":true,"href":"https:\/\/staging.nbg.eu\/hr\/wp-json\/wp\/v2\/product_tag?post=133874"}],"curies":[{"name":"wp","href":"https:\/\/api.w.org\/{rel}","templated":true}]}}