{"id":130765,"date":"2025-01-01T20:50:51","date_gmt":"2025-01-07T14:15:23","guid":{"rendered":"https:\/\/staging.nbg.eu\/product\/low-profile-red-dot-plates-for-area-419-tactical-mounts\/"},"modified":"2025-01-07T14:17:44","modified_gmt":"2025-01-07T14:17:44","slug":"niskoprofilne-plocice-za-crvenu-tocku-za-area-419-tactical-nosace","status":"publish","type":"product","link":"https:\/\/staging.nbg.eu\/hr\/proizvod\/niskoprofilne-plocice-za-crvenu-tocku-za-area-419-tactical-nosace\/","title":{"rendered":"Niskoprofilne Plo\u010dice za Crvenu To\u010dku za Area 419 Tactical Nosa\u010de"},"content":{"rendered":"<div class=\"product-description\">\n<h2>Niskoprofilne plo\u010de za crvene to\u010dke za Area 419 takti\u010dke nosa\u010de<\/h2>\n<p>Plo\u010de za crvene to\u010dke niskog profila, dizajnirane za funkcionalnost i preciznost. Ove CNC glodane plo\u010de imaju:<\/p>\n<ul>\n<li>Tip III tvrdo anodiziranu crnu zavr\u0161nu obradu<\/li>\n<li>Pri\u010dvrsne vijke za jednostavnu instalaciju<\/li>\n<li>Proizvedeno u Americi od 7075 aluminija<\/li>\n<li>Dvostruki konusni sustav monta\u017ee za sigurnost<\/li>\n<li>Izdr\u017eljivost i krutost za pobolj\u0161ani povratak u nultu to\u010dku<\/li>\n<\/ul>\n<p>Dostupno u RMR, ACRO i DPP verzijama, kompatibilno s nizom popularnih optika. Te\u017ee 0,11 kg, ove kompaktne plo\u010de (15,2 cm \u00d7 10,2 cm \u00d7 2,5 cm) nude ravnote\u017eu \u010dvrsto\u0107e i lagane konstrukcije.<\/p>\n<p>Area 419 plo\u010de za crvene to\u010dke za takti\u010dke nosa\u010de.<\/p>\n<\/div>\n","protected":false},"excerpt":{"rendered":"<p>Sigurne, vi\u0161enamjenske crvene to\u010dkaste plo\u010de za Area 419 takti\u010dke nosa\u010de.<\/p>\n","protected":false},"featured_media":108990,"template":"","meta":{"_acf_changed":false},"product_brand":[11030],"product_cat":[13545,13502],"product_tag":[],"class_list":{"0":"post-130765","1":"product","2":"type-product","3":"status-publish","4":"has-post-thumbnail","6":"product_brand-area-419","7":"product_cat-nisanjenje","8":"product_cat-pribor-za-nisanjenje","10":"first","11":"instock","12":"taxable","13":"shipping-taxable","14":"purchasable","15":"product-type-variable","16":"wvs-archive-product-wrapper"},"acf":[],"_links":{"self":[{"href":"https:\/\/staging.nbg.eu\/hr\/wp-json\/wp\/v2\/product\/130765","targetHints":{"allow":["GET"]}}],"collection":[{"href":"https:\/\/staging.nbg.eu\/hr\/wp-json\/wp\/v2\/product"}],"about":[{"href":"https:\/\/staging.nbg.eu\/hr\/wp-json\/wp\/v2\/types\/product"}],"wp:featuredmedia":[{"embeddable":true,"href":"https:\/\/staging.nbg.eu\/hr\/wp-json\/wp\/v2\/media\/108990"}],"wp:attachment":[{"href":"https:\/\/staging.nbg.eu\/hr\/wp-json\/wp\/v2\/media?parent=130765"}],"wp:term":[{"taxonomy":"product_brand","embeddable":true,"href":"https:\/\/staging.nbg.eu\/hr\/wp-json\/wp\/v2\/product_brand?post=130765"},{"taxonomy":"product_cat","embeddable":true,"href":"https:\/\/staging.nbg.eu\/hr\/wp-json\/wp\/v2\/product_cat?post=130765"},{"taxonomy":"product_tag","embeddable":true,"href":"https:\/\/staging.nbg.eu\/hr\/wp-json\/wp\/v2\/product_tag?post=130765"}],"curies":[{"name":"wp","href":"https:\/\/api.w.org\/{rel}","templated":true}]}}