{"id":130142,"date":"2024-01-30T18:12:20","date_gmt":"2025-01-07T13:14:29","guid":{"rendered":"https:\/\/staging.nbg.eu\/product\/area-419-cantilevered-tactical-one-piece-scope-mount\/"},"modified":"2025-01-07T13:16:52","modified_gmt":"2025-01-07T13:16:52","slug":"area-419-cantilevered-tactical-jednodijelni-nosac-za-optiku","status":"publish","type":"product","link":"https:\/\/staging.nbg.eu\/hr\/proizvod\/area-419-cantilevered-tactical-jednodijelni-nosac-za-optiku\/","title":{"rendered":"Area 419 Cantilevered Tactical Jednodijelni Nosa\u010d za Optiku"},"content":{"rendered":"<div class=\"product-description\">\n<h2>Area 419 Konzolni takti\u010dki jednodijelni nosa\u010d optike<\/h2>\n<p>Area 419 Konzolni takti\u010dki jednodijelni nosa\u010d optike nudi pouzdanost i dosljednost. Dizajniran za precizne strijelce, ovaj nosa\u010d pru\u017ea \u010dvrst stisak optike.<\/p>\n<h2>Proces proizvodnje<\/h2>\n<ul>\n<li>CNC glodano u Americi od aluminija 7075<\/li>\n<li>Zavr\u0161no bu\u0161enje u setovima za savr\u0161eno poravnanje<\/li>\n<li>Sirovi aluminij, precizno bu\u0161ene kontaktne povr\u0161ine za optiku<\/li>\n<li>Nikad potpuno rastavljen nakon bu\u0161enja<\/li>\n<\/ul>\n<h2>Glavne zna\u010dajke<\/h2>\n<ul>\n<li>Lagani dizajn: 226-255 g po nosa\u010du<\/li>\n<li>Vi\u0161e to\u010daka za montiranje dodatne opreme<\/li>\n<li>Odvojene stezne \u0161ipke za picatinny \u0161inu<\/li>\n<li>Uvu\u010dene stezne no\u017eice za maksimalno pode\u0161avanje monta\u017ee<\/li>\n<li>\u010celi\u010dni vodili\u010dni klinovi izme\u0111u baze i poklopaca<\/li>\n<li>Prilago\u0111eni nitrirani nehr\u0111aju\u0107i hardware<\/li>\n<li>Patent-pending sustav za pri\u010dvr\u0161\u0107ivanje dodatne opreme<\/li>\n<\/ul>\n<h2>Specifikacije<\/h2>\n<ul>\n<li>Te\u017eina: 680 g<\/li>\n<li>Dimenzije: 24,1 \u00d7 14,7 \u00d7 7,1 cm<\/li>\n<li>Opcije promjera cijevi: 30mm, 34mm, 35mm, 36mm<\/li>\n<li>Opcije visine: 34mm, 39mm<\/li>\n<li>Opcije nagiba: 0 MOA, 20 MOA (5,8 MIL)<\/li>\n<\/ul>\n<p>Na\u0161 proizvodni proces stvara nosa\u010d optike koji zadovoljava visoke standarde kvalitete i performansi. Odaberite Area 419 Konzolni takti\u010dki jednodijelni nosa\u010d optike za pouzdano rje\u0161enje monta\u017ee.<\/p>\n<\/div>\n","protected":false},"excerpt":{"rendered":"<p>Precizno izra\u0111en nosa\u010d optike: robustan, lagan, s prstenovima uskla\u0111enim s kona\u010dnim promjerom cijevi za vrhunsku preciznost.<\/p>\n","protected":false},"featured_media":108730,"template":"","meta":{"_acf_changed":false},"product_brand":[11030],"product_cat":[13545],"product_tag":[],"class_list":{"0":"post-130142","1":"product","2":"type-product","3":"status-publish","4":"has-post-thumbnail","6":"product_brand-area-419","7":"product_cat-nisanjenje","9":"first","10":"instock","11":"taxable","12":"shipping-taxable","13":"purchasable","14":"product-type-variable","15":"wvs-archive-product-wrapper"},"acf":[],"_links":{"self":[{"href":"https:\/\/staging.nbg.eu\/hr\/wp-json\/wp\/v2\/product\/130142","targetHints":{"allow":["GET"]}}],"collection":[{"href":"https:\/\/staging.nbg.eu\/hr\/wp-json\/wp\/v2\/product"}],"about":[{"href":"https:\/\/staging.nbg.eu\/hr\/wp-json\/wp\/v2\/types\/product"}],"wp:featuredmedia":[{"embeddable":true,"href":"https:\/\/staging.nbg.eu\/hr\/wp-json\/wp\/v2\/media\/108730"}],"wp:attachment":[{"href":"https:\/\/staging.nbg.eu\/hr\/wp-json\/wp\/v2\/media?parent=130142"}],"wp:term":[{"taxonomy":"product_brand","embeddable":true,"href":"https:\/\/staging.nbg.eu\/hr\/wp-json\/wp\/v2\/product_brand?post=130142"},{"taxonomy":"product_cat","embeddable":true,"href":"https:\/\/staging.nbg.eu\/hr\/wp-json\/wp\/v2\/product_cat?post=130142"},{"taxonomy":"product_tag","embeddable":true,"href":"https:\/\/staging.nbg.eu\/hr\/wp-json\/wp\/v2\/product_tag?post=130142"}],"curies":[{"name":"wp","href":"https:\/\/api.w.org\/{rel}","templated":true}]}}