{"id":129693,"date":"2024-01-30T18:11:57","date_gmt":"2025-01-07T12:19:28","guid":{"rendered":"https:\/\/staging.nbg.eu\/product\/area-419-tactical-one-piece-scope-mount\/"},"modified":"2025-01-07T12:21:52","modified_gmt":"2025-01-07T12:21:52","slug":"area-419-tactical-jednodijelni-nosac-za-optiku","status":"publish","type":"product","link":"https:\/\/staging.nbg.eu\/hr\/proizvod\/area-419-tactical-jednodijelni-nosac-za-optiku\/","title":{"rendered":"Area 419 Tactical Jednodijelni Nosa\u010d za Optiku"},"content":{"rendered":"<div class=\"product-description\">\n<h2>Area 419 Takti\u010dki jednodijelni nosa\u010d optike<\/h2>\n<p>Nosa\u010d optike izra\u0111en s prstenovima prilago\u0111enim zavr\u0161nom promjeru i unutarnjim dijelovima od sirovog aluminija. Ovaj nosa\u010d pru\u017ea \u010dvrst prihvat optike bez dodatne te\u017eine.<\/p>\n<ul>\n<li>CNC izrada u Americi od 7075 aluminija<\/li>\n<li>Sirovi aluminij, precizno bu\u0161ene kontaktne povr\u0161ine za optiku<\/li>\n<li>Vi\u0161estruke to\u010dke za monta\u017eu dodatne opreme<\/li>\n<li>Odvojene stezne \u0161ipke za maksimalni prihvat<\/li>\n<li>\u010celi\u010dni vodilice za poravnanje<\/li>\n<li>Prilago\u0111eni nitrirani hardver od nehr\u0111aju\u0107eg \u010delika<\/li>\n<li>Patentirani ultra-\u010dvrsti gornji priklju\u010dak za dodatnu opremu<\/li>\n<\/ul>\n<p>Dostupno u razli\u010ditim promjerima cijevi i visinama, s opcijama nagiba od 0 MOA ili 20 MOA. Te\u017eina: 0,68 kg. Dimenzije: 24,1 \u00d7 14,7 \u00d7 7,1 cm.<\/p>\n<\/div>\n","protected":false},"excerpt":{"rendered":"<p>Precizno bu\u0161eno, iznimno kruto postolje za optiku koje pru\u017ea nenadma\u0161nu pouzdanost.<\/p>\n","protected":false},"featured_media":108358,"template":"","meta":{"_acf_changed":false},"product_brand":[11030],"product_cat":[13545],"product_tag":[],"class_list":{"0":"post-129693","1":"product","2":"type-product","3":"status-publish","4":"has-post-thumbnail","6":"product_brand-area-419","7":"product_cat-nisanjenje","9":"first","10":"instock","11":"taxable","12":"shipping-taxable","13":"purchasable","14":"product-type-variable","15":"wvs-archive-product-wrapper"},"acf":[],"_links":{"self":[{"href":"https:\/\/staging.nbg.eu\/hr\/wp-json\/wp\/v2\/product\/129693","targetHints":{"allow":["GET"]}}],"collection":[{"href":"https:\/\/staging.nbg.eu\/hr\/wp-json\/wp\/v2\/product"}],"about":[{"href":"https:\/\/staging.nbg.eu\/hr\/wp-json\/wp\/v2\/types\/product"}],"wp:featuredmedia":[{"embeddable":true,"href":"https:\/\/staging.nbg.eu\/hr\/wp-json\/wp\/v2\/media\/108358"}],"wp:attachment":[{"href":"https:\/\/staging.nbg.eu\/hr\/wp-json\/wp\/v2\/media?parent=129693"}],"wp:term":[{"taxonomy":"product_brand","embeddable":true,"href":"https:\/\/staging.nbg.eu\/hr\/wp-json\/wp\/v2\/product_brand?post=129693"},{"taxonomy":"product_cat","embeddable":true,"href":"https:\/\/staging.nbg.eu\/hr\/wp-json\/wp\/v2\/product_cat?post=129693"},{"taxonomy":"product_tag","embeddable":true,"href":"https:\/\/staging.nbg.eu\/hr\/wp-json\/wp\/v2\/product_tag?post=129693"}],"curies":[{"name":"wp","href":"https:\/\/api.w.org\/{rel}","templated":true}]}}