{"id":129089,"date":"2025-01-01T20:36:12","date_gmt":"2025-01-07T10:12:36","guid":{"rendered":"https:\/\/staging.nbg.eu\/product\/high-profile-red-dot-plates-for-area-419-tactical-mounts\/"},"modified":"2025-01-07T10:14:57","modified_gmt":"2025-01-07T10:14:57","slug":"visokoprofilne-plocice-za-crvenu-tocku-za-area-419-tactical-nosace","status":"publish","type":"product","link":"https:\/\/staging.nbg.eu\/hr\/proizvod\/visokoprofilne-plocice-za-crvenu-tocku-za-area-419-tactical-nosace\/","title":{"rendered":"Visokoprofilne Plo\u010dice za Crvenu To\u010dku za Area 419 Tactical Nosa\u010de"},"content":{"rendered":"<h2>Visokoprofilne plo\u010de s crvenom to\u010dkom za Area 419 takti\u010dke nosa\u010de<\/h2>\n<p>Na\u0161e visokoprofilne plo\u010de s crvenom to\u010dkom dizajnirane su za takti\u010dki jednodijelni nosa\u010d optike. Ove plo\u010de nude funkcionalnost i izdr\u017eljivost.<\/p>\n<h2>Klju\u010dne zna\u010dajke:<\/h2>\n<ul>\n<li>Patentirana monta\u017ea s dvostrukim konusom za sigurno pri\u010dvr\u0161\u0107ivanje<\/li>\n<li>Kompatibilno s libelama, karticama za balistiku, crvenim to\u010dkama i laserskim daljinomjerima<\/li>\n<li>Izdr\u017eljivost i krutost za povratak na nulu<\/li>\n<li>Dostupno u standardnoj i niskoj visini<\/li>\n<li>CNC izrada u Americi od 7075 aluminija<\/li>\n<li>Tip III tvrdo anodizirana crna zavr\u0161na obrada<\/li>\n<\/ul>\n<p>Odaberite izme\u0111u standardne (1,11&#8243; visine) i niske (0,70&#8243; visine) opcije prema va\u0161im potrebama. Obje imaju MIL-STD-1913 specifikaciju \u0161ina i vijke za monta\u017eu za jednostavnu instalaciju.<\/p>\n<p>Te\u017eina: 1 lbs<br \/>\nDimenzije: 6 \u00d7 3,5 \u00d7 2 in<\/p>\n","protected":false},"excerpt":{"rendered":"<p>Sigurna, vi\u0161enamjenska \u0161ina za crvene to\u010dke i dodatke na takti\u010dkim nosa\u010dima.<\/p>\n","protected":false},"featured_media":108706,"template":"","meta":{"_acf_changed":false},"product_brand":[11030],"product_cat":[13545,13502],"product_tag":[],"class_list":{"0":"post-129089","1":"product","2":"type-product","3":"status-publish","4":"has-post-thumbnail","6":"product_brand-area-419","7":"product_cat-nisanjenje","8":"product_cat-pribor-za-nisanjenje","10":"first","11":"instock","12":"taxable","13":"shipping-taxable","14":"purchasable","15":"product-type-variable","16":"wvs-archive-product-wrapper"},"acf":[],"_links":{"self":[{"href":"https:\/\/staging.nbg.eu\/hr\/wp-json\/wp\/v2\/product\/129089","targetHints":{"allow":["GET"]}}],"collection":[{"href":"https:\/\/staging.nbg.eu\/hr\/wp-json\/wp\/v2\/product"}],"about":[{"href":"https:\/\/staging.nbg.eu\/hr\/wp-json\/wp\/v2\/types\/product"}],"wp:featuredmedia":[{"embeddable":true,"href":"https:\/\/staging.nbg.eu\/hr\/wp-json\/wp\/v2\/media\/108706"}],"wp:attachment":[{"href":"https:\/\/staging.nbg.eu\/hr\/wp-json\/wp\/v2\/media?parent=129089"}],"wp:term":[{"taxonomy":"product_brand","embeddable":true,"href":"https:\/\/staging.nbg.eu\/hr\/wp-json\/wp\/v2\/product_brand?post=129089"},{"taxonomy":"product_cat","embeddable":true,"href":"https:\/\/staging.nbg.eu\/hr\/wp-json\/wp\/v2\/product_cat?post=129089"},{"taxonomy":"product_tag","embeddable":true,"href":"https:\/\/staging.nbg.eu\/hr\/wp-json\/wp\/v2\/product_tag?post=129089"}],"curies":[{"name":"wp","href":"https:\/\/api.w.org\/{rel}","templated":true}]}}