{"id":128622,"date":"2025-01-01T20:31:02","date_gmt":"2025-01-07T09:58:25","guid":{"rendered":"https:\/\/staging.nbg.eu\/product\/area-419-tactical-one-piece-mount-diving-board\/"},"modified":"2025-01-07T10:01:16","modified_gmt":"2025-01-07T10:01:16","slug":"area-419-tactical-jednodijelni-nosac-diving-board","status":"publish","type":"product","link":"https:\/\/staging.nbg.eu\/hr\/proizvod\/area-419-tactical-jednodijelni-nosac-diving-board\/","title":{"rendered":"Area 419 &#8211; Tactical Jednodijelni Nosa\u010d Diving Board"},"content":{"rendered":"<div class=\"product-description\">\n<h2>Area 419 &#8211; Takti\u010dki jednodijelni nosa\u010d za optiku<\/h2>\n<p>Nosa\u010d za optiku s dvostrukim konusnim to\u010dkama montiranja. Ovaj dodatak nudi sigurnost i svestranost za va\u0161u opti\u010dku opremu. Prikladan za postavljanje libela, kartica s podacima, crvenih to\u010dkastih ciljnika i laserskih daljinomjera.<\/p>\n<h3>Glavne zna\u010dajke:<\/h3>\n<ul>\n<li>Dostupno u standardnoj i niskoj visini<\/li>\n<li>MIL-STD-1913 \u0161ina (10 utora za standardnu, 6 za nisku)<\/li>\n<li>Tip III tvrdo anodizirana crna zavr\u0161na obrada<\/li>\n<li>Vijci za monta\u017eu za jednostavnu instalaciju<\/li>\n<li>CNC obra\u0111eno u Americi od 7075 aluminija<\/li>\n<li>Masa: 70,9 g (standardni) ili 42,5 g (niski)<\/li>\n<\/ul>\n<p>Area 419 Takti\u010dki jednodijelni nosa\u010d za optiku &#8211; rje\u0161enje za preciznost i stabilnost.<\/p>\n<\/div>\n","protected":false},"excerpt":{"rendered":"<p>\u010cvrsta, vi\u0161enamjenska \u0161ina za montiranje optike. Sigurna, izdr\u017eljiva, proizvedena u Americi.<\/p>\n","protected":false},"featured_media":108383,"template":"","meta":{"_acf_changed":false},"product_brand":[11030],"product_cat":[13545,13502],"product_tag":[],"class_list":{"0":"post-128622","1":"product","2":"type-product","3":"status-publish","4":"has-post-thumbnail","6":"product_brand-area-419","7":"product_cat-nisanjenje","8":"product_cat-pribor-za-nisanjenje","10":"first","11":"instock","12":"taxable","13":"shipping-taxable","14":"purchasable","15":"product-type-variable","16":"wvs-archive-product-wrapper"},"acf":[],"_links":{"self":[{"href":"https:\/\/staging.nbg.eu\/hr\/wp-json\/wp\/v2\/product\/128622","targetHints":{"allow":["GET"]}}],"collection":[{"href":"https:\/\/staging.nbg.eu\/hr\/wp-json\/wp\/v2\/product"}],"about":[{"href":"https:\/\/staging.nbg.eu\/hr\/wp-json\/wp\/v2\/types\/product"}],"wp:featuredmedia":[{"embeddable":true,"href":"https:\/\/staging.nbg.eu\/hr\/wp-json\/wp\/v2\/media\/108383"}],"wp:attachment":[{"href":"https:\/\/staging.nbg.eu\/hr\/wp-json\/wp\/v2\/media?parent=128622"}],"wp:term":[{"taxonomy":"product_brand","embeddable":true,"href":"https:\/\/staging.nbg.eu\/hr\/wp-json\/wp\/v2\/product_brand?post=128622"},{"taxonomy":"product_cat","embeddable":true,"href":"https:\/\/staging.nbg.eu\/hr\/wp-json\/wp\/v2\/product_cat?post=128622"},{"taxonomy":"product_tag","embeddable":true,"href":"https:\/\/staging.nbg.eu\/hr\/wp-json\/wp\/v2\/product_tag?post=128622"}],"curies":[{"name":"wp","href":"https:\/\/api.w.org\/{rel}","templated":true}]}}