{"id":106735,"date":"2024-11-16T10:23:45","date_gmt":"2024-12-30T09:54:13","guid":{"rendered":"https:\/\/staging.nbg.eu\/product\/sai-optics-model-sai-6-1x-6x\/"},"modified":"2024-12-30T09:57:14","modified_gmt":"2024-12-30T09:57:14","slug":"sai-optics-model-sai-6-1x-6x","status":"publish","type":"product","link":"https:\/\/staging.nbg.eu\/hr\/proizvod\/sai-optics-model-sai-6-1x-6x\/","title":{"rendered":"SAI Optics\u2122 Model SAI 6\u2122 &#8211; 1x-6x"},"content":{"rendered":"<h2>SAI Optika Model SAI 6 &#8211; 1x-6x<\/h2>\n<p>SAI 6 serija opti\u010dkog ciljnika nudi izdr\u017eljivo i vi\u0161enamjensko rje\u0161enje za potrebe promjenjivog pove\u0107anja. Sadr\u017ei LED osvijetljenu mre\u017eicu u prvoj \u017eari\u0161noj ravnini, osiguravaju\u0107i precizno odre\u0111ivanje udaljenosti i balisti\u010dku kompenzaciju pri bilo kojem pove\u0107anju. Mre\u017eica i vidno polje pobolj\u0161avaju u\u010dinkovitost na kratkim udaljenostima.<\/p>\n<h2>Glavne zna\u010dajke:<\/h2>\n<ul>\n<li>Pove\u0107anje: 1x-6x<\/li>\n<li>Oja\u010dani cjevasti dizajn za modularno montiranje<\/li>\n<li>LED osvijetljena mre\u017eica s 10 postavki<\/li>\n<li>Dostupne mre\u017eice: 5.56 BDC, 6.8 BDC, 7.62 BDC<\/li>\n<li>Vodootpornost: 2 sata na 3 metra<\/li>\n<li>Otpornost na udarce: 1000g na 10,000 ciklusa<\/li>\n<\/ul>\n<h2>Mre\u017eice:<\/h2>\n<ul>\n<li>5.56 BDC &#8211; Mre\u017eica za brzo ciljanje<\/li>\n<li>6.8 BDC &#8211; Mre\u017eica za brzo ciljanje<\/li>\n<li>7.62 BDC &#8211; Mre\u017eica za brzo ciljanje<\/li>\n<\/ul>\n<h2>Specifikacije:<\/h2>\n<ul>\n<li>Duljina: 256mm (10.07in)<\/li>\n<li>Te\u017eina: 510g (18.0oz)<\/li>\n<li>Promjer cijevi: 30mm<\/li>\n<li>Vidno polje pri 1x: 22 stupnja (38.8m na 100m)<\/li>\n<li>Odmak oka: 90mm (3.54in) nominalno<\/li>\n<li>Tip baterije: CR2032 3v litij<\/li>\n<\/ul>\n<h2>Standardni dodaci:<\/h2>\n<ul>\n<li>Tenebraex poklopci za le\u0107e<\/li>\n<li>Tenebraex ure\u0111aj protiv refleksije<\/li>\n<li>Vezica za zadr\u017eavanje poklopca za pode\u0161avanje<\/li>\n<li>Disk za uklanjanje baterije<\/li>\n<\/ul>\n<p>SAI 6 serija dizajnirana je za opti\u010dku izvedbu u grubim uvjetima, prihva\u0107aju\u0107i napredna pobolj\u0161anja kao \u0161to su preklopni poklopci, laserski filtri i polarizatori.<\/p>\n","protected":false},"excerpt":{"rendered":"<p>SAI 6\u2122: Robusni 1x-6x LED ciljnik s FFP kon\u010danicom i \u0161irokim vidnim poljem.<\/p>\n","protected":false},"featured_media":79681,"template":"","meta":{"_acf_changed":false},"product_brand":[11697],"product_cat":[13545,13513],"product_tag":[],"class_list":{"0":"post-106735","1":"product","2":"type-product","3":"status-publish","4":"has-post-thumbnail","6":"product_brand-sai-optics","7":"product_cat-nisanjenje","8":"product_cat-optika-s-povecanjem","10":"first","11":"instock","12":"taxable","13":"shipping-taxable","14":"purchasable","15":"product-type-variable","16":"wvs-archive-product-wrapper"},"acf":[],"_links":{"self":[{"href":"https:\/\/staging.nbg.eu\/hr\/wp-json\/wp\/v2\/product\/106735","targetHints":{"allow":["GET"]}}],"collection":[{"href":"https:\/\/staging.nbg.eu\/hr\/wp-json\/wp\/v2\/product"}],"about":[{"href":"https:\/\/staging.nbg.eu\/hr\/wp-json\/wp\/v2\/types\/product"}],"wp:featuredmedia":[{"embeddable":true,"href":"https:\/\/staging.nbg.eu\/hr\/wp-json\/wp\/v2\/media\/79681"}],"wp:attachment":[{"href":"https:\/\/staging.nbg.eu\/hr\/wp-json\/wp\/v2\/media?parent=106735"}],"wp:term":[{"taxonomy":"product_brand","embeddable":true,"href":"https:\/\/staging.nbg.eu\/hr\/wp-json\/wp\/v2\/product_brand?post=106735"},{"taxonomy":"product_cat","embeddable":true,"href":"https:\/\/staging.nbg.eu\/hr\/wp-json\/wp\/v2\/product_cat?post=106735"},{"taxonomy":"product_tag","embeddable":true,"href":"https:\/\/staging.nbg.eu\/hr\/wp-json\/wp\/v2\/product_tag?post=106735"}],"curies":[{"name":"wp","href":"https:\/\/api.w.org\/{rel}","templated":true}]}}