{"id":105535,"date":"2024-01-30T18:14:32","date_gmt":"2024-12-30T09:10:05","guid":{"rendered":"https:\/\/staging.nbg.eu\/product\/tangent-theta-tt315p-3-15x50mm-professional\/"},"modified":"2024-12-30T09:11:51","modified_gmt":"2024-12-30T09:11:51","slug":"tangent-theta-tt315p-3-15x50mm-professional","status":"publish","type":"product","link":"https:\/\/staging.nbg.eu\/hr\/proizvod\/tangent-theta-tt315p-3-15x50mm-professional\/","title":{"rendered":"Tangent Theta TT315P (3-15x50mm Professional)"},"content":{"rendered":"<div class=\"product-description\">\n<h2>Tangent Theta TT315P (3-15x50mm Profesionalni) Pu\u0161karski Teleskop<\/h2>\n<p>Tangent Theta 3-15x50mm model TT315P je teleskop dizajniran za profesionalne strijelce za scenarije ga\u0111anja na velike udaljenosti.<\/p>\n<h2>Klju\u010dne zna\u010dajke:<\/h2>\n<ul>\n<li>50mm objektiv za prikupljanje svjetlosti<\/li>\n<li>34mm glavna cijev za izdr\u017eljivost i opseg pode\u0161avanja<\/li>\n<li>3-15x raspon pove\u0107anja<\/li>\n<li>Patentirani TOOL-LESS RE-ZERO\u00ae zna\u010dajka (US Patent # 10,591,253)<\/li>\n<li>11 postavki osvjetljenja kon\u010danice<\/li>\n<li>Bo\u010dno pode\u0161avanje paralakse od 50m do beskona\u010dnosti<\/li>\n<li>Nepomi\u010dni gumbi s elevacijskim zaustavljanjem na nuli<\/li>\n<li>Dvostruki okret elevacije s indikatorom revolucije<\/li>\n<li>Zaklju\u010davaju\u0107a diopterska korekcija<\/li>\n<\/ul>\n<h2>Opcije kon\u010danice:<\/h2>\n<ul>\n<li>Gen 2XR<\/li>\n<li>MoA<\/li>\n<li>Gen 2 Mil-Dot<\/li>\n<li>Gen 3XR<\/li>\n<\/ul>\n<h2>Preciznost i izdr\u017eljivost:<\/h2>\n<p>Izra\u0111en u Kanadi, TT315P je dizajniran za izdr\u017eavanje te\u0161kih uvjeta okoline. Njegova konstrukcija je upotpunjena preciznim taktilnim odzivom u mehanizmima elevacije i vjetra.<\/p>\n<h2>Opti\u010dka kvaliteta:<\/h2>\n<p>S vidnim poljem (12.8m @ 100m pri 3x, 2.8m @ 100m pri 15x) i udaljeno\u0161\u0107u oka od 90mm, TT315P pru\u017ea jasnu sliku. Objektiv od 50mm maksimizira prijenos svjetlosti.<\/p>\n<h2>Mogu\u0107nosti pode\u0161avanja:<\/h2>\n<p>Ukupni raspon pode\u0161avanja elevacije je 34 mrad (117 MoA) i vjetra \u00b18 mrad (\u00b127 MoA), s preciznim pode\u0161avanjima od 0.1 mrad ili 1\/4 MoA. TOOL-LESS RE-ZERO\u00ae mehanizam omogu\u0107uje brzo nuliranje na terenu.<\/p>\n<h2>Otpornost na okoli\u0161:<\/h2>\n<p>Vodootporan do 10 metara tijekom 4 sata i otporan na udarce do 700g&#8217;s pri 10,000 ciklusa. Ima Type II anodizirani mat zavr\u0161ni sloj za za\u0161titu od habanja i korozije.<\/p>\n<p>Tangent Theta TT315P je pu\u0161karskI teleskop za zahtjevne profesionalne primjene.<\/p>\n<\/div>\n","protected":false},"excerpt":{"rendered":"<p>Tangent Theta TT315P: 3-15x50mm precizni opti\u010dki ciljnik za profesionalne strijelce. Robustan, s mogu\u0107no\u0161\u0107u pode\u0161avanja nule bez alata.<\/p>\n","protected":false},"featured_media":100821,"template":"","meta":{"_acf_changed":false},"product_brand":[11881],"product_cat":[13545,13513],"product_tag":[],"class_list":{"0":"post-105535","1":"product","2":"type-product","3":"status-publish","4":"has-post-thumbnail","6":"product_brand-tangent-theta","7":"product_cat-nisanjenje","8":"product_cat-optika-s-povecanjem","10":"first","11":"instock","12":"taxable","13":"shipping-taxable","14":"purchasable","15":"product-type-variable","16":"wvs-archive-product-wrapper"},"acf":[],"_links":{"self":[{"href":"https:\/\/staging.nbg.eu\/hr\/wp-json\/wp\/v2\/product\/105535","targetHints":{"allow":["GET"]}}],"collection":[{"href":"https:\/\/staging.nbg.eu\/hr\/wp-json\/wp\/v2\/product"}],"about":[{"href":"https:\/\/staging.nbg.eu\/hr\/wp-json\/wp\/v2\/types\/product"}],"wp:featuredmedia":[{"embeddable":true,"href":"https:\/\/staging.nbg.eu\/hr\/wp-json\/wp\/v2\/media\/100821"}],"wp:attachment":[{"href":"https:\/\/staging.nbg.eu\/hr\/wp-json\/wp\/v2\/media?parent=105535"}],"wp:term":[{"taxonomy":"product_brand","embeddable":true,"href":"https:\/\/staging.nbg.eu\/hr\/wp-json\/wp\/v2\/product_brand?post=105535"},{"taxonomy":"product_cat","embeddable":true,"href":"https:\/\/staging.nbg.eu\/hr\/wp-json\/wp\/v2\/product_cat?post=105535"},{"taxonomy":"product_tag","embeddable":true,"href":"https:\/\/staging.nbg.eu\/hr\/wp-json\/wp\/v2\/product_tag?post=105535"}],"curies":[{"name":"wp","href":"https:\/\/api.w.org\/{rel}","templated":true}]}}