{"id":84510,"date":"2024-11-17T07:25:58","date_gmt":"2024-12-18T10:04:28","guid":{"rendered":"https:\/\/staging.nbg.eu\/product\/tangent-theta-tt315m-3-15x50mm-marksman\/"},"modified":"2024-12-30T08:45:01","modified_gmt":"2024-12-30T08:45:01","slug":"tangent-theta-tt315m-3-15x50mm-marksman","status":"publish","type":"product","link":"https:\/\/staging.nbg.eu\/fr\/produit\/tangent-theta-tt315m-3-15x50mm-marksman\/","title":{"rendered":"Tangent Theta TT315M (3-15x50mm Marksman)"},"content":{"rendered":"<div class=\"product-description\">\n<p>Tangent Theta a \u00e9t\u00e9 fond\u00e9e en 2013 en Nouvelle-\u00c9cosse, Canada, dans le but de produire les meilleures lunettes de vis\u00e9e au monde. Les lunettes sont assembl\u00e9es \u00e0 la main, test\u00e9es et inspect\u00e9es individuellement par une \u00e9quipe de concepteurs optiques, d&rsquo;ing\u00e9nieurs m\u00e9caniciens et de tireurs longue distance de classe internationale.<\/p>\n<h2>Lunette de vis\u00e9e Tangent Theta TT315M 3-15x50mm<\/h2>\n<p>La Tangent Theta TT315M est un instrument de vis\u00e9e de pr\u00e9cision \u00e0 moyenne port\u00e9e con\u00e7u pour les tireurs de police et de s\u00e9curit\u00e9. Cette lunette de vis\u00e9e professionnelle \u00e0 poids r\u00e9duit combine technologie avanc\u00e9e et performance optique.<\/p>\n<h2>Caract\u00e9ristiques principales :<\/h2>\n<ul>\n<li>Objectif de 50 mm pour une meilleure capture de lumi\u00e8re<\/li>\n<li>Tube principal de 30 mm pour une durabilit\u00e9 accrue<\/li>\n<li>Indicateur m\u00e9canique de direction du vent<\/li>\n<li>11 r\u00e9glages d&rsquo;illumination du r\u00e9ticule pour diff\u00e9rentes conditions d&rsquo;\u00e9clairage<\/li>\n<li>R\u00e9glage de la parallaxe lat\u00e9rale pour une mise au point pr\u00e9cise<\/li>\n<li>Boutons non-translatifs avec but\u00e9e \u00e0 z\u00e9ro en \u00e9l\u00e9vation<\/li>\n<li>\u00c9l\u00e9vation \u00e0 double tour avec indicateur de r\u00e9volution et de direction du vent<\/li>\n<li>Plage de grossissement polyvalente de 3-15x<\/li>\n<li>Dioptrie \u00e0 r\u00e9glage rapide verrouillable<\/li>\n<\/ul>\n<h2>Excellence optique :<\/h2>\n<p>La TT315M poss\u00e8de un chemin optique optimis\u00e9, offrant une qualit\u00e9 d&rsquo;image \u00e9lev\u00e9e. Cela permet aux tireurs de discerner les d\u00e9tails de la cible et de maintenir la vis\u00e9e pendant de longues p\u00e9riodes sans fatigue oculaire.<\/p>\n<h2>R\u00e9glages de pr\u00e9cision :<\/h2>\n<p>Avec des m\u00e9canismes de r\u00e9glage pr\u00e9cis avec but\u00e9es \u00e0 z\u00e9ro, indicateurs de r\u00e9volution m\u00e9canique et de direction du vent, la TT315M r\u00e9duit les erreurs de r\u00e9glage, assurant la pr\u00e9cision dans les situations critiques.<\/p>\n<h2>Options de r\u00e9ticule :<\/h2>\n<ul>\n<li>Gen 2XR<\/li>\n<li>MoA<\/li>\n<li>Gen 2 Mil-Dot<\/li>\n<li>Gen 3XR<\/li>\n<\/ul>\n<h2>Sp\u00e9cifications techniques :<\/h2>\n<ul>\n<li>Longueur : 351 mm<\/li>\n<li>Poids : 786 g<\/li>\n<li>Champ de vision \u00e0 3x : 7,3 degr\u00e9s (12,8 m \u00e0 100 m)<\/li>\n<li>Champ de vision \u00e0 15x : 1,6 degr\u00e9s (2,8 m \u00e0 100 m)<\/li>\n<li>D\u00e9gagement oculaire : 90 mm<\/li>\n<li>Plage totale de r\u00e9glage en \u00e9l\u00e9vation : 18 mrad (60 MoA)<\/li>\n<li>Plage totale de r\u00e9glage en d\u00e9rive : +\/- 12 mrad (+\/-40 MoA)<\/li>\n<li>R\u00e9solution de r\u00e9glage : 0,1 mrad ou 1\/4 MoA<\/li>\n<li>Plage de r\u00e9glage de la parallaxe : 50 m \u00e0 l&rsquo;infini<\/li>\n<\/ul>\n<h2>Durabilit\u00e9 :<\/h2>\n<p>La TT315M est con\u00e7ue pour r\u00e9sister aux conditions difficiles, \u00e9tant \u00e9tanche pendant 4 heures \u00e0 10 m\u00e8tres et r\u00e9sistante aux chocs jusqu&rsquo;\u00e0 700 g sur 10 000 cycles. Son ext\u00e9rieur pr\u00e9sente une finition anodis\u00e9e de type II mate pour une protection suppl\u00e9mentaire.<\/p>\n<h2>Accessoires inclus :<\/h2>\n<p>Les couvercles de lentille Tenebraex et l&rsquo;ARD (dispositif anti-r\u00e9flexion) sont inclus comme accessoires standard.<\/p>\n<\/div>\n","protected":false},"excerpt":{"rendered":"<p>Lunette de pr\u00e9cision 3-15x50mm pour tireurs d&rsquo;\u00e9lite. Image optimale, but\u00e9e de z\u00e9ro, r\u00e9ticule illumin\u00e9.<\/p>\n","protected":false},"featured_media":167613,"template":"","meta":{"_acf_changed":false},"product_brand":[11886],"product_cat":[12137,12169],"product_tag":[],"class_list":{"0":"post-84510","1":"product","2":"type-product","3":"status-publish","4":"has-post-thumbnail","6":"product_brand-tangent-theta","7":"product_cat-optiques-grossissantes","8":"product_cat-visee","10":"first","11":"instock","12":"taxable","13":"shipping-taxable","14":"purchasable","15":"product-type-variable","16":"wvs-archive-product-wrapper"},"acf":[],"_links":{"self":[{"href":"https:\/\/staging.nbg.eu\/fr\/wp-json\/wp\/v2\/product\/84510","targetHints":{"allow":["GET"]}}],"collection":[{"href":"https:\/\/staging.nbg.eu\/fr\/wp-json\/wp\/v2\/product"}],"about":[{"href":"https:\/\/staging.nbg.eu\/fr\/wp-json\/wp\/v2\/types\/product"}],"wp:featuredmedia":[{"embeddable":true,"href":"https:\/\/staging.nbg.eu\/fr\/wp-json\/wp\/v2\/media\/167613"}],"wp:attachment":[{"href":"https:\/\/staging.nbg.eu\/fr\/wp-json\/wp\/v2\/media?parent=84510"}],"wp:term":[{"taxonomy":"product_brand","embeddable":true,"href":"https:\/\/staging.nbg.eu\/fr\/wp-json\/wp\/v2\/product_brand?post=84510"},{"taxonomy":"product_cat","embeddable":true,"href":"https:\/\/staging.nbg.eu\/fr\/wp-json\/wp\/v2\/product_cat?post=84510"},{"taxonomy":"product_tag","embeddable":true,"href":"https:\/\/staging.nbg.eu\/fr\/wp-json\/wp\/v2\/product_tag?post=84510"}],"curies":[{"name":"wp","href":"https:\/\/api.w.org\/{rel}","templated":true}]}}