{"id":83643,"date":"2024-11-02T06:43:16","date_gmt":"2024-11-02T06:43:16","guid":{"rendered":"https:\/\/staging.nbg.eu\/product\/sons-of-liberty-gun-works-ar-15-buffer-h3\/"},"modified":"2024-12-17T13:05:29","modified_gmt":"2024-12-17T13:05:29","slug":"sons-of-liberty-gun-works-tampon-ar-15-h3","status":"publish","type":"product","link":"https:\/\/staging.nbg.eu\/fr\/produit\/sons-of-liberty-gun-works-tampon-ar-15-h3\/","title":{"rendered":"Sons of Liberty Gun Works &#8211; Tampon AR 15 H3"},"content":{"rendered":"<div class=\"product-description\">\n<h2>Sons of Liberty Gun Works &#8211; Tampon H3 pour AR-15<\/h2>\n<p>Le tampon SOLGW H3 est con\u00e7u pour am\u00e9liorer le fonctionnement de votre AR-15. Fabriqu\u00e9 selon des tol\u00e9rances pr\u00e9cises, cette pi\u00e8ce de rechange assure une fonctionnalit\u00e9 optimale pour votre arme \u00e0 feu.<\/p>\n<ul>\n<li>Compatible avec tous les mod\u00e8les AR-15<\/li>\n<li>Poids : 5.4 oz<\/li>\n<li>Dimensions : 1 pouce<\/li>\n<li>Marquage clair pour une identification facile du poids<\/li>\n<\/ul>\n<p>Ce tampon aide \u00e0 maintenir la fiabilit\u00e9 et le bon fonctionnement de votre AR-15. Le tampon SOLGW H3 est con\u00e7u pour r\u00e9duire le recul ressenti et am\u00e9liorer le cycle de tir.<\/p>\n<p>Sons of Liberty Gun Works propose des produits de qualit\u00e9 pour les armes \u00e0 feu.<\/p>\n<\/div>\n","protected":false},"excerpt":{"rendered":"<p>Tampon Sons of Liberty H3 pour AR-15 : Pr\u00e9cis, durable, poids de 153 grammes.<\/p>\n","protected":false},"featured_media":76322,"template":"","meta":{"_acf_changed":false},"product_brand":[],"product_cat":[12142],"product_tag":[],"class_list":{"0":"post-83643","1":"product","2":"type-product","3":"status-publish","4":"has-post-thumbnail","6":"product_cat-tuning-carabine","8":"first","9":"outofstock","10":"taxable","11":"shipping-taxable","12":"purchasable","13":"product-type-simple"},"acf":[],"_links":{"self":[{"href":"https:\/\/staging.nbg.eu\/fr\/wp-json\/wp\/v2\/product\/83643","targetHints":{"allow":["GET"]}}],"collection":[{"href":"https:\/\/staging.nbg.eu\/fr\/wp-json\/wp\/v2\/product"}],"about":[{"href":"https:\/\/staging.nbg.eu\/fr\/wp-json\/wp\/v2\/types\/product"}],"wp:featuredmedia":[{"embeddable":true,"href":"https:\/\/staging.nbg.eu\/fr\/wp-json\/wp\/v2\/media\/76322"}],"wp:attachment":[{"href":"https:\/\/staging.nbg.eu\/fr\/wp-json\/wp\/v2\/media?parent=83643"}],"wp:term":[{"taxonomy":"product_brand","embeddable":true,"href":"https:\/\/staging.nbg.eu\/fr\/wp-json\/wp\/v2\/product_brand?post=83643"},{"taxonomy":"product_cat","embeddable":true,"href":"https:\/\/staging.nbg.eu\/fr\/wp-json\/wp\/v2\/product_cat?post=83643"},{"taxonomy":"product_tag","embeddable":true,"href":"https:\/\/staging.nbg.eu\/fr\/wp-json\/wp\/v2\/product_tag?post=83643"}],"curies":[{"name":"wp","href":"https:\/\/api.w.org\/{rel}","templated":true}]}}