{"id":83621,"date":"2024-11-27T08:29:48","date_gmt":"2024-11-27T08:29:48","guid":{"rendered":"https:\/\/staging.nbg.eu\/product\/geissele-ak-trigger-ultimate-with-lightning-bow-akt-ul\/"},"modified":"2024-12-17T12:30:29","modified_gmt":"2024-12-17T12:30:29","slug":"detente-ak-geissele-ultimate-avec-lightning-bow-akt-ul","status":"publish","type":"product","link":"https:\/\/staging.nbg.eu\/fr\/produit\/detente-ak-geissele-ultimate-avec-lightning-bow-akt-ul\/","title":{"rendered":"D\u00e9tente AK Geissele Ultimate avec Lightning Bow (AKT-UL)"},"content":{"rendered":"<div class=\"product-description\">\n<h2>D\u00e9tente Geissele AK Ultimate avec arc Lightning (AKT-UL)<\/h2>\n<p>Am\u00e9liorez votre AK47 ou AK74 avec la d\u00e9tente ALG AK Ultimate avec arc Lightning (AKT-UL). Cette d\u00e9tente mono-\u00e9tage offre :<\/p>\n<ul>\n<li>Course plus courte et r\u00e9armement plus net pour une meilleure pr\u00e9cision<\/li>\n<li>Usin\u00e9e en acier alli\u00e9 de haute qualit\u00e9<\/li>\n<li>Design d&rsquo;arc Lightning pour un meilleur contr\u00f4le<\/li>\n<li>Fabriqu\u00e9e aux \u00c9tats-Unis, contribuant \u00e0 la conformit\u00e9 922(r)<\/li>\n<\/ul>\n<p>Adapt\u00e9e au tir de pr\u00e9cision et au tir sur cible, l&rsquo;AKT-UL offre une exp\u00e9rience de tir am\u00e9lior\u00e9e. Note : Installation professionnelle recommand\u00e9e en raison d&rsquo;ajustements potentiels. Non compatible avec les variantes en calibre 12 et 308 \/ 7,62x54r.<\/p>\n<\/div>\n","protected":false},"excerpt":{"rendered":"<p>G\u00e2chette AK de pr\u00e9cision avec arc Lightning pour un contr\u00f4le et une sensation am\u00e9lior\u00e9s.<\/p>\n","protected":false},"featured_media":82190,"template":"","meta":{"_acf_changed":false},"product_brand":[],"product_cat":[12130,12193,12127,12142],"product_tag":[],"class_list":{"0":"post-83621","1":"product","2":"type-product","3":"status-publish","4":"has-post-thumbnail","6":"product_cat-detentes","7":"product_cat-fusil","8":"product_cat-tuning-ak","9":"product_cat-tuning-carabine","11":"first","12":"instock","13":"taxable","14":"shipping-taxable","15":"product-type-simple"},"acf":[],"_links":{"self":[{"href":"https:\/\/staging.nbg.eu\/fr\/wp-json\/wp\/v2\/product\/83621","targetHints":{"allow":["GET"]}}],"collection":[{"href":"https:\/\/staging.nbg.eu\/fr\/wp-json\/wp\/v2\/product"}],"about":[{"href":"https:\/\/staging.nbg.eu\/fr\/wp-json\/wp\/v2\/types\/product"}],"wp:featuredmedia":[{"embeddable":true,"href":"https:\/\/staging.nbg.eu\/fr\/wp-json\/wp\/v2\/media\/82190"}],"wp:attachment":[{"href":"https:\/\/staging.nbg.eu\/fr\/wp-json\/wp\/v2\/media?parent=83621"}],"wp:term":[{"taxonomy":"product_brand","embeddable":true,"href":"https:\/\/staging.nbg.eu\/fr\/wp-json\/wp\/v2\/product_brand?post=83621"},{"taxonomy":"product_cat","embeddable":true,"href":"https:\/\/staging.nbg.eu\/fr\/wp-json\/wp\/v2\/product_cat?post=83621"},{"taxonomy":"product_tag","embeddable":true,"href":"https:\/\/staging.nbg.eu\/fr\/wp-json\/wp\/v2\/product_tag?post=83621"}],"curies":[{"name":"wp","href":"https:\/\/api.w.org\/{rel}","templated":true}]}}